{"id":169,"date":"2016-09-15T08:49:59","date_gmt":"2016-09-15T05:49:59","guid":{"rendered":"http:\/\/www.safranbolutso.org.tr\/?page_id=169"},"modified":"2023-11-13T11:40:49","modified_gmt":"2023-11-13T08:40:49","slug":"yonetim-kurulu-uyeleri","status":"publish","type":"page","link":"https:\/\/www.safranbolutso.org.tr\/en\/oda-organlari-ve-komisyonlar\/yonetim-kurulu-uyeleri\/","title":{"rendered":"Y\u00f6netim Kurulu \u00dcyeleri"},"content":{"rendered":"\t\t<div data-elementor-type=\"wp-page\" data-elementor-id=\"169\" class=\"elementor elementor-169\" data-elementor-settings=\"[]\">\n\t\t\t<div class=\"elementor-inner\">\n\t\t\t\t<div class=\"elementor-section-wrap\">\n\t\t\t\t\t\t\t<section class=\"elementor-element elementor-element-0a1a425 elementor-section-boxed elementor-section-height-default elementor-section-height-default elementor-section elementor-top-section\" data-id=\"0a1a425\" data-element_type=\"section\">\n\t\t\t\t\t\t<div class=\"elementor-container elementor-column-gap-default\">\n\t\t\t\t<div class=\"elementor-row\">\n\t\t\t\t<div class=\"elementor-element elementor-element-10ec4e2 elementor-column elementor-col-100 elementor-top-column\" data-id=\"10ec4e2\" data-element_type=\"column\">\n\t\t\t<div class=\"elementor-column-wrap  elementor-element-populated\">\n\t\t\t\t\t<div class=\"elementor-widget-wrap\">\n\t\t\t\t<div class=\"elementor-element elementor-element-397f704 elementor-widget elementor-widget-dyncontel-title\" data-id=\"397f704\" data-element_type=\"widget\" data-settings=\"{&quot;ekit_we_effect_on&quot;:&quot;none&quot;}\" data-widget_type=\"dyncontel-title.default\">\n\t\t\t\t<div class=\"elementor-widget-container\">\n\t\t\t<h1 class=\"dynamic-content-for-elementor-title \"><span class=\"dce-title\">Y\u00f6netim Kurulu \u00dcyeleri<\/span><\/h1>\t\t<\/div>\n\t\t\t\t<\/div>\n\t\t\t\t\t\t<\/div>\n\t\t\t<\/div>\n\t\t<\/div>\n\t\t\t\t\t\t<\/div>\n\t\t\t<\/div>\n\t\t<\/section>\n\t\t\t\t<section class=\"elementor-element elementor-element-134040f elementor-section-boxed elementor-section-height-default elementor-section-height-default elementor-section elementor-top-section\" data-id=\"134040f\" data-element_type=\"section\">\n\t\t\t\t\t\t<div class=\"elementor-container elementor-column-gap-default\">\n\t\t\t\t<div class=\"elementor-row\">\n\t\t\t\t<div class=\"elementor-element elementor-element-75d6680 elementor-column elementor-col-33 elementor-top-column\" data-id=\"75d6680\" data-element_type=\"column\">\n\t\t\t<div class=\"elementor-column-wrap\">\n\t\t\t\t\t<div class=\"elementor-widget-wrap\">\n\t\t\t\t\t\t<\/div>\n\t\t\t<\/div>\n\t\t<\/div>\n\t\t\t\t<div class=\"elementor-element elementor-element-13a7e5a elementor-column elementor-col-33 elementor-top-column\" data-id=\"13a7e5a\" data-element_type=\"column\">\n\t\t\t<div class=\"elementor-column-wrap  elementor-element-populated\">\n\t\t\t\t\t<div class=\"elementor-widget-wrap\">\n\t\t\t\t<div class=\"elementor-element elementor-element-704fd77 elementor-position-top elementor-vertical-align-top elementor-widget elementor-widget-image-box\" data-id=\"704fd77\" data-element_type=\"widget\" data-settings=\"{&quot;ekit_we_effect_on&quot;:&quot;none&quot;}\" data-widget_type=\"image-box.default\">\n\t\t\t\t<div class=\"elementor-widget-container\">\n\t\t\t<div class=\"elementor-image-box-wrapper\"><div class=\"elementor-image-box-content\"><p class=\"elementor-image-box-description\"><center><a data-size=\"800x533\" href=\"https:\/\/www.safranbolutso.org.tr\/wp-content\/uploads\/2022\/12\/erol_altuntepe.jpg\"><img src =\"https:\/\/www.safranbolutso.org.tr\/wp-content\/uploads\/2022\/12\/erol_altuntepe.jpg\" alt=\"\" \/><\/a><br\/>\nErol ALTUNTEPE<br\/>\n<b>Y\u00f6netim Kurulu Ba\u015fkan\u0131<\/b><br\/>\n<b>Firma<\/b>: Altuntepe Reklam Tan\u0131t\u0131m Organizasyon \u0130n\u015faat Mobilya Tekstil G\u0131da End\u00fcstriyel Temizlik ve Mutfak \u00dcr\u00fcnleri \u0130thalat \u0130hracat Sanayi ve Ticaret Anonim \u015eirketi<br\/><b>Adres:<\/b> Yeni Mahallesi \u015eehit Ertu\u011frul Mor 16\/C-D SAFRANBOLU<br\/>\nTel<\/b>: (370) 725 26 66<\/center><\/p><\/div><\/div>\t\t<\/div>\n\t\t\t\t<\/div>\n\t\t\t\t\t\t<\/div>\n\t\t\t<\/div>\n\t\t<\/div>\n\t\t\t\t<div class=\"elementor-element elementor-element-c94e195 elementor-column elementor-col-33 elementor-top-column\" data-id=\"c94e195\" data-element_type=\"column\">\n\t\t\t<div class=\"elementor-column-wrap\">\n\t\t\t\t\t<div class=\"elementor-widget-wrap\">\n\t\t\t\t\t\t<\/div>\n\t\t\t<\/div>\n\t\t<\/div>\n\t\t\t\t\t\t<\/div>\n\t\t\t<\/div>\n\t\t<\/section>\n\t\t\t\t<section class=\"elementor-element elementor-element-76e7391 elementor-section-boxed elementor-section-height-default elementor-section-height-default elementor-section elementor-top-section\" data-id=\"76e7391\" data-element_type=\"section\">\n\t\t\t\t\t\t<div class=\"elementor-container elementor-column-gap-default\">\n\t\t\t\t<div class=\"elementor-row\">\n\t\t\t\t<div class=\"elementor-element elementor-element-7b0da97 elementor-column elementor-col-33 elementor-top-column\" data-id=\"7b0da97\" data-element_type=\"column\">\n\t\t\t<div class=\"elementor-column-wrap  elementor-element-populated\">\n\t\t\t\t\t<div class=\"elementor-widget-wrap\">\n\t\t\t\t<div class=\"elementor-element elementor-element-be1d9e6 elementor-position-top elementor-vertical-align-top elementor-widget elementor-widget-image-box\" data-id=\"be1d9e6\" data-element_type=\"widget\" data-settings=\"{&quot;ekit_we_effect_on&quot;:&quot;none&quot;}\" data-widget_type=\"image-box.default\">\n\t\t\t\t<div class=\"elementor-widget-container\">\n\t\t\t<div class=\"elementor-image-box-wrapper\"><div class=\"elementor-image-box-content\"><p class=\"elementor-image-box-description\"><center><a data-size=\"800x533\" href=\"https:\/\/www.safranbolutso.org.tr\/wp-content\/uploads\/2022\/12\/ismail_hayri_boyaci.jpg\"><img src =\"https:\/\/www.safranbolutso.org.tr\/wp-content\/uploads\/2022\/12\/ismail_hayri_boyaci.jpg\" alt=\"\" \/><\/a><br\/>\n\u0130smail Hayri BOYACI<br\/>\n<b>Y\u00f6netim Kurulu B\u015fk. Yrd.<\/b><br\/>\n<b>Firma<\/b>: Boyac\u0131o\u011flu Dekorasyon Tasar\u0131m Mob. \u0130m.San.Ve Tic. Ltd.\u015eti.    <br\/><b>Adres:<\/b> Emek Mh. Karab\u00fck Cd. Ate\u015f \u0130\u015f Merkezi Zemin Kat\/5 SAFRANBOLU<br\/>\nTel<\/b>: (370) 712 17 19<\/center><\/p><\/div><\/div>\t\t<\/div>\n\t\t\t\t<\/div>\n\t\t\t\t\t\t<\/div>\n\t\t\t<\/div>\n\t\t<\/div>\n\t\t\t\t<div class=\"elementor-element elementor-element-b04cbc7 elementor-column elementor-col-33 elementor-top-column\" data-id=\"b04cbc7\" data-element_type=\"column\">\n\t\t\t<div class=\"elementor-column-wrap\">\n\t\t\t\t\t<div class=\"elementor-widget-wrap\">\n\t\t\t\t\t\t<\/div>\n\t\t\t<\/div>\n\t\t<\/div>\n\t\t\t\t<div class=\"elementor-element elementor-element-ebeaa24 elementor-column elementor-col-33 elementor-top-column\" data-id=\"ebeaa24\" data-element_type=\"column\">\n\t\t\t<div class=\"elementor-column-wrap  elementor-element-populated\">\n\t\t\t\t\t<div class=\"elementor-widget-wrap\">\n\t\t\t\t<div class=\"elementor-element elementor-element-e71251c elementor-position-top elementor-vertical-align-top elementor-widget elementor-widget-image-box\" data-id=\"e71251c\" data-element_type=\"widget\" data-settings=\"{&quot;ekit_we_effect_on&quot;:&quot;none&quot;}\" data-widget_type=\"image-box.default\">\n\t\t\t\t<div class=\"elementor-widget-container\">\n\t\t\t<div class=\"elementor-image-box-wrapper\"><div class=\"elementor-image-box-content\"><p class=\"elementor-image-box-description\"><center><a data-size=\"800x533\" href=\"https:\/\/www.safranbolutso.org.tr\/wp-content\/uploads\/2022\/12\/huseyin_yalcin.jpg\"><img src =\"https:\/\/www.safranbolutso.org.tr\/wp-content\/uploads\/2022\/12\/huseyin_yalcin.jpg\" alt=\"\" \/><\/a><br\/>\nH\u00fcseyin YAL\u00c7IN<br\/>\n<b>Y\u00f6netim Kurulu B\u015fk. Yrd.<\/b><br\/>\n<b>Firma<\/b>: BOSS Cafe Restoran Sinema \u0130\u015fletmecili\u011fi<br\/><b>Adres:<\/b> Atat\u00fcrk Mahallesi No:46-47-48-49-50 Ata \u0130\u015f Merkezi Kat:3 SAFRANBOLU<br\/>\nTel<\/b>: (370) 712 51 52<\/center><\/p><\/div><\/div>\t\t<\/div>\n\t\t\t\t<\/div>\n\t\t\t\t\t\t<\/div>\n\t\t\t<\/div>\n\t\t<\/div>\n\t\t\t\t\t\t<\/div>\n\t\t\t<\/div>\n\t\t<\/section>\n\t\t\t\t<section class=\"elementor-element elementor-element-87bda01 elementor-section-boxed elementor-section-height-default elementor-section-height-default elementor-section elementor-top-section\" data-id=\"87bda01\" data-element_type=\"section\">\n\t\t\t\t\t\t<div class=\"elementor-container elementor-column-gap-default\">\n\t\t\t\t<div class=\"elementor-row\">\n\t\t\t\t<div class=\"elementor-element elementor-element-72bb000 elementor-column elementor-col-33 elementor-top-column\" data-id=\"72bb000\" data-element_type=\"column\">\n\t\t\t<div class=\"elementor-column-wrap  elementor-element-populated\">\n\t\t\t\t\t<div class=\"elementor-widget-wrap\">\n\t\t\t\t<div class=\"elementor-element elementor-element-5dae204 elementor-position-top elementor-vertical-align-top elementor-widget elementor-widget-image-box\" data-id=\"5dae204\" data-element_type=\"widget\" data-settings=\"{&quot;ekit_we_effect_on&quot;:&quot;none&quot;}\" data-widget_type=\"image-box.default\">\n\t\t\t\t<div class=\"elementor-widget-container\">\n\t\t\t<div class=\"elementor-image-box-wrapper\"><div class=\"elementor-image-box-content\"><p class=\"elementor-image-box-description\"><center><a data-size=\"800x533\" href=\"https:\/\/www.safranbolutso.org.tr\/wp-content\/uploads\/2022\/12\/fatih_namal.jpg\"><img src =\"https:\/\/www.safranbolutso.org.tr\/wp-content\/uploads\/2022\/12\/fatih_namal.jpg\" alt=\"\" \/><\/a><br\/>\nFatih NAMAL<br\/>\n<b>Y\u00f6netim Kurulu \u00dcyesi<\/b><br\/>\n<b>Firma<\/b>: Evin Market\u00e7ilik G\u0131da \u0130n\u015faat Sanayi ve Ticaret Limited \u015eirketi <br\/><b>Adres:<\/b> Yeni Mahallesi Sadri Artu\u00e7 Caddesi No:25 Hikmet Namal \u00c7ar\u015f\u0131s\u0131 C Blok SAFRANBOLU\n<br\/>\nTel<\/b>: (370) 412 68 54<\/center><\/p><\/div><\/div>\t\t<\/div>\n\t\t\t\t<\/div>\n\t\t\t\t\t\t<\/div>\n\t\t\t<\/div>\n\t\t<\/div>\n\t\t\t\t<div class=\"elementor-element elementor-element-607566b elementor-column elementor-col-33 elementor-top-column\" data-id=\"607566b\" data-element_type=\"column\">\n\t\t\t<div class=\"elementor-column-wrap  elementor-element-populated\">\n\t\t\t\t\t<div class=\"elementor-widget-wrap\">\n\t\t\t\t<div class=\"elementor-element elementor-element-22839cb elementor-position-top elementor-vertical-align-top elementor-widget elementor-widget-image-box\" data-id=\"22839cb\" data-element_type=\"widget\" data-settings=\"{&quot;ekit_we_effect_on&quot;:&quot;none&quot;}\" data-widget_type=\"image-box.default\">\n\t\t\t\t<div class=\"elementor-widget-container\">\n\t\t\t<div class=\"elementor-image-box-wrapper\"><div class=\"elementor-image-box-content\"><p class=\"elementor-image-box-description\"><center><a data-size=\"800x533\" href=\"https:\/\/www.safranbolutso.org.tr\/wp-content\/uploads\/2022\/12\/ufuk_akkus.jpg\"><img src =\"https:\/\/www.safranbolutso.org.tr\/wp-content\/uploads\/2022\/12\/ufuk_akkus.jpg\" alt=\"\" \/><\/a><br\/>\nUfuk AKKU\u015e <br\/>\n<b>Y\u00f6netim Kurulu \u00dcyesi<\/b><br\/>\n<b>Firma<\/b>: \u00c7a\u011fan Sigorta Arac\u0131l\u0131k Hizm.          <br\/><b>Adres:<\/b> Sadri Artu\u00e7 Cd. Co\u015fkun Pasaj\u0131 K:1 SAFRANBOLU<br\/>\nTel<\/b>: (370) 712 44 20<\/center><\/p><\/div><\/div>\t\t<\/div>\n\t\t\t\t<\/div>\n\t\t\t\t\t\t<\/div>\n\t\t\t<\/div>\n\t\t<\/div>\n\t\t\t\t<div class=\"elementor-element elementor-element-6a490ef elementor-column elementor-col-33 elementor-top-column\" data-id=\"6a490ef\" data-element_type=\"column\">\n\t\t\t<div class=\"elementor-column-wrap  elementor-element-populated\">\n\t\t\t\t\t<div class=\"elementor-widget-wrap\">\n\t\t\t\t<div class=\"elementor-element elementor-element-711dc32 elementor-position-top elementor-vertical-align-top elementor-widget elementor-widget-image-box\" data-id=\"711dc32\" data-element_type=\"widget\" data-settings=\"{&quot;ekit_we_effect_on&quot;:&quot;none&quot;}\" data-widget_type=\"image-box.default\">\n\t\t\t\t<div class=\"elementor-widget-container\">\n\t\t\t<div class=\"elementor-image-box-wrapper\"><div class=\"elementor-image-box-content\"><p class=\"elementor-image-box-description\"><center><a data-size=\"800x533\" href=\"https:\/\/www.safranbolutso.org.tr\/wp-content\/uploads\/2022\/12\/eyup_ozturk.jpg\"><img src =\"https:\/\/www.safranbolutso.org.tr\/wp-content\/uploads\/2022\/12\/eyup_ozturk.jpg\" alt=\"\" \/><\/a><br\/>\nEy\u00fcp \u00d6ZT\u00dcRK<br\/>\n<b>Y\u00f6netim Kurulu \u00dcyesi<\/b><br\/>\n<b>Firma<\/b>: Asmar G\u0131da Et Tavuk \u00dcr\u00fcn. Bes. Tur. \u0130n\u015f. Nak. San.Ve Tic.Ltd.\u015eti.    <br\/><b>Adres:<\/b> Atat\u00fcrk Mah. Cumhuriyet Cad. No:2 SAFRANBOLU<br\/>\nTel<\/b>: (370) 712 13 52<\/center><\/p><\/div><\/div>\t\t<\/div>\n\t\t\t\t<\/div>\n\t\t\t\t\t\t<\/div>\n\t\t\t<\/div>\n\t\t<\/div>\n\t\t\t\t\t\t<\/div>\n\t\t\t<\/div>\n\t\t<\/section>\n\t\t\t\t<section class=\"elementor-element elementor-element-dc70146 elementor-section-boxed elementor-section-height-default elementor-section-height-default elementor-section elementor-top-section\" data-id=\"dc70146\" data-element_type=\"section\">\n\t\t\t\t\t\t<div class=\"elementor-container elementor-column-gap-default\">\n\t\t\t\t<div class=\"elementor-row\">\n\t\t\t\t<div class=\"elementor-element elementor-element-89b9fd0 elementor-column elementor-col-33 elementor-top-column\" data-id=\"89b9fd0\" data-element_type=\"column\">\n\t\t\t<div class=\"elementor-column-wrap  elementor-element-populated\">\n\t\t\t\t\t<div class=\"elementor-widget-wrap\">\n\t\t\t\t<div class=\"elementor-element elementor-element-be361c6 elementor-position-top elementor-vertical-align-top elementor-widget elementor-widget-image-box\" data-id=\"be361c6\" data-element_type=\"widget\" data-settings=\"{&quot;ekit_we_effect_on&quot;:&quot;none&quot;}\" data-widget_type=\"image-box.default\">\n\t\t\t\t<div class=\"elementor-widget-container\">\n\t\t\t<div class=\"elementor-image-box-wrapper\"><div class=\"elementor-image-box-content\"><p class=\"elementor-image-box-description\"><center><a data-size=\"800x533\" href=\"https:\/\/www.safranbolutso.org.tr\/wp-content\/uploads\/2022\/12\/fehmi_erdogan.jpg\"><img src =\"https:\/\/www.safranbolutso.org.tr\/wp-content\/uploads\/2022\/12\/fehmi_erdogan.jpg\" alt=\"\" \/><\/a><br\/>\nFehmi ERDO\u011eAN<br\/>\n<b>Y\u00f6netim Kurulu \u00dcyesi<\/b><br\/>\n<b>Firma<\/b>: Erdo\u011fanlar G\u0131da \u0130n\u015faat Nakliyat Motorlu Ara\u00e7lar Pazarlama Sanayi ve Tic. Ltd. \u015eti.<br\/><b>Adres:<\/b> Kar\u0131t K\u00f6y\u00fc Safranbolu K\u00fc\u00e7\u00fck Sanayi Sitesi O 1 Blok SAFRANBOLU<br\/>\nTel<\/b>: (370) 741 27 15<\/center><\/p><\/div><\/div>\t\t<\/div>\n\t\t\t\t<\/div>\n\t\t\t\t\t\t<\/div>\n\t\t\t<\/div>\n\t\t<\/div>\n\t\t\t\t<div class=\"elementor-element elementor-element-e4445b7 elementor-column elementor-col-33 elementor-top-column\" data-id=\"e4445b7\" data-element_type=\"column\">\n\t\t\t<div class=\"elementor-column-wrap\">\n\t\t\t\t\t<div class=\"elementor-widget-wrap\">\n\t\t\t\t\t\t<\/div>\n\t\t\t<\/div>\n\t\t<\/div>\n\t\t\t\t<div class=\"elementor-element elementor-element-c798439 elementor-column elementor-col-33 elementor-top-column\" data-id=\"c798439\" data-element_type=\"column\">\n\t\t\t<div class=\"elementor-column-wrap\">\n\t\t\t\t\t<div class=\"elementor-widget-wrap\">\n\t\t\t\t\t\t<\/div>\n\t\t\t<\/div>\n\t\t<\/div>\n\t\t\t\t\t\t<\/div>\n\t\t\t<\/div>\n\t\t<\/section>\n\t\t\t\t\t\t<\/div>\n\t\t\t<\/div>\n\t\t<\/div>\n\t\t","protected":false},"excerpt":{"rendered":"<p>Y\u00f6netim Kurulu \u00dcyeleri Erol ALTUNTEPE Y\u00f6netim Kurulu Ba\u015fkan\u0131 Firma: Altuntepe Reklam Tan\u0131t\u0131m Organizasyon \u0130n\u015faat Mobilya Tekstil G\u0131da End\u00fcstriyel Temizlik ve Mutfak \u00dcr\u00fcnleri \u0130thalat \u0130hracat Sanayi ve Ticaret Anonim \u015eirketiAdres: Yeni Mahallesi \u015eehit Ertu\u011frul Mor 16\/C-D SAFRANBOLU Tel: (370) 725 26 66 \u0130smail Hayri BOYACI Y\u00f6netim Kurulu B\u015fk. Yrd. Firma: Boyac\u0131o\u011flu Dekorasyon Tasar\u0131m Mob. \u0130m.San.Ve Tic. [&hellip;]<\/p>\n","protected":false},"author":1,"featured_media":0,"parent":8171,"menu_order":0,"comment_status":"closed","ping_status":"closed","template":"elementor_header_footer","meta":{"footnotes":""},"class_list":["post-169","page","type-page","status-publish","hentry"],"_links":{"self":[{"href":"https:\/\/www.safranbolutso.org.tr\/en\/wp-json\/wp\/v2\/pages\/169","targetHints":{"allow":["GET"]}}],"collection":[{"href":"https:\/\/www.safranbolutso.org.tr\/en\/wp-json\/wp\/v2\/pages"}],"about":[{"href":"https:\/\/www.safranbolutso.org.tr\/en\/wp-json\/wp\/v2\/types\/page"}],"author":[{"embeddable":true,"href":"https:\/\/www.safranbolutso.org.tr\/en\/wp-json\/wp\/v2\/users\/1"}],"replies":[{"embeddable":true,"href":"https:\/\/www.safranbolutso.org.tr\/en\/wp-json\/wp\/v2\/comments?post=169"}],"version-history":[{"count":0,"href":"https:\/\/www.safranbolutso.org.tr\/en\/wp-json\/wp\/v2\/pages\/169\/revisions"}],"up":[{"embeddable":true,"href":"https:\/\/www.safranbolutso.org.tr\/en\/wp-json\/wp\/v2\/pages\/8171"}],"wp:attachment":[{"href":"https:\/\/www.safranbolutso.org.tr\/en\/wp-json\/wp\/v2\/media?parent=169"}],"curies":[{"name":"wp","href":"https:\/\/api.w.org\/{rel}","templated":true}]}}