{"id":173,"date":"2016-09-15T08:50:35","date_gmt":"2016-09-15T05:50:35","guid":{"rendered":"http:\/\/www.safranbolutso.org.tr\/?page_id=173"},"modified":"2020-03-12T22:33:29","modified_gmt":"2020-03-12T19:33:29","slug":"disiplin-kurulu-uyeleri","status":"publish","type":"page","link":"https:\/\/www.safranbolutso.org.tr\/en\/oda-organlari-ve-komisyonlar\/disiplin-kurulu-uyeleri\/","title":{"rendered":"Disiplin Kurulu \u00dcyeleri"},"content":{"rendered":"<p><span style=\"text-decoration: underline;\">D\u0130S\u0130PL\u0130N KURULU \u00dcYELER\u0130<\/span><\/p>\n<p>&nbsp;<\/p>\n<p>HASAN CEMAL \u015eAH\u0130N D\u0130S\u0130PL\u0130N KURULU BA\u015eKANI<\/p>\n<p>ALAATT\u0130N ARAL D\u0130SPL\u0130N KURULU \u00dcYES\u0130<\/p>\n<p>MEHMET BAK\u0130 DUVAN D\u0130S\u0130PL\u0130N KURULU \u00dcYES\u0130<\/p>\n<p>AZ\u0130Z ALTINOK D\u0130S\u0130PL\u0130N KURULU \u00dcYES\u0130<\/p>\n<p>NUR\u0130 BAYKAL D\u0130S\u0130PL\u0130N KURULU \u00dcYES\u0130<\/p>\n<p>M.ERHAN \u0130Y\u0130G\u00dcNLER<\/p>","protected":false},"excerpt":{"rendered":"<p>D\u0130S\u0130PL\u0130N KURULU \u00dcYELER\u0130 &nbsp; HASAN CEMAL \u015eAH\u0130N D\u0130S\u0130PL\u0130N KURULU BA\u015eKANI ALAATT\u0130N ARAL D\u0130SPL\u0130N KURULU \u00dcYES\u0130 MEHMET BAK\u0130 DUVAN D\u0130S\u0130PL\u0130N KURULU \u00dcYES\u0130 AZ\u0130Z ALTINOK D\u0130S\u0130PL\u0130N KURULU \u00dcYES\u0130 NUR\u0130 BAYKAL D\u0130S\u0130PL\u0130N KURULU \u00dcYES\u0130 M.ERHAN \u0130Y\u0130G\u00dcNLER<\/p>\n","protected":false},"author":1,"featured_media":0,"parent":8171,"menu_order":0,"comment_status":"closed","ping_status":"closed","template":"","meta":{"footnotes":""},"class_list":["post-173","page","type-page","status-publish","hentry"],"_links":{"self":[{"href":"https:\/\/www.safranbolutso.org.tr\/en\/wp-json\/wp\/v2\/pages\/173","targetHints":{"allow":["GET"]}}],"collection":[{"href":"https:\/\/www.safranbolutso.org.tr\/en\/wp-json\/wp\/v2\/pages"}],"about":[{"href":"https:\/\/www.safranbolutso.org.tr\/en\/wp-json\/wp\/v2\/types\/page"}],"author":[{"embeddable":true,"href":"https:\/\/www.safranbolutso.org.tr\/en\/wp-json\/wp\/v2\/users\/1"}],"replies":[{"embeddable":true,"href":"https:\/\/www.safranbolutso.org.tr\/en\/wp-json\/wp\/v2\/comments?post=173"}],"version-history":[{"count":0,"href":"https:\/\/www.safranbolutso.org.tr\/en\/wp-json\/wp\/v2\/pages\/173\/revisions"}],"up":[{"embeddable":true,"href":"https:\/\/www.safranbolutso.org.tr\/en\/wp-json\/wp\/v2\/pages\/8171"}],"wp:attachment":[{"href":"https:\/\/www.safranbolutso.org.tr\/en\/wp-json\/wp\/v2\/media?parent=173"}],"curies":[{"name":"wp","href":"https:\/\/api.w.org\/{rel}","templated":true}]}}