{"id":175,"date":"2016-09-15T08:50:44","date_gmt":"2016-09-15T05:50:44","guid":{"rendered":"http:\/\/www.safranbolutso.org.tr\/?page_id=175"},"modified":"2023-11-10T15:20:10","modified_gmt":"2023-11-10T12:20:10","slug":"hesaplari-inceleme-komisyonu-uyeleri","status":"publish","type":"page","link":"https:\/\/www.safranbolutso.org.tr\/en\/oda-organlari-ve-komisyonlar\/hesaplari-inceleme-komisyonu-uyeleri\/","title":{"rendered":"Hesaplar\u0131 \u0130nceleme Komisyonu \u00dcyeleri"},"content":{"rendered":"<p><span style=\"text-decoration: underline;\">HESAPLARI \u0130NCELEME KOM\u0130SYONU \u00dcYELER\u0130<\/span><\/p>\n<p>&nbsp;<\/p>\n<p>\u0130SMA\u0130L HAYR\u0130 BOYACI HESAPLARI\u00a0 \u0130NCELEME KOM\u0130SYONU BA\u015eKANI<\/p>\n<p>AHMET SAVA\u015e HESAPLARI \u0130NCELEME KOM\u0130SYONU BA\u015eKAN YARDIMCISI<\/p>\n<p>CENG\u0130Z \u00dcNAL HESAPLARI \u0130NCELEME KOM\u0130SYONU \u00dcYES\u0130<\/p>\n<p>&nbsp;<\/p>","protected":false},"excerpt":{"rendered":"<p>HESAPLARI \u0130NCELEME KOM\u0130SYONU \u00dcYELER\u0130 &nbsp; \u0130SMA\u0130L HAYR\u0130 BOYACI HESAPLARI\u00a0 \u0130NCELEME KOM\u0130SYONU BA\u015eKANI AHMET SAVA\u015e HESAPLARI \u0130NCELEME KOM\u0130SYONU BA\u015eKAN YARDIMCISI CENG\u0130Z \u00dcNAL HESAPLARI \u0130NCELEME KOM\u0130SYONU \u00dcYES\u0130 &nbsp;<\/p>\n","protected":false},"author":1,"featured_media":0,"parent":8171,"menu_order":0,"comment_status":"closed","ping_status":"closed","template":"","meta":{"footnotes":""},"class_list":["post-175","page","type-page","status-publish","hentry"],"_links":{"self":[{"href":"https:\/\/www.safranbolutso.org.tr\/en\/wp-json\/wp\/v2\/pages\/175","targetHints":{"allow":["GET"]}}],"collection":[{"href":"https:\/\/www.safranbolutso.org.tr\/en\/wp-json\/wp\/v2\/pages"}],"about":[{"href":"https:\/\/www.safranbolutso.org.tr\/en\/wp-json\/wp\/v2\/types\/page"}],"author":[{"embeddable":true,"href":"https:\/\/www.safranbolutso.org.tr\/en\/wp-json\/wp\/v2\/users\/1"}],"replies":[{"embeddable":true,"href":"https:\/\/www.safranbolutso.org.tr\/en\/wp-json\/wp\/v2\/comments?post=175"}],"version-history":[{"count":0,"href":"https:\/\/www.safranbolutso.org.tr\/en\/wp-json\/wp\/v2\/pages\/175\/revisions"}],"up":[{"embeddable":true,"href":"https:\/\/www.safranbolutso.org.tr\/en\/wp-json\/wp\/v2\/pages\/8171"}],"wp:attachment":[{"href":"https:\/\/www.safranbolutso.org.tr\/en\/wp-json\/wp\/v2\/media?parent=175"}],"curies":[{"name":"wp","href":"https:\/\/api.w.org\/{rel}","templated":true}]}}