{"id":3820,"date":"2016-10-17T19:33:00","date_gmt":"2016-10-17T16:33:00","guid":{"rendered":"http:\/\/www.safranbolutso.org.tr\/?page_id=3820"},"modified":"2022-05-06T10:23:17","modified_gmt":"2022-05-06T07:23:17","slug":"kapasite-raporu","status":"publish","type":"page","link":"https:\/\/www.safranbolutso.org.tr\/en\/oda-islemleri\/kapasite-raporu\/","title":{"rendered":"Kapasite Raporu"},"content":{"rendered":"<p><strong>TOBB KAPAS\u0130TE RAPORLARININ D\u00dcZENLENMES\u0130 USUL VE ESASLARI\u00a0 UYARINCA KAPAS\u0130TE RAPORU D\u00dcZENLENECEK F\u0130RMALARDAN \u0130STEN\u0130LECEK BELGELER<\/strong><\/p>\n<p><u>Madde 10- Kapasite raporunun d\u00fczenlenece\u011fi i\u015fyeri i\u00e7in firmalardan a\u015fa\u011f\u0131da belirtilen bilgi ve belgeler talep edilir.<\/u><\/p>\n<ol>\n<li>Ba\u015fvuru formu doldurulup firma yetkilisi taraf\u0131ndan imzalanacak (Resmi kay\u0131tlara uygun olarak doldurulacak).<\/li>\n<li>Kapasite raporu talebinde bulunan ki\u015finin, firmay\u0131 temsile yetkili olduklar\u0131na dair imza sirk\u00fcleri asl\u0131 ya da noter tasdikli sureti, (Fotokopisi al\u0131n\u0131p, asl\u0131 geri iade edilecek)<\/li>\n<li>Mal sahibi ise i\u015fyerinin tapusu, tapu belgesi al\u0131nmam\u0131\u015fsa; Organize Sanayi B\u00f6lgelerinde tapu tahsis belgesi sureti,<\/li>\n<li>Kapasite raporu d\u00fczenlenecek i\u015fyerindeki sigortal\u0131 i\u015f\u00e7i say\u0131s\u0131na ili\u015fkin SGK onayl\u0131 belge ve i\u015fyeri SGK numaras\u0131,<\/li>\n<li>\u0130\u015fyerindeki makine ve te\u00e7hizat\u0131n mali m\u00fc\u015favir onayl\u0131 sermaye k\u0131ymetler de\u011feri,<\/li>\n<li>\u0130\u015fyerindeki makine ve te\u00e7hizat\u0131n firman\u0131n m\u00fclkiyetinde olup olmad\u0131\u011f\u0131n\u0131n tespiti i\u00e7in, mali m\u00fc\u015favir onayl\u0131 makine ve te\u00e7hizat demirba\u015f listesi,<\/li>\n<li>Kiral\u0131k olan bina, i\u015fyeri ve makine ve te\u00e7hizata (varsa ta\u015feron s\u00f6zle\u015fmesi, leasing s\u00f6zle\u015fmesi) ili\u015fkin ve ilgili taraflar\u0131n imza sirk\u00fclerlerinden imza kontrol\u00fc yap\u0131larak kontrol edilen kira s\u00f6zle\u015fmesi,<\/li>\n<li>Maden ocaklar\u0131nda maden ruhsat\u0131, ruhsat kiralanm\u0131\u015f ise kiralama veya r\u00f6dovans s\u00f6zle\u015fmesi,<\/li>\n<li>Kalite Belge ve sertifikalar\u0131n\u0131n listesi, istenilir ve (3), (7), (8) ve (9) inci bentlerinde say\u0131lan belgelerin as\u0131llar\u0131 kontrol edilerek bir suretleri dosyada muhafaza edilir.<\/li>\n<li>Kay\u0131tlarda olmayan makine ve te\u00e7hizat dikkate al\u0131nmaz. Proforma faturaya g\u00f6re kapasite raporu d\u00fczenlenmez.<\/li>\n<li>\u0130kinci el, faturas\u0131z, \u00f6zel imalat, ya da \u00e7ok eski vb. nedenlerle muhasebe kay\u0131tlar\u0131nda yer almayan fakat \u00fcretimde \u00f6nemli bir yere sahip makineler i\u00e7in Yeminli Mali M\u00fc\u015favir veya YMM olmamas\u0131 halinde Serbest Muhasebeci Mali M\u00fc\u015favir onayl\u0131 makine ve tesisat listesi dikkate al\u0131n\u0131r.<\/li>\n<li>Bu maddede say\u0131lan belgelerin elekronik imzal\u0131 olanlar\u0131 gerekli kontrolleri yap\u0131lmak suretiyle kabul edilir.<\/li>\n<\/ol>\n<p>&nbsp;<\/p>\n<p><strong><u>Makine ve te\u00e7hizat durumu<\/u><\/strong><\/p>\n<p>Madde 11-(1) &#8211; Bir i\u015fyerine kapasite raporu d\u00fczenlenebilmesi i\u00e7in makine ve te\u00e7hizat\u0131n i\u015fyerinde kurulu ve \u00e7al\u0131\u015fabilir vaziyette olmas\u0131 gerekir.<\/p>\n<p>&nbsp;<\/p>\n<p><u><strong>Madeni Ya\u011f \u0130malat\u00e7\u0131lar\u0131n\u0131n Ayr\u0131ca Haz\u0131rlamas\u0131 Gereken Belgeler<\/strong><\/u><\/p>\n<ol>\n<li>\u201cMadeni Ya\u011f Tesislerinde \u00dcretim Yetkinlik De\u011ferlendirmesi\u201d formunda B)\u00dcR\u00dcN \u00c7E\u015e\u0130TL\u0130L\u0130\u011e\u0130 b\u00f6l\u00fcm\u00fc muhasebeci taraf\u0131ndan doldurulup onaylanacak.<\/li>\n<li>Sorumlu M\u00fchendis S\u00f6zle\u015fmesi fotokopisi (Noterden yap\u0131lm\u0131\u015f ve tam g\u00fcn-tam y\u0131l \u00e7al\u0131\u015fma s\u00f6zle\u015fmesi)<\/li>\n<li>EPDK Lisans Belgesi fotokopisi<\/li>\n<li>Laboratuar cihazlar\u0131n\u0131n kalibrasyon belgesi<\/li>\n<li>TSE Belgesi<\/li>\n<\/ol>\n<p><\/p>","protected":false},"excerpt":{"rendered":"<p>TOBB KAPAS\u0130TE RAPORLARININ D\u00dcZENLENMES\u0130 USUL VE ESASLARI\u00a0 UYARINCA KAPAS\u0130TE RAPORU D\u00dcZENLENECEK F\u0130RMALARDAN \u0130STEN\u0130LECEK BELGELER Madde 10- Kapasite raporunun d\u00fczenlenece\u011fi i\u015fyeri i\u00e7in firmalardan a\u015fa\u011f\u0131da belirtilen bilgi ve belgeler talep edilir. Ba\u015fvuru formu doldurulup firma yetkilisi taraf\u0131ndan imzalanacak (Resmi kay\u0131tlara uygun olarak doldurulacak). Kapasite raporu talebinde bulunan ki\u015finin, firmay\u0131 temsile yetkili olduklar\u0131na dair imza sirk\u00fcleri asl\u0131 ya [&hellip;]<\/p>\n","protected":false},"author":1,"featured_media":0,"parent":8182,"menu_order":0,"comment_status":"closed","ping_status":"closed","template":"","meta":{"footnotes":""},"class_list":["post-3820","page","type-page","status-publish","hentry"],"_links":{"self":[{"href":"https:\/\/www.safranbolutso.org.tr\/en\/wp-json\/wp\/v2\/pages\/3820","targetHints":{"allow":["GET"]}}],"collection":[{"href":"https:\/\/www.safranbolutso.org.tr\/en\/wp-json\/wp\/v2\/pages"}],"about":[{"href":"https:\/\/www.safranbolutso.org.tr\/en\/wp-json\/wp\/v2\/types\/page"}],"author":[{"embeddable":true,"href":"https:\/\/www.safranbolutso.org.tr\/en\/wp-json\/wp\/v2\/users\/1"}],"replies":[{"embeddable":true,"href":"https:\/\/www.safranbolutso.org.tr\/en\/wp-json\/wp\/v2\/comments?post=3820"}],"version-history":[{"count":0,"href":"https:\/\/www.safranbolutso.org.tr\/en\/wp-json\/wp\/v2\/pages\/3820\/revisions"}],"up":[{"embeddable":true,"href":"https:\/\/www.safranbolutso.org.tr\/en\/wp-json\/wp\/v2\/pages\/8182"}],"wp:attachment":[{"href":"https:\/\/www.safranbolutso.org.tr\/en\/wp-json\/wp\/v2\/media?parent=3820"}],"curies":[{"name":"wp","href":"https:\/\/api.w.org\/{rel}","templated":true}]}}