{"id":3822,"date":"2016-10-17T19:35:36","date_gmt":"2016-10-17T16:35:36","guid":{"rendered":"http:\/\/www.safranbolutso.org.tr\/?page_id=3822"},"modified":"2020-03-12T22:38:47","modified_gmt":"2020-03-12T19:38:47","slug":"ekspertiz-raporu","status":"publish","type":"page","link":"https:\/\/www.safranbolutso.org.tr\/en\/oda-islemleri\/ekspertiz-raporu\/","title":{"rendered":"Ekspertiz Raporu"},"content":{"rendered":"<table width=\"896\">\n<tbody>\n<tr>\n<td width=\"896\">Ekspertiz raporu tan\u0131m\u0131 ve zorunlu k\u0131lan mevzuat hangileridir?<\/td>\n<\/tr>\n<tr>\n<td width=\"896\"><\/td>\n<\/tr>\n<tr>\n<td width=\"896\">5174 say\u0131l\u0131 T\u00fcrkiye Odalar ve Borsalar Kanunu\u2019 nun 5. maddesi ve bu kanuna g\u00f6re \u00e7\u0131kart\u0131lan Oda Muamelat Y\u00f6netmeli\u011finin 41. maddesinde tan\u0131mlanan kapasite raporu d\u00fczenlenemeyecek g\u0131da maddesi \u00fcreten i\u015fyeri stat\u00fcs\u00fcnde olan yerlere 5174 say\u0131l\u0131 kanunun 26 ve Oda Muamelat Y\u00f6netmeli\u011fi\u2019 nin 27. maddesi uyar\u0131nca Odam\u0131z taraf\u0131ndan Ekspertiz Raporu d\u00fczenlenmekte ve onaylanmaktad\u0131r.<\/td>\n<\/tr>\n<tr>\n<td width=\"896\"><\/td>\n<\/tr>\n<tr>\n<td width=\"896\"><\/td>\n<\/tr>\n<tr>\n<td width=\"896\">Ekspertiz raporu hangi alanlarda kullan\u0131l\u0131r?<\/td>\n<\/tr>\n<tr>\n<td width=\"896\"><\/td>\n<\/tr>\n<tr>\n<td width=\"896\">Ekspertiz Raporu ile \u0130\u015fletmeler, Tar\u0131m ve K\u00f6y \u0130\u015fleri Bakanl\u0131\u011f\u0131\u2019 ndan G\u0131da Sicil Belgesi, ve ba\u011fl\u0131 bulundu\u011fu \u0130l\u00e7e Belediye Ba\u015fkanl\u0131klar\u0131\u2019 ndan \u00dcretim \u0130zni Belgesi\u2019 ni temin edebilirler.<\/td>\n<\/tr>\n<tr>\n<td width=\"896\"><\/td>\n<\/tr>\n<tr>\n<td width=\"896\">Ekspertiz raporu tanzim edilen sekt\u00f6rler hangileridir?<\/td>\n<\/tr>\n<tr>\n<td width=\"896\"><\/td>\n<\/tr>\n<tr>\n<td width=\"896\">G\u0131da maddelerinin tezgah, makine gibi muharrik kuvvet kullanmayan, seri halde veya standart \u00fcretim yapmay\u0131p elle \u00fcretim yapan ve \u00fcr\u00fcnlerini do\u011frudan t\u00fcketiciye satan i\u015fyerlerinden,<\/td>\n<\/tr>\n<tr>\n<td width=\"896\">\u00b7 Odunlu ta\u015f f\u0131r\u0131nlar,<\/td>\n<\/tr>\n<tr>\n<td width=\"896\">\u00b7 Elle paketleme, mekanik ve yar\u0131 otomatik dolum yapanlar (meyve,sebze, yumurta paketleme-shrinkleme, ya\u011f, bal dolumu v.b.)<\/td>\n<\/tr>\n<tr>\n<td width=\"896\">\u00b7 Elle k\u0131rm\u0131z\u0131\/beyaz et par\u00e7alama, ay\u0131klama, k\u0131yma, k\u00f6fte v.b. haz\u0131rlama,<\/td>\n<\/tr>\n<tr>\n<td width=\"896\">\u00b7 Kasaplar,<\/td>\n<\/tr>\n<tr>\n<td width=\"896\">\u00b7 So\u011fuk depolama (muhafaza) i\u015fleri (\u015foklama ve dondurulma i\u015flemi hari\u00e7)<\/td>\n<\/tr>\n<tr>\n<td width=\"896\">\u00b7 \u015eekerciler, lokumcular, pi\u015fmaniyeciler,<\/td>\n<\/tr>\n<tr>\n<td width=\"896\">\u00b7 Dondurmac\u0131lar,<\/td>\n<\/tr>\n<tr>\n<td width=\"896\">\u00b7 Yufka, kaday\u0131f\u00e7\u0131lar,<\/td>\n<\/tr>\n<tr>\n<td width=\"896\">\u00b7 Simit\u00e7iler,<\/td>\n<\/tr>\n<tr>\n<td width=\"896\">\u00b7 B\u00f6rek\u00e7iler,<\/td>\n<\/tr>\n<tr>\n<td width=\"896\">\u00b7 Mant\u0131, eri\u015fte, katmerciler,<\/td>\n<\/tr>\n<tr>\n<td width=\"896\">\u00b7 Pastaneler,<\/td>\n<\/tr>\n<tr>\n<td width=\"896\">\u00b7 Kuruyemi\u015f\u00e7iler,<\/td>\n<\/tr>\n<tr>\n<td width=\"896\">\u00b7 Tur\u015fucular, salamura yapanlar,(zeytin salamuralar\u0131 dahil)<\/td>\n<\/tr>\n<tr>\n<td width=\"896\">\u00b7 Marketlerdeki her t\u00fcrl\u00fc reyonlar (unlu mamuller, m\u00fc\u015fteri talebine g\u00f6re et haz\u0131rlanan reyonlar v.b.)<\/td>\n<\/tr>\n<tr>\n<td width=\"896\">\u00b7 Hayvan yeti\u015ftiricili\u011fi, (hayvan \u00fcretme \u00e7iftlikleri, k\u00fclt\u00fcr bal\u0131k\u00e7\u0131l\u0131\u011f\u0131, ar\u0131c\u0131l\u0131k v.b.)<\/td>\n<\/tr>\n<tr>\n<td width=\"896\">\u00b7 Her t\u00fcrl\u00fc tar\u0131msal \u00fcr\u00fcn bitki, meyve, sebze yeti\u015ftiricili\u011fi (seralar, tohum, fide, mantar, kompost, \u00e7i\u00e7ek v.b.)<\/td>\n<\/tr>\n<tr>\n<td width=\"896\">\u00b7 Bitki, sebze ve meyvelerin tabii halde kurutulmas\u0131,<\/td>\n<\/tr>\n<tr>\n<td width=\"896\">\u00b7 Yumurta, civciv \u00fcretimi,<\/td>\n<\/tr>\n<tr>\n<td width=\"896\">\u00b7 S\u00fct toplama tesisleri,<\/td>\n<\/tr>\n<tr>\n<td width=\"896\">\u00b7 Otel, motel, lokanta, d\u00f6nerci, pideci, pizzac\u0131, hamburgerci, k\u00f6fteciler,<\/td>\n<\/tr>\n<tr>\n<td width=\"896\">\u00b7 Elle kesim yap\u0131lan mezbahalara<\/td>\n<\/tr>\n<tr>\n<td width=\"896\">Kapasite raporu d\u00fczenlenemez. Bu konularda \u00fcretim yapan i\u015fletmelere Ekspertiz Raporu d\u00fczenlenmektedir.<\/td>\n<\/tr>\n<tr>\n<td width=\"896\"><\/td>\n<\/tr>\n<tr>\n<td width=\"896\">Ekspertiz raporu i\u00e7in nas\u0131l ba\u015fvurulur?<\/td>\n<\/tr>\n<tr>\n<td width=\"896\"><\/td>\n<\/tr>\n<tr>\n<td width=\"896\">Odam\u0131z internet adresinden Dilek\u00e7e \u00f6rnekleri b\u00f6l\u00fcm\u00fcnden temin edilen ekspertiz raporu talep formu ile s\u00f6z konusu formda istenen evrak ile birlikte Odam\u0131za ba\u015fvurulur.<\/td>\n<\/tr>\n<tr>\n<td width=\"896\"><\/td>\n<\/tr>\n<tr>\n<td width=\"896\">Ekspertiz raporu ba\u015fvuru evrak\u0131 hangileridir?<\/td>\n<\/tr>\n<tr>\n<td width=\"896\"><\/td>\n<\/tr>\n<tr>\n<td width=\"896\">Odam\u0131zdan temin edilen ve doldurulan Ekspertiz raporu talep formuna ek olarak;<\/td>\n<\/tr>\n<tr>\n<td width=\"896\">Son iki ayl\u0131k SSK bildirgeleri<\/td>\n<\/tr>\n<tr>\n<td width=\"896\">Son iki ayl\u0131k SSK \u00f6dendi makbuzu fotokopisi<\/td>\n<\/tr>\n<tr>\n<td width=\"896\">\u0130\u015fyeri Kiral\u0131ksa kira kontrat\u0131 asl\u0131 veya noter tasdikli sureti<\/td>\n<\/tr>\n<tr>\n<td width=\"896\">\u0130\u015fyeri firmaya aitse tapunun noter tasdikli sureti<\/td>\n<\/tr>\n<tr>\n<td width=\"896\"><\/td>\n<\/tr>\n<tr>\n<td width=\"896\"><\/td>\n<\/tr>\n<tr>\n<td width=\"896\"><\/td>\n<\/tr>\n<tr>\n<td width=\"896\">Ekspertiz raporu haz\u0131rlanma s\u00fcreci nas\u0131ld\u0131r?<\/td>\n<\/tr>\n<tr>\n<td width=\"896\"><\/td>\n<\/tr>\n<tr>\n<td width=\"896\">Ekspertiz Raporunu d\u00fczenleyecek olan Eksper, Odam\u0131z taraf\u0131ndan belirlenmi\u015f olan ve \u00fcretim konusuyla ilgili m\u00fchendistir. \u0130malatta bulunan adrese giderek yapt\u0131\u011f\u0131 kontroller ile, istihdam etti\u011fi i\u015f\u00e7i say\u0131s\u0131na kar\u015f\u0131l\u0131k gelen y\u0131ll\u0131k \u00fcretim miktar\u0131n\u0131 belirleyen \u0130\u015fletmenin \u00fcretimine ait \u00f6zet bir tablo niteli\u011fi ta\u015f\u0131yan Ekspertiz Raporunu haz\u0131rlar.<\/td>\n<\/tr>\n<tr>\n<td width=\"896\"><\/td>\n<\/tr>\n<tr>\n<td width=\"896\"><\/td>\n<\/tr>\n<tr>\n<td width=\"896\">Ekspertiz raporu onayl\u0131 sureti nas\u0131l al\u0131n\u0131r?<\/td>\n<\/tr>\n<tr>\n<td width=\"896\"><\/td>\n<\/tr>\n<tr>\n<td width=\"896\">Odam\u0131z taraf\u0131ndan bulundurulan asl\u0131 firmalar\u0131n talebi halinde tasdiklenerek \u00fccreti kar\u015f\u0131l\u0131\u011f\u0131nda tanzim edilir.<\/td>\n<\/tr>\n<\/tbody>\n<\/table>\n","protected":false},"excerpt":{"rendered":"<p>Ekspertiz raporu tan\u0131m\u0131 ve zorunlu k\u0131lan mevzuat hangileridir? 5174 say\u0131l\u0131 T\u00fcrkiye Odalar ve Borsalar Kanunu\u2019 nun 5. maddesi ve bu kanuna g\u00f6re \u00e7\u0131kart\u0131lan Oda Muamelat Y\u00f6netmeli\u011finin 41. maddesinde tan\u0131mlanan kapasite raporu d\u00fczenlenemeyecek g\u0131da maddesi \u00fcreten i\u015fyeri stat\u00fcs\u00fcnde olan yerlere 5174 say\u0131l\u0131 kanunun 26 ve Oda Muamelat Y\u00f6netmeli\u011fi\u2019 nin 27. maddesi uyar\u0131nca Odam\u0131z taraf\u0131ndan Ekspertiz Raporu [&hellip;]<\/p>\n","protected":false},"author":1,"featured_media":0,"parent":8182,"menu_order":0,"comment_status":"closed","ping_status":"closed","template":"","meta":{"footnotes":""},"class_list":["post-3822","page","type-page","status-publish","hentry"],"_links":{"self":[{"href":"https:\/\/www.safranbolutso.org.tr\/en\/wp-json\/wp\/v2\/pages\/3822","targetHints":{"allow":["GET"]}}],"collection":[{"href":"https:\/\/www.safranbolutso.org.tr\/en\/wp-json\/wp\/v2\/pages"}],"about":[{"href":"https:\/\/www.safranbolutso.org.tr\/en\/wp-json\/wp\/v2\/types\/page"}],"author":[{"embeddable":true,"href":"https:\/\/www.safranbolutso.org.tr\/en\/wp-json\/wp\/v2\/users\/1"}],"replies":[{"embeddable":true,"href":"https:\/\/www.safranbolutso.org.tr\/en\/wp-json\/wp\/v2\/comments?post=3822"}],"version-history":[{"count":0,"href":"https:\/\/www.safranbolutso.org.tr\/en\/wp-json\/wp\/v2\/pages\/3822\/revisions"}],"up":[{"embeddable":true,"href":"https:\/\/www.safranbolutso.org.tr\/en\/wp-json\/wp\/v2\/pages\/8182"}],"wp:attachment":[{"href":"https:\/\/www.safranbolutso.org.tr\/en\/wp-json\/wp\/v2\/media?parent=3822"}],"curies":[{"name":"wp","href":"https:\/\/api.w.org\/{rel}","templated":true}]}}