{"id":3824,"date":"2016-10-17T19:35:36","date_gmt":"2016-10-17T16:35:36","guid":{"rendered":"http:\/\/www.safranbolutso.org.tr\/?page_id=3824"},"modified":"2020-03-12T22:39:44","modified_gmt":"2020-03-12T19:39:44","slug":"azami-fiyat-tarifesi","status":"publish","type":"page","link":"https:\/\/www.safranbolutso.org.tr\/en\/oda-islemleri\/azami-fiyat-tarifesi\/","title":{"rendered":"Azami Fiyat Tarifesi"},"content":{"rendered":"<p>AZAM\u0130 F\u0130YAT TAR\u0130FELER\u0130N\u0130N BEL\u0130RLENMES\u0130:<\/p>\n<p>YASAL DAYANAK:<\/p>\n<p>* 5174 say\u0131l\u0131 Kanunun 12 nci maddesinin birinci f\u0131kras\u0131n\u0131n (\u0131) bendine<\/p>\n<p>* \u00a015.12.2004 Tarih ve 25671 Say\u0131l\u0131 Resmi Gazete de ya\u0131nlanan &#8221;Tacir ve Sanayiciler Taraf\u0131ndan \u00dcretilen Mal ve Hizmetlerin Azami Fiyat Tarifelerinin D\u00fczenlenmesi Hakk\u0131nda Y\u00f6netmelik&#8221;<\/p>\n<p>KAPSAM VE ESASLAR:<\/p>\n<p>Daha \u00d6nce ki yasada bulunmamakla birlikte yeni \u00e7\u0131kan 5174 say\u0131l\u0131 T\u00fcrkiye Odalar ve Borsalar Birli\u011fi ile Odalar ve Borsalar Kanunu uyar\u0131nca bu kanuna\u00a0 t\u00e2bi odalarca da,\u00a0 \u00fcyeleri taraf\u0131ndan \u00fcretilen ve 507 say\u0131l\u0131 Esnaf ve Sanatk\u00e2rlar Kanununa t\u00e2bi esnaf ve sanatk\u00e2rlar odalar\u0131 taraf\u0131ndan belirlenmi\u015f tarifelere konu mal ve hizmetlerin azami fiyat tarifelerinin kendi \u00fcyeleri i\u00e7in d\u00fczenlenmesi, uygulamaya konulmas\u0131 ve denetimikonular\u0131nda d\u00fczenleme yap\u0131lm\u0131\u015ft\u0131r.<\/p>\n<p>Tarifeler, y\u00f6netim kurulunun teklifi ve meclisin onay\u0131yla y\u00fcr\u00fcrl\u00fc\u011fe girer. Tarifelerin tespitinde ilgili meslek komitesinin g\u00f6r\u00fc\u015f\u00fc al\u0131n\u0131r. Meslek komitesi en ge\u00e7 onbe\u015f g\u00fcn i\u00e7inde g\u00f6r\u00fc\u015f\u00fcn\u00fc bildirmek zorundad\u0131r.<\/p>\n<p>&nbsp;<\/p>\n<p>Y\u00f6netim kurulu, odaya yap\u0131lan ba\u015fvurular\u0131 en ge\u00e7 bir ay i\u00e7inde sonu\u00e7land\u0131rarak meclisin onay\u0131na sunar. Meclis, bu teklifi en ge\u00e7 bir ay i\u00e7inde g\u00f6r\u00fc\u015ferek onaylar veya reddeder. Tarifelerin reddi halinde, y\u00f6netim kurulu, meclisin ret gerek\u00e7elerini de dikkate alarak yeni tarifeleri ret tarihinden itibaren yap\u0131lacak ilk meclis toplant\u0131s\u0131nda meclisin onay\u0131na sunar. Bu toplant\u0131da tarifeler karara ba\u011flan\u0131r. Tarifelerde yer alan fiyatlar azami hadleri g\u00f6sterir.<\/p>\n<p>\u00dcCRET TAR\u0130FELER\u0130N\u0130N HAZIRLANMASI<\/p>\n<p>Odalar, \u00fcyelerin talebi \u00fczerine veya do\u011frudan, tarifesi yap\u0131lacak mal ve hizmetler i\u00e7in, varsa bir \u00f6nceki d\u00f6nemde tespit edilmi\u015f olan tarifedeki hadler \u00fczerinden, gerekli maliyet hesaplar\u0131n\u0131 yaparak yeni d\u00f6neme ait tarifeleri haz\u0131rlar. Odalar, tarifelerin haz\u0131rlanmas\u0131nda uzman ki\u015fi ve kurulu\u015flar\u0131n g\u00f6r\u00fc\u015flerine ba\u015fvurabilir. Odalar, \u00e7al\u0131\u015fma alan\u0131 i\u00e7erisinde bulunan yerle\u015fim yerlerinin ekonomik ve sosyal g\u00f6stergelerini dikkate alarak ayr\u0131 ayr\u0131 tarifeler haz\u0131rlayabilir. Meclis\u00e7e onaylanan tarifeler ayn\u0131 g\u00fcn i\u00e7inde y\u00fcr\u00fcrl\u00fc\u011fe girer. Onaylanan tarifeler, en ge\u00e7 on g\u00fcn i\u00e7inde o yer belediye ve m\u00fclki idare amirli\u011fi ile esnaf ve sanatkarlar odalar\u0131 birli\u011fine bildirilir.<\/p>\n<p>TAR\u0130FELERE \u0130T\u0130RAZ VE \u0130T\u0130RAZLARIN G\u00d6R\u00dc\u015e\u00dcLMES\u0130:<\/p>\n<p>Odalarca d\u00fczenlenen tarifelere ili\u015fkin itirazlar\u0131 karara ba\u011flamak \u00fczere, o yerin m\u00fclki idare amirinin veya g\u00f6revlendirece\u011fi ki\u015finin ba\u015fkanl\u0131\u011f\u0131nda, ilgili belediyenin konunun uzman\u0131 belediye personeli aras\u0131ndan g\u00f6revlendirece\u011fi bir \u00fcye ile tarifeyi d\u00fczenleyen oda ve ilgili esnaf ve sanatkarlar odalar\u0131 birli\u011finin temsilcilerinden olu\u015fan d\u00f6rt ki\u015filik bir komisyon olu\u015fturulur. Komisyon, itirazlar\u0131 ba\u015fvuru tarihinden itibaren en ge\u00e7 on be\u015f g\u00fcn i\u00e7inde karara ba\u011flar. Komisyon, ba\u015fkan\u0131n yaz\u0131l\u0131 \u00e7a\u011fr\u0131s\u0131 \u00fczerine \u00fcyelerin \u00e7o\u011funlu\u011fuyla toplan\u0131r.\u00a0\u00a0 Kararlar oy \u00e7oklu\u011fu ile ve gerek\u00e7eli olarak al\u0131n\u0131r. Oylarda e\u015fitlik halinde ba\u015fkan\u0131n bulundu\u011fu taraf \u00e7o\u011funlu\u011fu sa\u011flam\u0131\u015f say\u0131l\u0131r. Toplant\u0131larda \u00e7ekimser oy kullan\u0131lamaz.<\/p>\n<p>&nbsp;<\/p>\n<p>Belediyeler ve o yerin m\u00fclki idare amiri, odalarca tespit edilen tarifeleri uygun bulmad\u0131klar\u0131 ve bu konuda ilgili odayla anla\u015famad\u0131klar\u0131 takdirde, ayr\u0131 ayr\u0131 veya birlikte tarifelerin kendilerine yaz\u0131l\u0131 olarak bildirildi\u011fi tarihten itibaren on be\u015f g\u00fcn i\u00e7inde m\u00fclki idare amirli\u011fi nezdinde komisyona itiraz edebilir.\u00a0 Komisyona yap\u0131lan itirazlar, tarifelerin uygulanmas\u0131n\u0131 durdurmaz. Komisyon tarifeyi onaylar veya reddeder. Tarifenin reddi halinde, ilgili oda ya komisyonun ret gerek\u00e7elerini dikkate alarak yeni tarifeyi haz\u0131rlar ya da komisyon karar\u0131n\u0131n kendisine yaz\u0131l\u0131 bildirim tarihinden itibaren on g\u00fcn i\u00e7inde ticari davalar\u0131 g\u00f6rmeye yetkili mahkeme nezdinde itirazda bulunur. Mahkemenin verece\u011fi karar kesindir.\u00a0 Komisyonun ret karar\u0131 vermesi halinde varsa bir \u00f6nceki d\u00f6nemde tespit edilmi\u015f tarifeler uygulan\u0131r, yoksa tarifelerin uygulanmas\u0131 durdurulur.<\/p>\n<p>TAR\u0130FELER\u0130N \u015eEKL\u0130<\/p>\n<p>\u00dcretilen mal ve hizmetlerin \u00fccret tarifelerini i\u00e7eren belge, tabela, levha, pano ve benzerleri Birlik taraf\u0131ndan belirli tip ve standart \u00f6l\u00e7\u00fclerde haz\u0131rlanan \u00f6rneklerine uygun olarak ilgili odaca bast\u0131r\u0131l\u0131r. Tarifelerin\u00a0sat\u0131\u015f bedeli\u00a0oda taraf\u0131ndan belirlenir. \u00dcyeler, \u00fccret tarifelerini \u00fcyesi bulunduklar\u0131 odalardan temin ederler. Tespit edilen tarifeye ili\u015fkin belge, tabela, levha, pano ve benzerleri bu tarifede \u00fccreti belirlenmi\u015f mal ve hizmetin \u00f6zelli\u011fine ve t\u00fcketiciye sunulu\u015f bi\u00e7imine g\u00f6re, mal ve hizmetin sunuldu\u011fu i\u015f yerinde veya do\u011frudan \u00fcretilen mal \u00fczerinde, t\u00fcketiciler veya ilgililerce rahatl\u0131kla g\u00f6r\u00fclebilecek ve okunabilecek bi\u00e7imde as\u0131l\u0131r, tak\u0131l\u0131r, bulundurulur veya yap\u0131\u015ft\u0131r\u0131l\u0131r.<\/p>\n<p>Tarifelerin \u00fczerinde yaz\u0131ld\u0131\u011f\u0131 belge, tabela, levha, pano ve benzerleri \u00fczerinde;<\/p>\n<ol>\n<li>a) Odan\u0131n amblemi, unvan\u0131 ve so\u011fuk damgas\u0131,<\/li>\n<li>b) \u00dcyenin ad\u0131, soyad\u0131, unvan\u0131, oda sicil kay\u0131t numaras\u0131 ile ticaret sicil numaras\u0131,<\/li>\n<li>c) Odan\u0131n tarifeyi tespit tarihi,<\/li>\n<li>d) Tarifede belirlenen fiyatlar\u0131n azami haddi<\/li>\n<\/ol>\n<p>yer al\u0131r.<\/p>\n<p>Tarifenin yaz\u0131ld\u0131\u011f\u0131 belge, tabela, levha, pano ve benzerleri \u00fczerine ilan veya reklam konulamaz.<\/p>\n<p>&nbsp;<\/p>\n<p>DENET\u0130M VE CEZALAR:<\/p>\n<p>Bu h\u00fck\u00fcmlere g\u00f6re d\u00fczenlenen tarifelerin bulundurulmas\u0131 gerekli yerlerde bulundurulup bulundurulmad\u0131\u011f\u0131 ve bu tarifelere uyulup uyulmad\u0131\u011f\u0131 \u00fcyenin kay\u0131tl\u0131 bulundu\u011fu oda taraf\u0131ndan denetlenir. Ayk\u0131r\u0131 hareketi tesbit edilenler\u00a0 hakk\u0131nda 5174 say\u0131l\u0131 Kanunun 86, 87, 88, 89, 90, 91 ve 92 nci maddelerinde \u00f6ng\u00f6r\u00fclen disiplin cezalar\u0131na ili\u015fkin h\u00fck\u00fcmler ile 93 \u00fcnc\u00fc maddesinde belirlenen para cezalar\u0131na ili\u015fkin h\u00fck\u00fcmler uygulan\u0131r.<\/p>\n","protected":false},"excerpt":{"rendered":"<p>AZAM\u0130 F\u0130YAT TAR\u0130FELER\u0130N\u0130N BEL\u0130RLENMES\u0130: YASAL DAYANAK: * 5174 say\u0131l\u0131 Kanunun 12 nci maddesinin birinci f\u0131kras\u0131n\u0131n (\u0131) bendine * \u00a015.12.2004 Tarih ve 25671 Say\u0131l\u0131 Resmi Gazete de ya\u0131nlanan &#8221;Tacir ve Sanayiciler Taraf\u0131ndan \u00dcretilen Mal ve Hizmetlerin Azami Fiyat Tarifelerinin D\u00fczenlenmesi Hakk\u0131nda Y\u00f6netmelik&#8221; KAPSAM VE ESASLAR: Daha \u00d6nce ki yasada bulunmamakla birlikte yeni \u00e7\u0131kan 5174 say\u0131l\u0131 T\u00fcrkiye [&hellip;]<\/p>\n","protected":false},"author":1,"featured_media":0,"parent":8182,"menu_order":0,"comment_status":"closed","ping_status":"closed","template":"","meta":{"footnotes":""},"class_list":["post-3824","page","type-page","status-publish","hentry"],"_links":{"self":[{"href":"https:\/\/www.safranbolutso.org.tr\/en\/wp-json\/wp\/v2\/pages\/3824","targetHints":{"allow":["GET"]}}],"collection":[{"href":"https:\/\/www.safranbolutso.org.tr\/en\/wp-json\/wp\/v2\/pages"}],"about":[{"href":"https:\/\/www.safranbolutso.org.tr\/en\/wp-json\/wp\/v2\/types\/page"}],"author":[{"embeddable":true,"href":"https:\/\/www.safranbolutso.org.tr\/en\/wp-json\/wp\/v2\/users\/1"}],"replies":[{"embeddable":true,"href":"https:\/\/www.safranbolutso.org.tr\/en\/wp-json\/wp\/v2\/comments?post=3824"}],"version-history":[{"count":0,"href":"https:\/\/www.safranbolutso.org.tr\/en\/wp-json\/wp\/v2\/pages\/3824\/revisions"}],"up":[{"embeddable":true,"href":"https:\/\/www.safranbolutso.org.tr\/en\/wp-json\/wp\/v2\/pages\/8182"}],"wp:attachment":[{"href":"https:\/\/www.safranbolutso.org.tr\/en\/wp-json\/wp\/v2\/media?parent=3824"}],"curies":[{"name":"wp","href":"https:\/\/api.w.org\/{rel}","templated":true}]}}