{"id":3828,"date":"2016-10-17T19:35:36","date_gmt":"2016-10-17T16:35:36","guid":{"rendered":"http:\/\/www.safranbolutso.org.tr\/?page_id=3828"},"modified":"2020-03-12T22:40:07","modified_gmt":"2020-03-12T19:40:07","slug":"fatura-tasdik-islemleri","status":"publish","type":"page","link":"https:\/\/www.safranbolutso.org.tr\/en\/oda-islemleri\/fatura-tasdik-islemleri\/","title":{"rendered":"Fatura Tasdik \u0130\u015flemleri"},"content":{"rendered":"<p class=\"qtranxs-available-languages-message qtranxs-available-languages-message-en\">Sorry, this entry is only available in <a href=\"https:\/\/www.safranbolutso.org.tr\/tr\/wp-json\/wp\/v2\/pages\/3828\" class=\"qtranxs-available-language-link qtranxs-available-language-link-tr\" title=\"Turkish\">Turkish<\/a>.<\/p><p>Fatura suretleri, as\u0131llar\u0131 ile kar\u015f\u0131la\u015ft\u0131r\u0131ld\u0131ktan ve uygunlu\u011fu g\u00f6r\u00fcld\u00fckten sonra \u00fczerine asl\u0131n\u0131n ayn\u0131d\u0131r ibaresi konulmak suretiyle onaylan\u0131r.<\/p>\n<p>\u0130hracat i\u00e7in yabanc\u0131 dilde d\u00fczenlenmi\u015f fatura suretleri, faturay\u0131 d\u00fczenleyen firman\u0131n oda \u00fcyesi oldu\u011funa dair bir ibare konulmak suretiyle onaylan\u0131r.<\/p>","protected":false},"excerpt":{"rendered":"<p>Sorry, this entry is only available in Turkish.Fatura suretleri, as\u0131llar\u0131 ile kar\u015f\u0131la\u015ft\u0131r\u0131ld\u0131ktan ve uygunlu\u011fu g\u00f6r\u00fcld\u00fckten sonra \u00fczerine asl\u0131n\u0131n ayn\u0131d\u0131r ibaresi konulmak suretiyle onaylan\u0131r. \u0130hracat i\u00e7in yabanc\u0131 dilde d\u00fczenlenmi\u015f fatura suretleri, faturay\u0131 d\u00fczenleyen firman\u0131n oda \u00fcyesi oldu\u011funa dair bir ibare konulmak suretiyle onaylan\u0131r.<\/p>\n","protected":false},"author":1,"featured_media":0,"parent":8182,"menu_order":0,"comment_status":"closed","ping_status":"closed","template":"","meta":{"footnotes":""},"class_list":["post-3828","page","type-page","status-publish","hentry"],"_links":{"self":[{"href":"https:\/\/www.safranbolutso.org.tr\/en\/wp-json\/wp\/v2\/pages\/3828","targetHints":{"allow":["GET"]}}],"collection":[{"href":"https:\/\/www.safranbolutso.org.tr\/en\/wp-json\/wp\/v2\/pages"}],"about":[{"href":"https:\/\/www.safranbolutso.org.tr\/en\/wp-json\/wp\/v2\/types\/page"}],"author":[{"embeddable":true,"href":"https:\/\/www.safranbolutso.org.tr\/en\/wp-json\/wp\/v2\/users\/1"}],"replies":[{"embeddable":true,"href":"https:\/\/www.safranbolutso.org.tr\/en\/wp-json\/wp\/v2\/comments?post=3828"}],"version-history":[{"count":0,"href":"https:\/\/www.safranbolutso.org.tr\/en\/wp-json\/wp\/v2\/pages\/3828\/revisions"}],"up":[{"embeddable":true,"href":"https:\/\/www.safranbolutso.org.tr\/en\/wp-json\/wp\/v2\/pages\/8182"}],"wp:attachment":[{"href":"https:\/\/www.safranbolutso.org.tr\/en\/wp-json\/wp\/v2\/media?parent=3828"}],"curies":[{"name":"wp","href":"https:\/\/api.w.org\/{rel}","templated":true}]}}