{"id":3830,"date":"2016-10-17T19:36:02","date_gmt":"2016-10-17T16:36:02","guid":{"rendered":"http:\/\/www.safranbolutso.org.tr\/?page_id=3830"},"modified":"2020-03-12T22:40:27","modified_gmt":"2020-03-12T19:40:27","slug":"rayic-bedel-tespiti","status":"publish","type":"page","link":"https:\/\/www.safranbolutso.org.tr\/en\/oda-islemleri\/rayic-bedel-tespiti\/","title":{"rendered":"Rayi\u00e7 Bedel Tespiti"},"content":{"rendered":"<p class=\"qtranxs-available-languages-message qtranxs-available-languages-message-en\">Sorry, this entry is only available in <a href=\"https:\/\/www.safranbolutso.org.tr\/tr\/wp-json\/wp\/v2\/pages\/3830\" class=\"qtranxs-available-language-link qtranxs-available-language-link-tr\" title=\"Turkish\">Turkish<\/a>.<\/p><p>T\u00fcrkiye&#8217;de bir \u00e7ok kamu kurum ve kurulu\u015funun sat\u0131n al\u0131mlar\u0131yla ilgili olarak ihale \u00f6ncesi, Kamu\u00a0ihale kanunu uyar\u0131nca tahmini bedelin tespiti amac\u0131 ile al\u0131m\u0131 yap\u0131lacak \u00fcr\u00fcnlerin fiyat tespiti yap\u0131l\u0131r. Bu \u00e7er\u00e7evede, 5174say\u0131l\u0131 kanun ilgili mevzuat\u00a0 uyar\u0131nca fiyat tespiti i\u00e7in odam\u0131z taraf\u0131ndan piyasa ara\u015ft\u0131rmas\u0131 yap\u0131l\u0131r. Gerek g\u00f6r\u00fclmesi halinde de meslek komitelerinin g\u00f6r\u00fc\u015fleri al\u0131narak, ilgili kamu kurum ve kurulu\u015flar\u0131na yaz\u0131l\u0131 olarak bilgi verilir.<\/p>\n<p>Eski fiyat ve \u00dccret Soru\u015fturmas\u0131:<br \/>\nMahkemeler veya \u00e7e\u015fitli kurumlar\u0131n m\u00fcfetti\u015flerinden gelen dava veya soru\u015fturmalarla ilgili \u00fccret, eski fiyat ve yap\u0131lan i\u015fle ilgili konularda odam\u0131z taraf\u0131ndan piyasa ara\u015ft\u0131rmas\u0131 yap\u0131larak, ilgili kurama yaz\u0131l\u0131 olarak bilgi verilir.<\/p>","protected":false},"excerpt":{"rendered":"<p>Sorry, this entry is only available in Turkish.T\u00fcrkiye&#8217;de bir \u00e7ok kamu kurum ve kurulu\u015funun sat\u0131n al\u0131mlar\u0131yla ilgili olarak ihale \u00f6ncesi, Kamu\u00a0ihale kanunu uyar\u0131nca tahmini bedelin tespiti amac\u0131 ile al\u0131m\u0131 yap\u0131lacak \u00fcr\u00fcnlerin fiyat tespiti yap\u0131l\u0131r. Bu \u00e7er\u00e7evede, 5174say\u0131l\u0131 kanun ilgili mevzuat\u00a0 uyar\u0131nca fiyat tespiti i\u00e7in odam\u0131z taraf\u0131ndan piyasa ara\u015ft\u0131rmas\u0131 yap\u0131l\u0131r. Gerek g\u00f6r\u00fclmesi halinde de meslek komitelerinin [&hellip;]<\/p>\n","protected":false},"author":1,"featured_media":0,"parent":8182,"menu_order":0,"comment_status":"closed","ping_status":"closed","template":"","meta":{"footnotes":""},"class_list":["post-3830","page","type-page","status-publish","hentry"],"_links":{"self":[{"href":"https:\/\/www.safranbolutso.org.tr\/en\/wp-json\/wp\/v2\/pages\/3830","targetHints":{"allow":["GET"]}}],"collection":[{"href":"https:\/\/www.safranbolutso.org.tr\/en\/wp-json\/wp\/v2\/pages"}],"about":[{"href":"https:\/\/www.safranbolutso.org.tr\/en\/wp-json\/wp\/v2\/types\/page"}],"author":[{"embeddable":true,"href":"https:\/\/www.safranbolutso.org.tr\/en\/wp-json\/wp\/v2\/users\/1"}],"replies":[{"embeddable":true,"href":"https:\/\/www.safranbolutso.org.tr\/en\/wp-json\/wp\/v2\/comments?post=3830"}],"version-history":[{"count":0,"href":"https:\/\/www.safranbolutso.org.tr\/en\/wp-json\/wp\/v2\/pages\/3830\/revisions"}],"up":[{"embeddable":true,"href":"https:\/\/www.safranbolutso.org.tr\/en\/wp-json\/wp\/v2\/pages\/8182"}],"wp:attachment":[{"href":"https:\/\/www.safranbolutso.org.tr\/en\/wp-json\/wp\/v2\/media?parent=3830"}],"curies":[{"name":"wp","href":"https:\/\/api.w.org\/{rel}","templated":true}]}}