{"id":3832,"date":"2016-10-17T19:36:02","date_gmt":"2016-10-17T16:36:02","guid":{"rendered":"http:\/\/www.safranbolutso.org.tr\/?page_id=3832"},"modified":"2020-03-12T22:40:53","modified_gmt":"2020-03-12T19:40:53","slug":"mucbir-sebep-belgesi","status":"publish","type":"page","link":"https:\/\/www.safranbolutso.org.tr\/en\/oda-islemleri\/mucbir-sebep-belgesi\/","title":{"rendered":"M\u00fccbir Sebep Belgesi"},"content":{"rendered":"<p class=\"qtranxs-available-languages-message qtranxs-available-languages-message-en\">Sorry, this entry is only available in <a href=\"https:\/\/www.safranbolutso.org.tr\/tr\/wp-json\/wp\/v2\/pages\/3832\" class=\"qtranxs-available-language-link qtranxs-available-language-link-tr\" title=\"Turkish\">Turkish<\/a>.<\/p><p>M\u00dcCB\u0130R SEBEP BELGES\u0130<br \/>\nSorumlu veya bor\u00e7lunun faaliyet ve i\u015fletmesi d\u0131\u015f\u0131nda meydana gelen, tamamen d\u0131\u015f etkenlerin eseri olan, a\u015f\u0131lmas\u0131, ka\u00e7\u0131n\u0131lmas\u0131 imkans\u0131z bulunan, \u00f6nceden tahmin edilemeyen ve genel bir davran\u0131\u015f normunu veya borcun ifas\u0131n\u0131 mutlak olarak imkans\u0131z hale getiren nedenlerden dolay\u0131 ilgilinin talebi \u00fczerine yap\u0131lacak veya eksperlere yapt\u0131r\u0131lacak inceleme sonucuna g\u00f6re m\u00fccbir sebep belgesi verilir.<br \/>\nM\u00fccbir sebep belgesi, T\u00fcrkiye Odalar ve Borsalar Birli\u011fi Oda muamelat y\u00f6netmeli\u011finin 29. maddesine g\u00f6re d\u00fczenlenir. S\u00f6z konusu belge Belirli bir s\u00fcre i\u00e7in ithal edilen; ancak s\u00fcresi i\u00e7inde ihra\u00e7 edilemeyen mallar\u0131n yurtta kal\u0131\u015f s\u00fcrelerinin uzat\u0131lmas\u0131 i\u00e7in d\u00fczenlenen belgedir.<br \/>\nM\u00fcracaat i\u00e7in istenilen belgeler<\/p>\n<p>Dilek\u00e7e ve\u00a0\u00a0M\u00fcracaat Formu<br \/>\nG\u00fcmr\u00fck giri\u015f Beyannamesi<\/p>","protected":false},"excerpt":{"rendered":"<p>Sorry, this entry is only available in Turkish.M\u00dcCB\u0130R SEBEP BELGES\u0130 Sorumlu veya bor\u00e7lunun faaliyet ve i\u015fletmesi d\u0131\u015f\u0131nda meydana gelen, tamamen d\u0131\u015f etkenlerin eseri olan, a\u015f\u0131lmas\u0131, ka\u00e7\u0131n\u0131lmas\u0131 imkans\u0131z bulunan, \u00f6nceden tahmin edilemeyen ve genel bir davran\u0131\u015f normunu veya borcun ifas\u0131n\u0131 mutlak olarak imkans\u0131z hale getiren nedenlerden dolay\u0131 ilgilinin talebi \u00fczerine yap\u0131lacak veya eksperlere yapt\u0131r\u0131lacak inceleme sonucuna [&hellip;]<\/p>\n","protected":false},"author":1,"featured_media":0,"parent":8182,"menu_order":0,"comment_status":"closed","ping_status":"closed","template":"","meta":{"footnotes":""},"class_list":["post-3832","page","type-page","status-publish","hentry"],"_links":{"self":[{"href":"https:\/\/www.safranbolutso.org.tr\/en\/wp-json\/wp\/v2\/pages\/3832","targetHints":{"allow":["GET"]}}],"collection":[{"href":"https:\/\/www.safranbolutso.org.tr\/en\/wp-json\/wp\/v2\/pages"}],"about":[{"href":"https:\/\/www.safranbolutso.org.tr\/en\/wp-json\/wp\/v2\/types\/page"}],"author":[{"embeddable":true,"href":"https:\/\/www.safranbolutso.org.tr\/en\/wp-json\/wp\/v2\/users\/1"}],"replies":[{"embeddable":true,"href":"https:\/\/www.safranbolutso.org.tr\/en\/wp-json\/wp\/v2\/comments?post=3832"}],"version-history":[{"count":0,"href":"https:\/\/www.safranbolutso.org.tr\/en\/wp-json\/wp\/v2\/pages\/3832\/revisions"}],"up":[{"embeddable":true,"href":"https:\/\/www.safranbolutso.org.tr\/en\/wp-json\/wp\/v2\/pages\/8182"}],"wp:attachment":[{"href":"https:\/\/www.safranbolutso.org.tr\/en\/wp-json\/wp\/v2\/media?parent=3832"}],"curies":[{"name":"wp","href":"https:\/\/api.w.org\/{rel}","templated":true}]}}