{"id":3834,"date":"2016-10-17T19:35:36","date_gmt":"2016-10-17T16:35:36","guid":{"rendered":"http:\/\/www.safranbolutso.org.tr\/?page_id=3834"},"modified":"2020-03-12T22:41:07","modified_gmt":"2020-03-12T19:41:07","slug":"ciraklik-sozlesmesi-onayi","status":"publish","type":"page","link":"https:\/\/www.safranbolutso.org.tr\/en\/oda-islemleri\/ciraklik-sozlesmesi-onayi\/","title":{"rendered":"\u00c7\u0131rakl\u0131k S\u00f6zle\u015fmesi Onay\u0131"},"content":{"rendered":"<p class=\"qtranxs-available-languages-message qtranxs-available-languages-message-en\">Sorry, this entry is only available in <a href=\"https:\/\/www.safranbolutso.org.tr\/tr\/wp-json\/wp\/v2\/pages\/3834\" class=\"qtranxs-available-language-link qtranxs-available-language-link-tr\" title=\"Turkish\">Turkish<\/a>.<\/p><p>\u00c7\u0131rak, kalfa ve ustalar\u0131n e\u011fitimi ile okullarda ve i\u015fletmelerde yap\u0131lacak mesleki e\u011fitime ili\u015fkin esaslar\u0131 d\u00fczenleyen 3308 say\u0131l\u0131 \u00c7\u0131rakl\u0131k ve Mesleki E\u011fitim Kanunu uyar\u0131nca, odalara \u00fcye i\u015fyerlerini ve bu i\u015f yerlerinde \u00e7al\u0131\u015fan \u00e7\u0131raklar\u0131n \u00c7\u0131rakl\u0131k E\u011fitim Merkezlerine devam etmeleri gerekmektedir.<\/p>\n<p>\u00c7\u0131rakl\u0131k s\u00f6zle\u015fmeleri, \u00c7\u0131rakl\u0131k e\u011fitim merkezlerinden temin edilir. \u0130lgili taraf\u0131ndan her \u00e7\u0131rak i\u00e7in 4 adet s\u00f6zle\u015fme doldurulduktan sonra, odam\u0131z taraf\u0131ndan tasdik edilir. \u00c7\u0131rakl\u0131k e\u011fitim merkezlerine onaylat\u0131ld\u0131ktan sonra, s\u00f6zle\u015fmenin bir adedi odam\u0131za, \u00e7\u0131ra\u011f\u0131n dosyas\u0131 ile birlikte odam\u0131za geri getirilir.<\/p>\n<p>Kalan \u00fc\u00e7 adet s\u00f6zle\u015fmenin biri velide, di\u011feri i\u015fverende, \u00fc\u00e7\u00fcnc\u00fcs\u00fc ise, \u00e7\u0131rakl\u0131k e\u011fitim merkezinde kal\u0131r.<\/p>\n<p>3308 say\u0131l\u0131 kanuna\u00a0uygun olarak d\u00fczenlenen kalfal\u0131k ve ustal\u0131k belgeleri de odam\u0131z taraf\u0131ndan onaylanmaktad\u0131r. Kalfal\u0131k ve ustal\u0131k belgeleri formu \u00c7\u0131rakl\u0131k E\u011fitim Merkezi&#8217;nden temin edilir.<br \/>\n\u00c7\u0131rakl\u0131k E\u011fitimine Kat\u0131labilmenin \u015eartlar\u0131 Nelerdir?<\/p>\n<p>\u00b7\u00a0\u00a0\u00a0\u00a0\u00a0En az ilk\u00f6\u011fretim okulunu bitirmi\u015f olmak,<br \/>\n\u00b7\u00a0\u00a0\u00a0\u00a0\u00a014 ya\u015f\u0131n\u0131 doldurmu\u015f, 19 ya\u015f\u0131ndan g\u00fcn almam\u0131\u015f bulunmak,<br \/>\n\u00b7\u00a0\u00a0\u00a0\u00a0\u00a0B\u00fcnyesi ve sa\u011fl\u0131k durumu girece\u011fi mesle\u011fin gerektirdi\u011fi i\u015fleri yapmaya uygun olmak.<\/p>\n<p>\u00c7\u0131rakl\u0131k E\u011fitimine Nas\u0131l Ba\u015fvurulur?<\/p>\n<p>\u00b7\u00a0\u00a0\u00a0\u00a0\u00a0\u0130\u015fyerine en yak\u0131n Mesleki E\u011fitim Merkezinden 4 adet \u00e7\u0131rakl\u0131k s\u00f6zle\u015fmesi temin edilir,<br \/>\n\u00b7\u00a0\u00a0\u00a0\u00a0\u00a0S\u00f6zle\u015fmeler tam olarak doldurulup, ilgililerin imzas\u0131ndan sonra (\u00e7\u0131rak, velisi ve i\u015fveren) firman\u0131n ba\u011fl\u0131 bulundu\u011fu Oda\u2019ya onaylat\u0131l\u0131r,<br \/>\n\u00b7\u00a0\u00a0\u00a0\u00a0\u00a0Daha sonra \u00e7\u0131rakl\u0131k s\u00f6zle\u015fmelerinin temin edildi\u011fi Mesleki E\u011fitim Merkezine kay\u0131t olmak \u00fczere ba\u015fvurulur.<\/p>\n<p>Nas\u0131l Kalfa Olunur?<\/p>\n<p>\u00c7\u0131rakl\u0131k e\u011fitim s\u00fcresi sonunda, kalfa adaylar\u0131, ilk yap\u0131lacak kalfal\u0131k s\u0131nav\u0131na girip ba\u015far\u0131l\u0131 olmalar\u0131 halinde Mesleki E\u011fitim Merkezlerinden Kalfal\u0131k Belgelerini al\u0131rlar.<\/p>\n<p>Nas\u0131l Usta Olunur?<\/p>\n<p>Mesleki y\u00f6nden geli\u015fmelerini ve \u00f6ng\u00f6r\u00fclen Kalfal\u0131k s\u00fcresini tamamlayan usta adaylar\u0131, ilk yap\u0131lacak ustal\u0131k s\u0131nav\u0131na girip ba\u015far\u0131l\u0131 olmalar\u0131 halinde Mesleki E\u011fitim Merkezlerinden\u00a0\u00a0Ustal\u0131k Belgelerini al\u0131rlar.<\/p>","protected":false},"excerpt":{"rendered":"<p>Sorry, this entry is only available in Turkish.\u00c7\u0131rak, kalfa ve ustalar\u0131n e\u011fitimi ile okullarda ve i\u015fletmelerde yap\u0131lacak mesleki e\u011fitime ili\u015fkin esaslar\u0131 d\u00fczenleyen 3308 say\u0131l\u0131 \u00c7\u0131rakl\u0131k ve Mesleki E\u011fitim Kanunu uyar\u0131nca, odalara \u00fcye i\u015fyerlerini ve bu i\u015f yerlerinde \u00e7al\u0131\u015fan \u00e7\u0131raklar\u0131n \u00c7\u0131rakl\u0131k E\u011fitim Merkezlerine devam etmeleri gerekmektedir. \u00c7\u0131rakl\u0131k s\u00f6zle\u015fmeleri, \u00c7\u0131rakl\u0131k e\u011fitim merkezlerinden temin edilir. \u0130lgili taraf\u0131ndan her [&hellip;]<\/p>\n","protected":false},"author":1,"featured_media":0,"parent":8182,"menu_order":0,"comment_status":"closed","ping_status":"closed","template":"","meta":{"footnotes":""},"class_list":["post-3834","page","type-page","status-publish","hentry"],"_links":{"self":[{"href":"https:\/\/www.safranbolutso.org.tr\/en\/wp-json\/wp\/v2\/pages\/3834","targetHints":{"allow":["GET"]}}],"collection":[{"href":"https:\/\/www.safranbolutso.org.tr\/en\/wp-json\/wp\/v2\/pages"}],"about":[{"href":"https:\/\/www.safranbolutso.org.tr\/en\/wp-json\/wp\/v2\/types\/page"}],"author":[{"embeddable":true,"href":"https:\/\/www.safranbolutso.org.tr\/en\/wp-json\/wp\/v2\/users\/1"}],"replies":[{"embeddable":true,"href":"https:\/\/www.safranbolutso.org.tr\/en\/wp-json\/wp\/v2\/comments?post=3834"}],"version-history":[{"count":0,"href":"https:\/\/www.safranbolutso.org.tr\/en\/wp-json\/wp\/v2\/pages\/3834\/revisions"}],"up":[{"embeddable":true,"href":"https:\/\/www.safranbolutso.org.tr\/en\/wp-json\/wp\/v2\/pages\/8182"}],"wp:attachment":[{"href":"https:\/\/www.safranbolutso.org.tr\/en\/wp-json\/wp\/v2\/media?parent=3834"}],"curies":[{"name":"wp","href":"https:\/\/api.w.org\/{rel}","templated":true}]}}