{"id":3838,"date":"2016-10-17T19:35:36","date_gmt":"2016-10-17T16:35:36","guid":{"rendered":"http:\/\/www.safranbolutso.org.tr\/?page_id=3838"},"modified":"2020-03-12T22:41:47","modified_gmt":"2020-03-12T19:41:47","slug":"anonim-sirket","status":"publish","type":"page","link":"https:\/\/www.safranbolutso.org.tr\/en\/tescil-ve-kayit-2\/anonim-sirket\/","title":{"rendered":"Anonim \u015eirket"},"content":{"rendered":"<p class=\"qtranxs-available-languages-message qtranxs-available-languages-message-en\">Sorry, this entry is only available in <a href=\"https:\/\/www.safranbolutso.org.tr\/tr\/wp-json\/wp\/v2\/pages\/3838\" class=\"qtranxs-available-language-link qtranxs-available-language-link-tr\" title=\"Turkish\">Turkish<\/a>.<\/p><p><\/p>\n<ul>\n<li><a href=\"https:\/\/www.safranbolutso.org.tr\/wp-content\/uploads\/evraklar\/Anonim \u015eirketi\/(A.\u015e. DEN LTD. \u015eT\u0130. YE DE\u011e\u0130\u015e\u0130KL\u0130K).docx\">(A.\u015e. DEN LTD. \u015eT\u0130. YE DE\u011e\u0130\u015e\u0130KL\u0130K)<\/a><\/li>\n<li><a href=\"https:\/\/www.safranbolutso.org.tr\/wp-content\/uploads\/evraklar\/Anonim \u015eirketi\/ADRES DE\u011e\u0130\u015e\u0130KL\u0130\u011e\u0130 TESC\u0130L\u0130NDE GEREKEN EVRAKLAR.docx\">ADRES DE\u011e\u0130\u015e\u0130KL\u0130\u011e\u0130 TESC\u0130L\u0130NDE GEREKEN EVRAKLAR<\/a><\/li>\n<li><a href=\"https:\/\/www.safranbolutso.org.tr\/wp-content\/uploads\/evraklar\/Anonim \u015eirketi\/AMA\u00c7 VE KONU DE\u011e\u0130\u015e\u0130KL\u0130\u011e\u0130 TESC\u0130L\u0130NDE GEREKEN EVRAKLAR.docx\">AMA\u00c7 VE KONU DE\u011e\u0130\u015e\u0130KL\u0130\u011e\u0130 TESC\u0130L\u0130NDE GEREKEN EVRAKLAR<\/a><\/li>\n<li><a href=\"https:\/\/www.safranbolutso.org.tr\/wp-content\/uploads\/evraklar\/Anonim \u015eirketi\/BELED\u0130YE ADRES DE\u011e\u0130\u015e\u0130KL\u0130\u011e\u0130 TESC\u0130L\u0130NDE GEREKEN EVRAKLAR.docx\">BELED\u0130YE ADRES DE\u011e\u0130\u015e\u0130KL\u0130\u011e\u0130 TESC\u0130L\u0130NDE GEREKEN EVRAKLAR<\/a><\/li>\n<li><a href=\"https:\/\/www.safranbolutso.org.tr\/wp-content\/uploads\/evraklar\/Anonim \u015eirketi\/B\u0130RLE\u015eME \u0130LE \u0130LG\u0130L\u0130 TESC\u0130LDE \u0130STENEN EVRAKLAR.docx\">B\u0130RLE\u015eME \u0130LE \u0130LG\u0130L\u0130 TESC\u0130LDE \u0130STENEN EVRAKLAR<\/a><\/li>\n<li><a href=\"https:\/\/www.safranbolutso.org.tr\/wp-content\/uploads\/evraklar\/Anonim \u015eirketi\/B\u00d6L\u00dcNME \u0130LE \u0130LG\u0130L\u0130 TESC\u0130LDE \u0130STENEN EVRAKLAR.docx\">B\u00d6L\u00dcNME \u0130LE \u0130LG\u0130L\u0130 TESC\u0130LDE \u0130STENEN EVRAKLAR<\/a><\/li>\n<li><a href=\"https:\/\/www.safranbolutso.org.tr\/wp-content\/uploads\/evraklar\/Anonim \u015eirketi\/FES\u0130H TESC\u0130L\u0130NDE \u0130STENECEK EVRAKLAR.docx\">FES\u0130H TESC\u0130L\u0130NDE \u0130STENECEK EVRAKLAR<\/a><\/li>\n<li><a href=\"https:\/\/www.safranbolutso.org.tr\/wp-content\/uploads\/evraklar\/Anonim \u015eirketi\/G\u00d6REV DA\u011eILIMI TESC\u0130L\u0130NDE GEREKEN EVRAKLAR.docx\">G\u00d6REV DA\u011eILIMI TESC\u0130L\u0130NDE GEREKEN EVRAKLAR<\/a><\/li>\n<li><a href=\"https:\/\/www.safranbolutso.org.tr\/wp-content\/uploads\/evraklar\/Anonim \u015eirketi\/H\u0130SSE DEVR\u0130 (TEK ORTA\u011eA D\u00dc\u015e\u00dcRME) TESC\u0130L\u0130NDE GEREKL\u0130 EVRAKLAR.docx\">H\u0130SSE DEVR\u0130 (TEK ORTA\u011eA D\u00dc\u015e\u00dcRME) TESC\u0130L\u0130NDE GEREKL\u0130 EVRAKLAR<\/a><\/li>\n<li><a href=\"https:\/\/www.safranbolutso.org.tr\/wp-content\/uploads\/evraklar\/Anonim \u015eirketi\/H\u0130SSE DEVR\u0130 (TEK ORTAKTAN \u00c7OK ORTA\u011eA \u00c7IKARMA).docx\">H\u0130SSE DEVR\u0130 (TEK ORTAKTAN \u00c7OK ORTA\u011eA \u00c7IKARMA)<\/a><\/li>\n<li><a href=\"https:\/\/www.safranbolutso.org.tr\/wp-content\/uploads\/evraklar\/Anonim \u015eirketi\/H\u0130SSE DEVR\u0130 \u0130LANINDA \u0130STENECEK EVRAKLAR.docx\">H\u0130SSE DEVR\u0130 \u0130LANINDA \u0130STENECEK EVRAKLAR<\/a><\/li>\n<li><a href=\"https:\/\/www.safranbolutso.org.tr\/wp-content\/uploads\/evraklar\/Anonim \u015eirketi\/\u0130\u00c7 Y\u00d6NERGE TESC\u0130L\u0130NDE \u0130STENECEK EVRAKLAR.docx\">\u0130\u00c7 Y\u00d6NERGE TESC\u0130L\u0130NDE \u0130STENECEK EVRAKLAR<\/a><\/li>\n<li><a href=\"https:\/\/www.safranbolutso.org.tr\/wp-content\/uploads\/evraklar\/Anonim \u015eirketi\/KURULU\u015e TESC\u0130L\u0130NDE \u0130STENECEK EVRAKLAR.docx\">KURULU\u015e TESC\u0130L\u0130NDE \u0130STENECEK EVRAKLAR<\/a><\/li>\n<li><a href=\"https:\/\/www.safranbolutso.org.tr\/wp-content\/uploads\/evraklar\/Anonim \u015eirketi\/MERKEZ NAKL\u0130NDE \u0130STENECEK EVRAKLAR.docx\">MERKEZ NAKL\u0130NDE \u0130STENECEK EVRAKLAR<\/a><\/li>\n<li><a href=\"https:\/\/www.safranbolutso.org.tr\/wp-content\/uploads\/evraklar\/Anonim \u015eirketi\/OLA\u011eANGENEL KURUL TESC\u0130L\u0130NE GEREKEN EVRAKLAR.docx\">OLA\u011eANGENEL KURUL TESC\u0130L\u0130NE GEREKEN EVRAKLAR<\/a><\/li>\n<li><a href=\"https:\/\/www.safranbolutso.org.tr\/wp-content\/uploads\/evraklar\/Anonim \u015eirketi\/SERMAYE ARTTIRILMASINDA \u0130STENECEK EVRAKLAR.docx\">SERMAYE ARTTIRILMASINDA \u0130STENECEK EVRAKLAR<\/a><\/li>\n<li><a href=\"https:\/\/www.safranbolutso.org.tr\/wp-content\/uploads\/evraklar\/Anonim \u015eirketi\/SERMAYE AZALTILMASINDA \u0130STENECEK EVRAKLAR.docx\">SERMAYE AZALTILMASINDA \u0130STENECEK EVRAKLAR<\/a><\/li>\n<li><a href=\"https:\/\/www.safranbolutso.org.tr\/wp-content\/uploads\/evraklar\/Anonim \u015eirketi\/S\u0130GORTA ACENTEL\u0130\u011e\u0130 FESH\u0130 \u0130\u00c7\u0130N \u0130STENEN EVRAKLAR.docx\">S\u0130GORTA ACENTEL\u0130\u011e\u0130 FESH\u0130 \u0130\u00c7\u0130N \u0130STENEN EVRAKLAR<\/a><\/li>\n<li><a href=\"https:\/\/www.safranbolutso.org.tr\/wp-content\/uploads\/evraklar\/Anonim \u015eirketi\/S\u0130GORTA ACENTEL\u0130\u011e\u0130 TESC\u0130L\u0130NDE \u0130STENECEK EVRAKLAR.docx\">S\u0130GORTA ACENTEL\u0130\u011e\u0130 TESC\u0130L\u0130NDE \u0130STENECEK EVRAKLAR<\/a><\/li>\n<li><a href=\"https:\/\/www.safranbolutso.org.tr\/wp-content\/uploads\/evraklar\/Anonim \u015eirketi\/\u015eUBE KAPANI\u015e TESC\u0130L\u0130NDE \u0130STENECEK EVRAKLAR.docx\">\u015eUBE KAPANI\u015e TESC\u0130L\u0130NDE \u0130STENECEK EVRAKLAR<\/a><\/li>\n<li><a href=\"https:\/\/www.safranbolutso.org.tr\/wp-content\/uploads\/evraklar\/Anonim \u015eirketi\/\u015eUBE TESC\u0130L\u0130NDE \u0130STENECEK EVRAKLAR.docx\">\u015eUBE TESC\u0130L\u0130NDE \u0130STENECEK EVRAKLAR<\/a><\/li>\n<li><a href=\"https:\/\/www.safranbolutso.org.tr\/wp-content\/uploads\/evraklar\/Anonim \u015eirketi\/TASF\u0130YEDEN D\u00d6N\u00dc\u015e TESC\u0130L\u0130NDE \u0130STENECEK EVRAKLAR.docx\">TASF\u0130YEDEN D\u00d6N\u00dc\u015e TESC\u0130L\u0130NDE \u0130STENECEK EVRAKLAR<\/a><\/li>\n<li><a href=\"https:\/\/www.safranbolutso.org.tr\/wp-content\/uploads\/evraklar\/Anonim \u015eirketi\/TASF\u0130YEYE G\u0130R\u0130\u015e TESC\u0130L\u0130NDE \u0130STENECEK EVRAKLAR.docx\">TASF\u0130YEYE G\u0130R\u0130\u015e TESC\u0130L\u0130NDE \u0130STENECEK EVRAKLAR<\/a><\/li>\n<li><a href=\"https:\/\/www.safranbolutso.org.tr\/wp-content\/uploads\/evraklar\/Anonim \u015eirketi\/T\u0130CAR\u0130 \u0130\u015eLETME REHN\u0130 TESC\u0130L\u0130NDE GEREKL\u0130 EVRAKLAR.docx\">T\u0130CAR\u0130 \u0130\u015eLETME REHN\u0130 TESC\u0130L\u0130NDE GEREKL\u0130 EVRAKLAR<\/a><\/li>\n<li><a href=\"https:\/\/www.safranbolutso.org.tr\/wp-content\/uploads\/evraklar\/Anonim \u015eirketi\/UNVAN DE\u011e\u0130\u015e\u0130KL\u0130\u011e\u0130 TESC\u0130L\u0130NDE GEREKEN EVRAKLAR.docx\">UNVAN DE\u011e\u0130\u015e\u0130KL\u0130\u011e\u0130 TESC\u0130L\u0130NDE GEREKEN EVRAKLAR<\/a><\/li>\n<li><a href=\"https:\/\/www.safranbolutso.org.tr\/wp-content\/uploads\/evraklar\/Anonim \u015eirketi\/Y\u00d6NET\u0130M KURULU \u00dcYES\u0130N\u0130N \u0130ST\u0130FASI VEYA ORTAKLIKTAN AYRILMASI HAL\u0130NDE YAPILMASI GEREKENLER.docx\">Y\u00d6NET\u0130M KURULU \u00dcYES\u0130N\u0130N \u0130ST\u0130FASI VEYA ORTAKLIKTAN AYRILMASI HAL\u0130NDE YAPILMASI GEREKENLER<\/a><\/li>\n<\/ul>\n<p><\/p>","protected":false},"excerpt":{"rendered":"<p>Sorry, this entry is only available in Turkish. (A.\u015e. DEN LTD. \u015eT\u0130. YE DE\u011e\u0130\u015e\u0130KL\u0130K) ADRES DE\u011e\u0130\u015e\u0130KL\u0130\u011e\u0130 TESC\u0130L\u0130NDE GEREKEN EVRAKLAR AMA\u00c7 VE KONU DE\u011e\u0130\u015e\u0130KL\u0130\u011e\u0130 TESC\u0130L\u0130NDE GEREKEN EVRAKLAR BELED\u0130YE ADRES DE\u011e\u0130\u015e\u0130KL\u0130\u011e\u0130 TESC\u0130L\u0130NDE GEREKEN EVRAKLAR B\u0130RLE\u015eME \u0130LE \u0130LG\u0130L\u0130 TESC\u0130LDE \u0130STENEN EVRAKLAR B\u00d6L\u00dcNME \u0130LE \u0130LG\u0130L\u0130 TESC\u0130LDE \u0130STENEN EVRAKLAR FES\u0130H TESC\u0130L\u0130NDE \u0130STENECEK EVRAKLAR G\u00d6REV DA\u011eILIMI TESC\u0130L\u0130NDE GEREKEN EVRAKLAR H\u0130SSE DEVR\u0130 [&hellip;]<\/p>\n","protected":false},"author":1,"featured_media":0,"parent":8192,"menu_order":0,"comment_status":"closed","ping_status":"closed","template":"","meta":{"footnotes":""},"class_list":["post-3838","page","type-page","status-publish","hentry"],"_links":{"self":[{"href":"https:\/\/www.safranbolutso.org.tr\/en\/wp-json\/wp\/v2\/pages\/3838","targetHints":{"allow":["GET"]}}],"collection":[{"href":"https:\/\/www.safranbolutso.org.tr\/en\/wp-json\/wp\/v2\/pages"}],"about":[{"href":"https:\/\/www.safranbolutso.org.tr\/en\/wp-json\/wp\/v2\/types\/page"}],"author":[{"embeddable":true,"href":"https:\/\/www.safranbolutso.org.tr\/en\/wp-json\/wp\/v2\/users\/1"}],"replies":[{"embeddable":true,"href":"https:\/\/www.safranbolutso.org.tr\/en\/wp-json\/wp\/v2\/comments?post=3838"}],"version-history":[{"count":0,"href":"https:\/\/www.safranbolutso.org.tr\/en\/wp-json\/wp\/v2\/pages\/3838\/revisions"}],"up":[{"embeddable":true,"href":"https:\/\/www.safranbolutso.org.tr\/en\/wp-json\/wp\/v2\/pages\/8192"}],"wp:attachment":[{"href":"https:\/\/www.safranbolutso.org.tr\/en\/wp-json\/wp\/v2\/media?parent=3838"}],"curies":[{"name":"wp","href":"https:\/\/api.w.org\/{rel}","templated":true}]}}