{"id":3840,"date":"2016-10-17T19:35:36","date_gmt":"2016-10-17T16:35:36","guid":{"rendered":"http:\/\/www.safranbolutso.org.tr\/?page_id=3840"},"modified":"2020-03-12T22:43:36","modified_gmt":"2020-03-12T19:43:36","slug":"kooperatifler","status":"publish","type":"page","link":"https:\/\/www.safranbolutso.org.tr\/en\/tescil-ve-kayit-2\/kooperatifler\/","title":{"rendered":"Kooperatifler"},"content":{"rendered":"<p class=\"qtranxs-available-languages-message qtranxs-available-languages-message-en\">Sorry, this entry is only available in <a href=\"https:\/\/www.safranbolutso.org.tr\/tr\/wp-json\/wp\/v2\/pages\/3840\" class=\"qtranxs-available-language-link qtranxs-available-language-link-tr\" title=\"Turkish\">Turkish<\/a>.<\/p><p><\/p>\n<ul>\n<li><a href=\"https:\/\/www.safranbolutso.org.tr\/wp-content\/uploads\/evraklar\/Kooperatif\/ADRES DE\u011e\u0130\u015e\u0130KL\u0130\u011e\u0130 TESC\u0130L\u0130NDE \u0130STENECEK EVRAKLAR.docx\">ADRES DE\u011e\u0130\u015e\u0130KL\u0130\u011e\u0130 TESC\u0130L\u0130NDE \u0130STENECEK EVRAKLAR<\/a><\/li>\n<li><a href=\"https:\/\/www.safranbolutso.org.tr\/wp-content\/uploads\/evraklar\/Kooperatif\/AMA\u00c7 KONU DE\u011e\u0130\u015e\u0130KL\u0130\u011e\u0130 TESC\u0130L\u0130NDE \u0130STENECEK EVRAKLAR.docx\">AMA\u00c7 KONU DE\u011e\u0130\u015e\u0130KL\u0130\u011e\u0130 TESC\u0130L\u0130NDE \u0130STENECEK EVRAKLAR<\/a><\/li>\n<li><a href=\"https:\/\/www.safranbolutso.org.tr\/wp-content\/uploads\/evraklar\/Kooperatif\/BELED\u0130YE ADRES DE\u011e\u0130\u015e\u0130KL\u0130\u011e\u0130 TESC\u0130L\u0130NDE \u0130STENECEK EVRAKLAR.docx\">BELED\u0130YE ADRES DE\u011e\u0130\u015e\u0130KL\u0130\u011e\u0130 TESC\u0130L\u0130NDE \u0130STENECEK EVRAKLAR<\/a><\/li>\n<li><a href=\"https:\/\/www.safranbolutso.org.tr\/wp-content\/uploads\/evraklar\/Kooperatif\/FES\u0130H TESC\u0130L\u0130NDE \u0130STENECEK EVRAKLAR.docx\">FES\u0130H TESC\u0130L\u0130NDE \u0130STENECEK EVRAKLAR<\/a><\/li>\n<li><a href=\"https:\/\/www.safranbolutso.org.tr\/wp-content\/uploads\/evraklar\/Kooperatif\/KURULU\u015e TESC\u0130L\u0130NDE \u0130STENECEK EVRAKLAR.docx\">KURULU\u015e TESC\u0130L\u0130NDE \u0130STENECEK EVRAKLAR<\/a><\/li>\n<li><a href=\"https:\/\/www.safranbolutso.org.tr\/wp-content\/uploads\/evraklar\/Kooperatif\/OLA\u011eANGENEL KURUL TOPLANTILARININ TESC\u0130L\u0130NDE \u0130STENECEK EVRAKLAR.docx\">OLA\u011eANGENEL KURUL TOPLANTILARININ TESC\u0130L\u0130NDE \u0130STENECEK EVRAKLAR<\/a><\/li>\n<li><a href=\"https:\/\/www.safranbolutso.org.tr\/wp-content\/uploads\/evraklar\/Kooperatif\/TASF\u0130YE G\u0130R\u0130\u015e TESC\u0130L\u0130NDE \u0130STENECEK EVRAKLAR.docx\">TASF\u0130YE G\u0130R\u0130\u015e TESC\u0130L\u0130NDE \u0130STENECEK EVRAKLAR<\/a><\/li>\n<li><a href=\"https:\/\/www.safranbolutso.org.tr\/wp-content\/uploads\/evraklar\/Kooperatif\/TASF\u0130YEDEN D\u00d6N\u00dc\u015e TESC\u0130L\u0130NDE \u0130STENECEK EVRAKLAR.docx\">TASF\u0130YEDEN D\u00d6N\u00dc\u015e TESC\u0130L\u0130NDE \u0130STENECEK EVRAKLAR<\/a><\/li>\n<li><a href=\"https:\/\/www.safranbolutso.org.tr\/wp-content\/uploads\/evraklar\/Kooperatif\/UNVAN DE\u011e\u0130\u015e\u0130KL\u0130\u011e\u0130 TESC\u0130L\u0130NDE \u0130STENECEK EVRAKLAR.docx\">UNVAN DE\u011e\u0130\u015e\u0130KL\u0130\u011e\u0130 TESC\u0130L\u0130NDE \u0130STENECEK EVRAKLAR<\/a><\/li>\n<\/ul>\n<p><\/p>","protected":false},"excerpt":{"rendered":"<p>Sorry, this entry is only available in Turkish. ADRES DE\u011e\u0130\u015e\u0130KL\u0130\u011e\u0130 TESC\u0130L\u0130NDE \u0130STENECEK EVRAKLAR AMA\u00c7 KONU DE\u011e\u0130\u015e\u0130KL\u0130\u011e\u0130 TESC\u0130L\u0130NDE \u0130STENECEK EVRAKLAR BELED\u0130YE ADRES DE\u011e\u0130\u015e\u0130KL\u0130\u011e\u0130 TESC\u0130L\u0130NDE \u0130STENECEK EVRAKLAR FES\u0130H TESC\u0130L\u0130NDE \u0130STENECEK EVRAKLAR KURULU\u015e TESC\u0130L\u0130NDE \u0130STENECEK EVRAKLAR OLA\u011eANGENEL KURUL TOPLANTILARININ TESC\u0130L\u0130NDE \u0130STENECEK EVRAKLAR TASF\u0130YE G\u0130R\u0130\u015e TESC\u0130L\u0130NDE \u0130STENECEK EVRAKLAR TASF\u0130YEDEN D\u00d6N\u00dc\u015e TESC\u0130L\u0130NDE \u0130STENECEK EVRAKLAR UNVAN DE\u011e\u0130\u015e\u0130KL\u0130\u011e\u0130 TESC\u0130L\u0130NDE \u0130STENECEK EVRAKLAR<\/p>\n","protected":false},"author":1,"featured_media":0,"parent":8192,"menu_order":0,"comment_status":"closed","ping_status":"closed","template":"","meta":{"footnotes":""},"class_list":["post-3840","page","type-page","status-publish","hentry"],"_links":{"self":[{"href":"https:\/\/www.safranbolutso.org.tr\/en\/wp-json\/wp\/v2\/pages\/3840","targetHints":{"allow":["GET"]}}],"collection":[{"href":"https:\/\/www.safranbolutso.org.tr\/en\/wp-json\/wp\/v2\/pages"}],"about":[{"href":"https:\/\/www.safranbolutso.org.tr\/en\/wp-json\/wp\/v2\/types\/page"}],"author":[{"embeddable":true,"href":"https:\/\/www.safranbolutso.org.tr\/en\/wp-json\/wp\/v2\/users\/1"}],"replies":[{"embeddable":true,"href":"https:\/\/www.safranbolutso.org.tr\/en\/wp-json\/wp\/v2\/comments?post=3840"}],"version-history":[{"count":0,"href":"https:\/\/www.safranbolutso.org.tr\/en\/wp-json\/wp\/v2\/pages\/3840\/revisions"}],"up":[{"embeddable":true,"href":"https:\/\/www.safranbolutso.org.tr\/en\/wp-json\/wp\/v2\/pages\/8192"}],"wp:attachment":[{"href":"https:\/\/www.safranbolutso.org.tr\/en\/wp-json\/wp\/v2\/media?parent=3840"}],"curies":[{"name":"wp","href":"https:\/\/api.w.org\/{rel}","templated":true}]}}