{"id":3847,"date":"2016-10-17T19:36:46","date_gmt":"2016-10-17T16:36:46","guid":{"rendered":"http:\/\/www.safranbolutso.org.tr\/?page_id=3847"},"modified":"2020-03-12T22:44:28","modified_gmt":"2020-03-12T19:44:28","slug":"sahis-isletmesi","status":"publish","type":"page","link":"https:\/\/www.safranbolutso.org.tr\/en\/tescil-ve-kayit-2\/sahis-isletmesi\/","title":{"rendered":"\u015eah\u0131s \u0130\u015fletmesi"},"content":{"rendered":"<p class=\"qtranxs-available-languages-message qtranxs-available-languages-message-en\">Sorry, this entry is only available in <a href=\"https:\/\/www.safranbolutso.org.tr\/tr\/wp-json\/wp\/v2\/pages\/3847\" class=\"qtranxs-available-language-link qtranxs-available-language-link-tr\" title=\"Turkish\">Turkish<\/a>.<\/p><p><\/p>\n<ul>\n<li><a href=\"https:\/\/www.safranbolutso.org.tr\/wp-content\/uploads\/evraklar\/\u015eah\u0131s \u0130\u015fletmesi\/ADRES DE\u011e\u0130\u015e\u0130KL\u0130\u011e\u0130 TESC\u0130L\u0130NDE \u0130STENECEK EVRAKLAR.docx\">ADRES DE\u011e\u0130\u015e\u0130KL\u0130\u011e\u0130 TESC\u0130L\u0130NDE \u0130STENECEK EVRAKLAR<\/a><\/li>\n<li><a href=\"https:\/\/www.safranbolutso.org.tr\/wp-content\/uploads\/evraklar\/\u015eah\u0131s \u0130\u015fletmesi\/BELED\u0130YE ADRES DE\u011e\u0130\u015e\u0130KL\u0130\u011e\u0130 TESC\u0130L\u0130NDE \u0130STENECEK EVRAKLAR.docx\">BELED\u0130YE ADRES DE\u011e\u0130\u015e\u0130KL\u0130\u011e\u0130 TESC\u0130L\u0130NDE \u0130STENECEK EVRAKLAR<\/a><\/li>\n<li><a href=\"https:\/\/www.safranbolutso.org.tr\/wp-content\/uploads\/evraklar\/\u015eah\u0131s \u0130\u015fletmesi\/FAAL\u0130YET KONUSU DE\u011e\u0130\u015e\u0130K TESC\u0130L\u0130NDE \u0130STENECEK EVRAKLAR.docx\">FAAL\u0130YET KONUSU DE\u011e\u0130\u015e\u0130K TESC\u0130L\u0130NDE \u0130STENECEK EVRAKLAR<\/a><\/li>\n<li><a href=\"https:\/\/www.safranbolutso.org.tr\/wp-content\/uploads\/evraklar\/\u015eah\u0131s \u0130\u015fletmesi\/\u0130\u015eLETME DEVR\u0130 (HALEF\u0130YET-VERASET) TESC\u0130L\u0130NDE \u0130STENECEK EVRAKLAR.docx\">\u0130\u015eLETME DEVR\u0130 (HALEF\u0130YET-VERASET) TESC\u0130L\u0130NDE \u0130STENECEK EVRAKLAR<\/a><\/li>\n<li><a href=\"https:\/\/www.safranbolutso.org.tr\/wp-content\/uploads\/evraklar\/\u015eah\u0131s \u0130\u015fletmesi\/\u0130\u015eLETME DEVR\u0130 TESC\u0130L\u0130NDE \u0130STENECEK EVRAKLAR.docx\">\u0130\u015eLETME DEVR\u0130 TESC\u0130L\u0130NDE \u0130STENECEK EVRAKLAR<\/a><\/li>\n<li><a href=\"https:\/\/www.safranbolutso.org.tr\/wp-content\/uploads\/evraklar\/\u015eah\u0131s \u0130\u015fletmesi\/KOLAY B\u0130RLE\u015eME DEV\u0130R OLAN F\u0130RMA.docx\">KOLAY B\u0130RLE\u015eME DEV\u0130R OLAN F\u0130RMA<\/a><\/li>\n<li><a href=\"https:\/\/www.safranbolutso.org.tr\/wp-content\/uploads\/evraklar\/\u015eah\u0131s \u0130\u015fletmesi\/KURULU\u015e TESC\u0130L\u0130NDE \u0130STENECEK EVRAKLAR.docx\">KURULU\u015e TESC\u0130L\u0130NDE \u0130STENECEK EVRAKLAR<\/a><\/li>\n<li><a href=\"https:\/\/www.safranbolutso.org.tr\/wp-content\/uploads\/evraklar\/\u015eah\u0131s \u0130\u015fletmesi\/MERKEZ NAKL\u0130 TESC\u0130L\u0130NDE \u0130STENECEK EVRAKLAR.docx\">MERKEZ NAKL\u0130 TESC\u0130L\u0130NDE \u0130STENECEK EVRAKLAR<\/a><\/li>\n<li><a href=\"https:\/\/www.safranbolutso.org.tr\/wp-content\/uploads\/evraklar\/\u015eah\u0131s \u0130\u015fletmesi\/SERMAYE ARTIRIMI TESC\u0130L\u0130NDE \u0130STEN\u0130LEN EVRKALAR.docx\">SERMAYE ARTIRIMI TESC\u0130L\u0130NDE \u0130STEN\u0130LEN EVRKALAR<\/a><\/li>\n<li><a href=\"https:\/\/www.safranbolutso.org.tr\/wp-content\/uploads\/evraklar\/\u015eah\u0131s \u0130\u015fletmesi\/S\u0130GORTA ACENTEL\u0130\u011e\u0130 TESC\u0130L\u0130NDE \u0130STENECEK EVRAKLAR.docx\">S\u0130GORTA ACENTEL\u0130\u011e\u0130 TESC\u0130L\u0130NDE \u0130STENECEK EVRAKLAR<\/a><\/li>\n<li><a href=\"https:\/\/www.safranbolutso.org.tr\/wp-content\/uploads\/evraklar\/\u015eah\u0131s \u0130\u015fletmesi\/S\u0130GORTA ACENTEL\u0130K FES\u0130H TESC\u0130L\u0130NDE \u0130STENECEK EVRAKLAR.docx\">S\u0130GORTA ACENTEL\u0130K FES\u0130H TESC\u0130L\u0130NDE \u0130STENECEK EVRAKLAR<\/a><\/li>\n<li><a href=\"https:\/\/www.safranbolutso.org.tr\/wp-content\/uploads\/evraklar\/\u015eah\u0131s \u0130\u015fletmesi\/\u015eAHIS F\u0130RMASININ \u015e\u0130RKETE D\u00d6N\u00dc\u015eMES\u0130 (T\u00dcR DE\u011e\u0130\u015e\u0130KL\u0130\u011e\u0130).docx\">\u015eAHIS F\u0130RMASININ \u015e\u0130RKETE D\u00d6N\u00dc\u015eMES\u0130 (T\u00dcR DE\u011e\u0130\u015e\u0130KL\u0130\u011e\u0130)<\/a><\/li>\n<li><a href=\"https:\/\/www.safranbolutso.org.tr\/wp-content\/uploads\/evraklar\/\u015eah\u0131s \u0130\u015fletmesi\/TERK \u0130\u015eLEM\u0130 TESC\u0130L\u0130NDE \u0130STENECEK EVRAKLAR (\u00d6L\u00dcM NEDEN\u0130YLE).docx\">TERK \u0130\u015eLEM\u0130 TESC\u0130L\u0130NDE \u0130STENECEK EVRAKLAR (\u00d6L\u00dcM NEDEN\u0130YLE)<\/a><\/li>\n<li><a href=\"https:\/\/www.safranbolutso.org.tr\/wp-content\/uploads\/evraklar\/\u015eah\u0131s \u0130\u015fletmesi\/TERK \u0130\u015eLEM\u0130 TESC\u0130L\u0130NDE \u0130STENECEK EVRAKLAR.docx\">TERK \u0130\u015eLEM\u0130 TESC\u0130L\u0130NDE \u0130STENECEK EVRAKLAR<\/a><\/li>\n<li><a href=\"https:\/\/www.safranbolutso.org.tr\/wp-content\/uploads\/evraklar\/\u015eah\u0131s \u0130\u015fletmesi\/T\u0130CAR\u0130 \u0130\u015eLETME REHN\u0130.docx\">T\u0130CAR\u0130 \u0130\u015eLETME REHN\u0130<\/a><\/li>\n<li><a href=\"https:\/\/www.safranbolutso.org.tr\/wp-content\/uploads\/evraklar\/\u015eah\u0131s \u0130\u015fletmesi\/UNVAN DE\u011e\u0130\u015e\u0130KL\u0130\u011e\u0130 TESC\u0130L\u0130NDE \u0130STENECEK EVRAKLAR.docx\">UNVAN DE\u011e\u0130\u015e\u0130KL\u0130\u011e\u0130 TESC\u0130L\u0130NDE \u0130STENECEK EVRAKLAR<\/a><\/li>\n<\/ul>\n<p><\/p>","protected":false},"excerpt":{"rendered":"<p>Sorry, this entry is only available in Turkish. ADRES DE\u011e\u0130\u015e\u0130KL\u0130\u011e\u0130 TESC\u0130L\u0130NDE \u0130STENECEK EVRAKLAR BELED\u0130YE ADRES DE\u011e\u0130\u015e\u0130KL\u0130\u011e\u0130 TESC\u0130L\u0130NDE \u0130STENECEK EVRAKLAR FAAL\u0130YET KONUSU DE\u011e\u0130\u015e\u0130K TESC\u0130L\u0130NDE \u0130STENECEK EVRAKLAR \u0130\u015eLETME DEVR\u0130 (HALEF\u0130YET-VERASET) TESC\u0130L\u0130NDE \u0130STENECEK EVRAKLAR \u0130\u015eLETME DEVR\u0130 TESC\u0130L\u0130NDE \u0130STENECEK EVRAKLAR KOLAY B\u0130RLE\u015eME DEV\u0130R OLAN F\u0130RMA KURULU\u015e TESC\u0130L\u0130NDE \u0130STENECEK EVRAKLAR MERKEZ NAKL\u0130 TESC\u0130L\u0130NDE \u0130STENECEK EVRAKLAR SERMAYE ARTIRIMI TESC\u0130L\u0130NDE \u0130STEN\u0130LEN EVRKALAR [&hellip;]<\/p>\n","protected":false},"author":1,"featured_media":0,"parent":8192,"menu_order":0,"comment_status":"closed","ping_status":"closed","template":"","meta":{"footnotes":""},"class_list":["post-3847","page","type-page","status-publish","hentry"],"_links":{"self":[{"href":"https:\/\/www.safranbolutso.org.tr\/en\/wp-json\/wp\/v2\/pages\/3847","targetHints":{"allow":["GET"]}}],"collection":[{"href":"https:\/\/www.safranbolutso.org.tr\/en\/wp-json\/wp\/v2\/pages"}],"about":[{"href":"https:\/\/www.safranbolutso.org.tr\/en\/wp-json\/wp\/v2\/types\/page"}],"author":[{"embeddable":true,"href":"https:\/\/www.safranbolutso.org.tr\/en\/wp-json\/wp\/v2\/users\/1"}],"replies":[{"embeddable":true,"href":"https:\/\/www.safranbolutso.org.tr\/en\/wp-json\/wp\/v2\/comments?post=3847"}],"version-history":[{"count":0,"href":"https:\/\/www.safranbolutso.org.tr\/en\/wp-json\/wp\/v2\/pages\/3847\/revisions"}],"up":[{"embeddable":true,"href":"https:\/\/www.safranbolutso.org.tr\/en\/wp-json\/wp\/v2\/pages\/8192"}],"wp:attachment":[{"href":"https:\/\/www.safranbolutso.org.tr\/en\/wp-json\/wp\/v2\/media?parent=3847"}],"curies":[{"name":"wp","href":"https:\/\/api.w.org\/{rel}","templated":true}]}}