{"id":3879,"date":"2016-10-17T19:39:55","date_gmt":"2016-10-17T16:39:55","guid":{"rendered":"http:\/\/www.safranbolutso.org.tr\/?page_id=3879"},"modified":"2020-04-11T12:14:33","modified_gmt":"2020-04-11T09:14:33","slug":"safranboluda-ihracat-yapan-firmalar","status":"publish","type":"page","link":"https:\/\/www.safranbolutso.org.tr\/en\/dis-ticaret\/safranboluda-ihracat-yapan-firmalar\/","title":{"rendered":"Safranboluda \u0130hracat Yapan Firmalar"},"content":{"rendered":"<p>&nbsp;<\/p>\n<table style=\"height: 685px;\" width=\"896\">\n<tbody>\n<tr>\n<td style=\"text-align: center;\" colspan=\"5\" width=\"1028\">&nbsp;<\/p>\n<h3><strong>SAFRANBOLU&#8217;DA \u0130HRACAT YAPAN F\u0130RMA L\u0130STES\u0130<\/strong><\/h3>\n<h3><\/h3>\n<\/td>\n<\/tr>\n<tr>\n<td width=\"50\">\n<h3><strong>NO<\/strong><\/h3>\n<\/td>\n<td width=\"394\">\n<h3><strong>F\u0130RMA ADI<\/strong><\/h3>\n<\/td>\n<td width=\"311\">\n<h3><strong>ADRES<\/strong><\/h3>\n<\/td>\n<td width=\"145\">\n<h3><strong>TELEFON<\/strong><\/h3>\n<\/td>\n<td width=\"128\">\n<h3><strong>SEKT\u00d6R<\/strong><\/h3>\n<\/td>\n<\/tr>\n<tr>\n<td width=\"50\">1<\/td>\n<td width=\"394\">AYG\u00dcNSAN DEM\u0130R \u00c7EL\u0130K SANAY\u0130 VE T\u0130CARET L\u0130M\u0130TED \u015e\u0130RKET\u0130<\/td>\n<td width=\"311\">BARI\u015e MH. ARAPHACI CD. NO:41-43-43\/A-45-56 SAFRANBOLU<\/td>\n<td width=\"145\">0 370 712 02 70<\/td>\n<td width=\"128\">DEM\u0130R \u00c7EL\u0130K<\/td>\n<\/tr>\n<tr>\n<td width=\"50\">2<\/td>\n<td width=\"394\">KAR PRES SANAY\u0130 VE T\u0130CARET L\u0130M\u0130TED \u015e\u0130RKET\u0130<\/td>\n<td width=\"311\">SAFRANBOLU KASTAMONU YOLU \u00dcZER\u0130 6.KM \u00c7EVR\u0130KK\u00d6PR\u00dc MEVK\u0130\u0130 NO:53 SAFRANBOLU<\/td>\n<td width=\"145\">0 370 737 24 51<\/td>\n<td width=\"128\">DEM\u0130R \u00c7EL\u0130K<\/td>\n<\/tr>\n<tr>\n<td width=\"50\">3<\/td>\n<td width=\"394\">G\u00dcRMEN G\u0130Y\u0130M SANAY\u0130 VE T\u0130CARET A.\u015e. SAFRANBOLU \u015eUBES\u0130<\/td>\n<td width=\"311\">KAYABA\u015eI MEVK\u0130\u0130 BOSTANB\u00dcK\u00dc SAFRANBOLU<\/td>\n<td width=\"145\">0 370 712 25 46<\/td>\n<td width=\"128\">TEKST\u0130L<\/td>\n<\/tr>\n<tr>\n<td width=\"50\">4<\/td>\n<td width=\"394\">AEB ULUSLARARASI T\u0130CARET L\u0130M\u0130TED \u015e\u0130RKET\u0130<\/td>\n<td width=\"311\">KARIT K\u00d6Y\u00dc KASTAMONU YOLU CD. NO:121 SAFRANBOLU<\/td>\n<td width=\"145\">0 370 415 11 88<\/td>\n<td width=\"128\">GIDA<\/td>\n<\/tr>\n<tr>\n<td width=\"50\">5<\/td>\n<td width=\"394\">AR LEDER K\u00dcRK SANAY\u0130 VE T\u0130CARET L\u0130M\u0130TED \u015e\u0130RKET\u0130 SAFRANBOLU \u015eUBES\u0130<\/td>\n<td width=\"311\">BOSTANB\u00dcK\u00dc K\u00d6Y\u00dc ADALAR MEVK\u0130\u0130 KAT:2 SAFRANBOLU<\/td>\n<td width=\"145\">0 370 741 22 59<\/td>\n<td width=\"128\">DER\u0130 TEKST\u0130L<\/td>\n<\/tr>\n<tr>\n<td width=\"50\">6<\/td>\n<td width=\"394\">YAVUZ TEKST\u0130L SANAY\u0130 VE T\u0130CARET A.\u015e.SAFRANBOLU \u015eUBES\u0130<\/td>\n<td width=\"311\">NAVSAKLAR K\u00d6Y\u00dc SAFRANBOLU KASTAMONU YOLU 7.KM \u00c7EVR\u0130KK\u00d6PR\u00dc MEVK\u0130 SAFRANBOLU<\/td>\n<td width=\"145\">0 370 737 22 24<\/td>\n<td width=\"128\">TEKST\u0130L<\/td>\n<\/tr>\n<tr>\n<td width=\"50\">7<\/td>\n<td width=\"394\">SAFRANLAR DER\u0130C\u0130L\u0130K SANAY\u0130 VE T\u0130CARET L\u0130M\u0130TED \u015e\u0130RKET\u0130<\/td>\n<td width=\"311\">BARI\u015e MH. K\u00dc\u00c7\u00dcK SANAY\u0130 S\u0130TES\u0130 MEZBAHA SK. NO:2 SAFRANBOLU<\/td>\n<td width=\"145\">0 370 712 09 08<\/td>\n<td width=\"128\">DER\u0130 TEKST\u0130L<\/td>\n<\/tr>\n<tr>\n<td width=\"50\">8<\/td>\n<td width=\"394\">\u00a0AYB\u0130ENNA GIDA PAZARLAMA \u00dcRET\u0130M DI\u015e T\u0130CARET L\u0130M\u0130TED \u015e\u0130RKET\u0130<\/td>\n<td width=\"311\">KARIT K\u00d6Y\u00dc SANAY\u0130 17.SOKAK B BLOK NO:4 SAFRANBOLU<\/td>\n<td width=\"145\">0 370 415 40 63<\/td>\n<td width=\"128\">GIDA<\/td>\n<\/tr>\n<tr>\n<td width=\"50\">9<\/td>\n<td width=\"394\">BA\u011eLAR ME\u015eRUBAT SANAY\u0130 VE T\u0130CARET ANON\u0130M \u015e\u0130RKET\u0130<\/td>\n<td width=\"311\">SANAY\u0130 B\u00d6LGES\u0130 ESK\u0130 MEZBAHA \u00dcST\u00dc SAFRANBOLU<\/td>\n<td width=\"145\">0 370 712 50 56<\/td>\n<td width=\"128\">GIDA<\/td>\n<\/tr>\n<\/tbody>\n<\/table>\n<p>&nbsp;<\/p>","protected":false},"excerpt":{"rendered":"<p>&nbsp; &nbsp; SAFRANBOLU&#8217;DA \u0130HRACAT YAPAN F\u0130RMA L\u0130STES\u0130 NO F\u0130RMA ADI ADRES TELEFON SEKT\u00d6R 1 AYG\u00dcNSAN DEM\u0130R \u00c7EL\u0130K SANAY\u0130 VE T\u0130CARET L\u0130M\u0130TED \u015e\u0130RKET\u0130 BARI\u015e MH. ARAPHACI CD. NO:41-43-43\/A-45-56 SAFRANBOLU 0 370 712 02 70 DEM\u0130R \u00c7EL\u0130K 2 KAR PRES SANAY\u0130 VE T\u0130CARET L\u0130M\u0130TED \u015e\u0130RKET\u0130 SAFRANBOLU KASTAMONU YOLU \u00dcZER\u0130 6.KM \u00c7EVR\u0130KK\u00d6PR\u00dc MEVK\u0130\u0130 NO:53 SAFRANBOLU 0 370 737 [&hellip;]<\/p>\n","protected":false},"author":1,"featured_media":0,"parent":8348,"menu_order":0,"comment_status":"closed","ping_status":"closed","template":"","meta":{"footnotes":""},"class_list":["post-3879","page","type-page","status-publish","hentry"],"_links":{"self":[{"href":"https:\/\/www.safranbolutso.org.tr\/en\/wp-json\/wp\/v2\/pages\/3879","targetHints":{"allow":["GET"]}}],"collection":[{"href":"https:\/\/www.safranbolutso.org.tr\/en\/wp-json\/wp\/v2\/pages"}],"about":[{"href":"https:\/\/www.safranbolutso.org.tr\/en\/wp-json\/wp\/v2\/types\/page"}],"author":[{"embeddable":true,"href":"https:\/\/www.safranbolutso.org.tr\/en\/wp-json\/wp\/v2\/users\/1"}],"replies":[{"embeddable":true,"href":"https:\/\/www.safranbolutso.org.tr\/en\/wp-json\/wp\/v2\/comments?post=3879"}],"version-history":[{"count":0,"href":"https:\/\/www.safranbolutso.org.tr\/en\/wp-json\/wp\/v2\/pages\/3879\/revisions"}],"up":[{"embeddable":true,"href":"https:\/\/www.safranbolutso.org.tr\/en\/wp-json\/wp\/v2\/pages\/8348"}],"wp:attachment":[{"href":"https:\/\/www.safranbolutso.org.tr\/en\/wp-json\/wp\/v2\/media?parent=3879"}],"curies":[{"name":"wp","href":"https:\/\/api.w.org\/{rel}","templated":true}]}}