{"id":3915,"date":"2016-10-17T19:43:16","date_gmt":"2016-10-17T16:43:16","guid":{"rendered":"http:\/\/www.safranbolutso.org.tr\/?page_id=3915"},"modified":"2020-04-11T12:17:53","modified_gmt":"2020-04-11T09:17:53","slug":"fizibilite-raporlari","status":"publish","type":"page","link":"https:\/\/www.safranbolutso.org.tr\/en\/yayinlar\/fizibilite-raporlari\/","title":{"rendered":"Raporlar"},"content":{"rendered":"<p class=\"qtranxs-available-languages-message qtranxs-available-languages-message-en\">Sorry, this entry is only available in <a href=\"https:\/\/www.safranbolutso.org.tr\/tr\/wp-json\/wp\/v2\/pages\/3915\" class=\"qtranxs-available-language-link qtranxs-available-language-link-tr\" title=\"Turkish\">Turkish<\/a>.<\/p><p><\/p>\n<h1><span style=\"color: #000000;\"><a style=\"color: #000000;\" href=\"https:\/\/www.safranbolutso.org.tr\/wp-content\/uploads\/2019\/12\/karadag_ulke_raporu.pdf\">SAFRANBOLU\u00a0 T\u0130CARET VE SANAY\u0130 ODASI KARADA\u011e \u00dcLKE RAPORU<\/a><\/span><\/h1>\n<h1><span style=\"color: #000000;\"><a style=\"color: #000000;\" href=\"http:\/\/www.safranbolutso.org.tr\/wp-content\/uploads\/2019\/04\/SAFRANBOLU-ESNAFI-ANKET-\u00c7ALI\u015eMASI-\u00dcN\u0130VERS\u0130TE.pdf\">KARAB\u00dcK \u00dcN\u0130VERS\u0130TES\u0130 \u00d6\u011eRENC\u0130LER\u0130N\u0130N, SAFRANBOLU VE SAFRANBOLU ESNAFI HAKKINDAK\u0130 G\u00d6R\u00dc\u015eLER\u0130<\/a><\/span><\/h1>\n<h1><span style=\"color: #000000;\"><a style=\"color: #000000;\" href=\"http:\/\/www.safranbolutso.org.tr\/wp-content\/uploads\/2016\/10\/Y\u00f6resel-ve-K\u00fclt\u00fcrel-De\u011ferleri-Yans\u0131tan-Sanayi-Sitesi-Fizibilitesi-3.4.14.pdf\">Y\u00d6RESEL VE K\u00dcLT\u00dcREL DE\u011eERLER\u0130 YANSITAN SANAY\u0130 S\u0130TES\u0130 F\u0130Z\u0130B\u0130L\u0130TE RAPORU<\/a><\/span><\/h1>\n<h1><span style=\"color: #000000;\"><a style=\"color: #000000;\" href=\"http:\/\/www.safranbolutso.org.tr\/wp-content\/uploads\/2016\/10\/KARAB\u00dcK-\u0130HRACAT-RAPORU.pdf\">KARAB\u00dcK \u0130HRACAT RAPORU<\/a><\/span><\/h1>\n<p><\/p>","protected":false},"excerpt":{"rendered":"<p>Sorry, this entry is only available in Turkish. SAFRANBOLU\u00a0 T\u0130CARET VE SANAY\u0130 ODASI KARADA\u011e \u00dcLKE RAPORU KARAB\u00dcK \u00dcN\u0130VERS\u0130TES\u0130 \u00d6\u011eRENC\u0130LER\u0130N\u0130N, SAFRANBOLU VE SAFRANBOLU ESNAFI HAKKINDAK\u0130 G\u00d6R\u00dc\u015eLER\u0130 Y\u00d6RESEL VE K\u00dcLT\u00dcREL DE\u011eERLER\u0130 YANSITAN SANAY\u0130 S\u0130TES\u0130 F\u0130Z\u0130B\u0130L\u0130TE RAPORU KARAB\u00dcK \u0130HRACAT RAPORU<\/p>\n","protected":false},"author":1,"featured_media":0,"parent":8352,"menu_order":0,"comment_status":"closed","ping_status":"closed","template":"","meta":{"footnotes":""},"class_list":["post-3915","page","type-page","status-publish","hentry"],"_links":{"self":[{"href":"https:\/\/www.safranbolutso.org.tr\/en\/wp-json\/wp\/v2\/pages\/3915","targetHints":{"allow":["GET"]}}],"collection":[{"href":"https:\/\/www.safranbolutso.org.tr\/en\/wp-json\/wp\/v2\/pages"}],"about":[{"href":"https:\/\/www.safranbolutso.org.tr\/en\/wp-json\/wp\/v2\/types\/page"}],"author":[{"embeddable":true,"href":"https:\/\/www.safranbolutso.org.tr\/en\/wp-json\/wp\/v2\/users\/1"}],"replies":[{"embeddable":true,"href":"https:\/\/www.safranbolutso.org.tr\/en\/wp-json\/wp\/v2\/comments?post=3915"}],"version-history":[{"count":0,"href":"https:\/\/www.safranbolutso.org.tr\/en\/wp-json\/wp\/v2\/pages\/3915\/revisions"}],"up":[{"embeddable":true,"href":"https:\/\/www.safranbolutso.org.tr\/en\/wp-json\/wp\/v2\/pages\/8352"}],"wp:attachment":[{"href":"https:\/\/www.safranbolutso.org.tr\/en\/wp-json\/wp\/v2\/media?parent=3915"}],"curies":[{"name":"wp","href":"https:\/\/api.w.org\/{rel}","templated":true}]}}