{"id":3937,"date":"2016-10-17T19:45:25","date_gmt":"2016-10-17T16:45:25","guid":{"rendered":"http:\/\/www.safranbolutso.org.tr\/?page_id=3937"},"modified":"2022-03-04T11:11:50","modified_gmt":"2022-03-04T08:11:50","slug":"oda-banka-hesap-numaralari","status":"publish","type":"page","link":"https:\/\/www.safranbolutso.org.tr\/en\/online-islemler\/oda-banka-hesap-numaralari\/","title":{"rendered":"Oda Banka Hesap Numaralar\u0131"},"content":{"rendered":"<p class=\"qtranxs-available-languages-message qtranxs-available-languages-message-en\">Sorry, this entry is only available in <a href=\"https:\/\/www.safranbolutso.org.tr\/tr\/wp-json\/wp\/v2\/pages\/3937\" class=\"qtranxs-available-language-link qtranxs-available-language-link-tr\" title=\"Turkish\">Turkish<\/a>.<\/p><p>&nbsp;<\/p>\n<table style=\"height: 321px;\" width=\"898\">\n<tbody>\n<tr>\n<td colspan=\"4\" width=\"883\">SAFRANBOLU T\u0130CARET VE SANAY\u0130 ODASI VADES\u0130Z HESAP NUMARALARI<\/td>\n<\/tr>\n<tr>\n<td>NO<\/td>\n<td>BANKA ADI<\/td>\n<td>HESAP NUMARASI<\/td>\n<td>IBAN NUMARASI<\/td>\n<\/tr>\n<tr>\n<td>1-<\/td>\n<td>VAKIFBANK<span style=\"color: #ff0000;\"><strong> (AIDAT TAHS\u0130LATLARI HESABI)<\/strong><\/span><\/td>\n<td>00158007299069348<\/td>\n<td>TR42-0001-5001-5800-7299-0693-48<\/td>\n<\/tr>\n<tr>\n<td>2-<\/td>\n<td>Z\u0130RAAT BANKASI (EFLAN\u0130)<\/td>\n<td>13348751-5010<\/td>\n<td>TR56-0001-0005-0813-3487-5150-10<\/td>\n<\/tr>\n<tr>\n<td>3-<\/td>\n<td>GARANT\u0130 BANKASI<\/td>\n<td>1159\/6298869<\/td>\n<td>TR21-0006-2001-1590-0006-2988-69<\/td>\n<\/tr>\n<tr>\n<td>4-<\/td>\n<td>\u0130\u015e BANKASI<\/td>\n<td>7641\/0000455<\/td>\n<td>TR87-0006-4000-0017-6410-0004-55<\/td>\n<\/tr>\n<tr>\n<td>5-<\/td>\n<td>HALK BANK<\/td>\n<td>0477\/17000003<\/td>\n<td>TR31-0001-2009-4770-0017-0000-03<\/td>\n<\/tr>\n<tr>\n<td>6-<\/td>\n<td>Z\u0130RAAT BANKASI (SAFRANBOLU)<\/td>\n<td>13348751-5001<\/td>\n<td>TR79-0001-0010-1413-3487-5150-01<\/td>\n<\/tr>\n<tr>\n<td>7-<\/td>\n<td>YAPI VE KRED\u0130 BANKASI<\/td>\n<td>1345-55388074<\/td>\n<td>TR32-0006\u20137010\u20130000\u20130055\u20133880\u201374<\/td>\n<\/tr>\n<\/tbody>\n<\/table>\n<p><\/p>","protected":false},"excerpt":{"rendered":"<p>Sorry, this entry is only available in Turkish.&nbsp; SAFRANBOLU T\u0130CARET VE SANAY\u0130 ODASI VADES\u0130Z HESAP NUMARALARI NO BANKA ADI HESAP NUMARASI IBAN NUMARASI 1- VAKIFBANK (AIDAT TAHS\u0130LATLARI HESABI) 00158007299069348 TR42-0001-5001-5800-7299-0693-48 2- Z\u0130RAAT BANKASI (EFLAN\u0130) 13348751-5010 TR56-0001-0005-0813-3487-5150-10 3- GARANT\u0130 BANKASI 1159\/6298869 TR21-0006-2001-1590-0006-2988-69 4- \u0130\u015e BANKASI 7641\/0000455 TR87-0006-4000-0017-6410-0004-55 5- HALK BANK 0477\/17000003 TR31-0001-2009-4770-0017-0000-03 6- Z\u0130RAAT BANKASI (SAFRANBOLU) [&hellip;]<\/p>\n","protected":false},"author":1,"featured_media":0,"parent":8360,"menu_order":0,"comment_status":"closed","ping_status":"closed","template":"","meta":{"footnotes":""},"class_list":["post-3937","page","type-page","status-publish","hentry"],"_links":{"self":[{"href":"https:\/\/www.safranbolutso.org.tr\/en\/wp-json\/wp\/v2\/pages\/3937","targetHints":{"allow":["GET"]}}],"collection":[{"href":"https:\/\/www.safranbolutso.org.tr\/en\/wp-json\/wp\/v2\/pages"}],"about":[{"href":"https:\/\/www.safranbolutso.org.tr\/en\/wp-json\/wp\/v2\/types\/page"}],"author":[{"embeddable":true,"href":"https:\/\/www.safranbolutso.org.tr\/en\/wp-json\/wp\/v2\/users\/1"}],"replies":[{"embeddable":true,"href":"https:\/\/www.safranbolutso.org.tr\/en\/wp-json\/wp\/v2\/comments?post=3937"}],"version-history":[{"count":0,"href":"https:\/\/www.safranbolutso.org.tr\/en\/wp-json\/wp\/v2\/pages\/3937\/revisions"}],"up":[{"embeddable":true,"href":"https:\/\/www.safranbolutso.org.tr\/en\/wp-json\/wp\/v2\/pages\/8360"}],"wp:attachment":[{"href":"https:\/\/www.safranbolutso.org.tr\/en\/wp-json\/wp\/v2\/media?parent=3937"}],"curies":[{"name":"wp","href":"https:\/\/api.w.org\/{rel}","templated":true}]}}