{"id":3971,"date":"2016-10-17T19:48:39","date_gmt":"2016-10-17T16:48:39","guid":{"rendered":"http:\/\/www.safranbolutso.org.tr\/?page_id=3971"},"modified":"2020-04-11T12:35:40","modified_gmt":"2020-04-11T09:35:40","slug":"mersis-nedir","status":"publish","type":"page","link":"https:\/\/www.safranbolutso.org.tr\/en\/mersis\/mersis-nedir\/","title":{"rendered":"Mersis Nedir?"},"content":{"rendered":"<p><\/p>\n<div class=\"cheader\">\n<div class=\"c_title\" style=\"text-align: justify;\"><strong>MERS\u0130S (Merkezi Sicil Kay\u0131t Sistemi) \u0130nternet Adresi:<\/strong><br \/>\n<strong><a href=\"http:\/\/mersis.gumrukticaret.gov.tr\/\" target=\"_blank\" rel=\"noopener noreferrer\">http:\/\/mersis.gumrukticaret.gov.tr<\/a><\/strong><strong><span id=\"dnn_ctr415_dnnTITLE_lblTitle\" class=\"ctitle\">MERS\u0130S Nedir?<\/span><\/strong><\/div>\n<div class=\"c_vis\" style=\"text-align: justify;\">Y\u00fcksek Planlama Kurulunun 12.07.2006 tarih ve 2006\/38\/ say\u0131l\u0131 karar\u0131 ile\u00a0 28.07.2006 tarih ve 26242 say\u0131l\u0131 Resmi Gazetede yay\u0131mlanan, \u201cBilgi Toplumu Stratejisi ve Eylem Plan\u0131\u201dnda 56 No\u2019lu eylem olarak yer alan \u201cMerkezi T\u00fczel Ki\u015filik Bilgi Sistemi\u201d olu\u015fturulmas\u0131 projesinin sorumlulu\u011fu Bakanl\u0131\u011f\u0131m\u0131za verilmi\u015ftir.<\/div>\n<\/div>\n<div id=\"dnn_ctr415_ContentPane\" class=\"containerpane\">\n<div id=\"dnn_ctr415_ModuleContent\" class=\"ModDNNHTMLC\">\n<div id=\"dnn_ctr415_HtmlModule_lblContent\" class=\"Normal\">\n<p style=\"text-align: justify;\"><strong>PROJEN\u0130N AMACI<\/strong><br \/>\nKamu kurumlar\u0131n\u0131n t\u00fczel ki\u015filiklerle ilgili ihtiyac\u0131 olan bilginin tek noktadan sunulmas\u0131, sisteme dahil ki\u015filiklere ait bilginin vergi numaras\u0131 ile bir sistemde birle\u015ftirilmesi sa\u011flanacak, sistemde tutulan \u015firket bilgileri uluslararas\u0131 standartlara uyumlu hale getirilecektir. Ayr\u0131ca, sistemde yer alan bilgilerin, ki\u015fisel bilgilerin mahremiyeti ve AB m\u00fcktesabat\u0131 \u00e7er\u00e7evesinde belirlenecek kurallara g\u00f6re \u00f6zel sekt\u00f6r kurulu\u015flar\u0131yla payla\u015f\u0131m\u0131 ger\u00e7ekle\u015ftirilecektir. T\u00fcrkiye&#8217;de d\u00f6rt veri taban\u0131 vard\u0131r. Kimlik bilgilerinin oldu\u011fu \u201cKimlik Payla\u015f\u0131m Sistemi (MERN\u0130S), adres bilgilerinin tutuldu\u011fu\u00a0 \u201cUlusal Adres Payla\u015f\u0131m Sistemi (UAPS)\u201d, Tapu ve kadastro bilgilerinin kay\u0131tl\u0131 oldu\u011fu \u201cTapu Kay\u0131t Bilgi Sistemi (TAKB\u0130S)\u201d ve t\u00fczel ki\u015filiklerinin kay\u0131tl\u0131 oldu\u011fu \u201cMerkezi T\u00fczel Ki\u015filik Bilgi Sistemi (MTK)\u201d. Bu veri tabanlar\u0131n\u0131n tamamlanmas\u0131 ile\u00a0 \u00fczerine e-Devlet uygulamalar\u0131n\u0131n daha h\u0131zl\u0131 yap\u0131labilece\u011fi kesindir.<\/p>\n<p style=\"text-align: justify;\"><strong>B\u0130LG\u0130 S\u0130STEM\u0130N\u0130N OLU\u015eTURULMASI<\/strong><\/p>\n<p style=\"text-align: justify;\">238 Ticaret Sicil Memurlu\u011fu\u2019ndan Sicil Esas Defteri kay\u0131tlar\u0131nda yer alan ger\u00e7ek veya t\u00fczel ki\u015filiklere ili\u015fkin \u015eirket T\u00fcr\u00fc, Unvan, Adresi, \u0130l, \u0130l\u00e7e, Faaliyet Durumu, Ticaret Sicil Numaras\u0131, Tescil Tarihi, Vergi Dairesi, Vergi No, S\u00fcresi, Tescil Tarihi, \u015eube Bilgileri, \u015eirket ama\u00e7 ve konusu, Temsilcilerin TCkimlik no, ad soyad, yetki s\u00fcresi, yetki ad\u0131, ortaklar\u0131n TCkimlik numaras\u0131,\u00a0 ve sermaye miktar\u0131, firma acentas\u0131, ticaret sicil gazetesi bilgileri, noter bilgisi Dernekler Dairesi Ba\u015fkanl\u0131\u011f\u0131\u2019ndan; Dernek K\u00fct\u00fck Numaras\u0131, Dernek Ad\u0131, Dernek Vergi No, Adresi, Telefon, Faks, E-Posta, Dernek Kurulu\u015f Amac\u0131 (metin bilgisi tutulacak) bilgileri, Vak\u0131flar Genel M\u00fcd\u00fcrl\u00fc\u011f\u00fc\u2019nden Vak\u0131f K\u00fct\u00fck Numaras\u0131, Vak\u0131f Ad\u0131, Adres, \u0130l,\u0130l\u00e7e, Telefon, Faks, E-Posta, Vak\u0131f T\u00fcr\u00fc bilgileri,<\/p>\n<\/div>\n<\/div>\n<\/div>\n<p>Sayfam\u0131zda yer alan men\u00fcler arac\u0131l\u0131\u011f\u0131 ile MERS\u0130S sayfalar\u0131na kolayca ula\u015fabilir, konuyla ilgili olarak haz\u0131rlanan e\u011fitim dok\u00fcmanlar\u0131m\u0131z\u0131 inceleyebilirsiniz.<\/p>","protected":false},"excerpt":{"rendered":"<p>MERS\u0130S (Merkezi Sicil Kay\u0131t Sistemi) \u0130nternet Adresi: http:\/\/mersis.gumrukticaret.gov.trMERS\u0130S Nedir? Y\u00fcksek Planlama Kurulunun 12.07.2006 tarih ve 2006\/38\/ say\u0131l\u0131 karar\u0131 ile\u00a0 28.07.2006 tarih ve 26242 say\u0131l\u0131 Resmi Gazetede yay\u0131mlanan, \u201cBilgi Toplumu Stratejisi ve Eylem Plan\u0131\u201dnda 56 No\u2019lu eylem olarak yer alan \u201cMerkezi T\u00fczel Ki\u015filik Bilgi Sistemi\u201d olu\u015fturulmas\u0131 projesinin sorumlulu\u011fu Bakanl\u0131\u011f\u0131m\u0131za verilmi\u015ftir. PROJEN\u0130N AMACI Kamu kurumlar\u0131n\u0131n t\u00fczel ki\u015filiklerle [&hellip;]<\/p>\n","protected":false},"author":1,"featured_media":0,"parent":8373,"menu_order":0,"comment_status":"closed","ping_status":"closed","template":"","meta":{"footnotes":""},"class_list":["post-3971","page","type-page","status-publish","hentry"],"_links":{"self":[{"href":"https:\/\/www.safranbolutso.org.tr\/en\/wp-json\/wp\/v2\/pages\/3971","targetHints":{"allow":["GET"]}}],"collection":[{"href":"https:\/\/www.safranbolutso.org.tr\/en\/wp-json\/wp\/v2\/pages"}],"about":[{"href":"https:\/\/www.safranbolutso.org.tr\/en\/wp-json\/wp\/v2\/types\/page"}],"author":[{"embeddable":true,"href":"https:\/\/www.safranbolutso.org.tr\/en\/wp-json\/wp\/v2\/users\/1"}],"replies":[{"embeddable":true,"href":"https:\/\/www.safranbolutso.org.tr\/en\/wp-json\/wp\/v2\/comments?post=3971"}],"version-history":[{"count":0,"href":"https:\/\/www.safranbolutso.org.tr\/en\/wp-json\/wp\/v2\/pages\/3971\/revisions"}],"up":[{"embeddable":true,"href":"https:\/\/www.safranbolutso.org.tr\/en\/wp-json\/wp\/v2\/pages\/8373"}],"wp:attachment":[{"href":"https:\/\/www.safranbolutso.org.tr\/en\/wp-json\/wp\/v2\/media?parent=3971"}],"curies":[{"name":"wp","href":"https:\/\/api.w.org\/{rel}","templated":true}]}}