{"id":3973,"date":"2016-10-17T19:48:45","date_gmt":"2016-10-17T16:48:45","guid":{"rendered":"http:\/\/www.safranbolutso.org.tr\/?page_id=3973"},"modified":"2020-04-11T12:35:29","modified_gmt":"2020-04-11T09:35:29","slug":"mersis-kullanici-kayit","status":"publish","type":"page","link":"https:\/\/www.safranbolutso.org.tr\/en\/mersis\/mersis-kullanici-kayit\/","title":{"rendered":"Mersis Kullan\u0131c\u0131 Kay\u0131t"},"content":{"rendered":"","protected":false},"excerpt":{"rendered":"","protected":false},"author":1,"featured_media":0,"parent":8373,"menu_order":0,"comment_status":"closed","ping_status":"closed","template":"","meta":{"footnotes":""},"class_list":["post-3973","page","type-page","status-publish","hentry"],"_links":{"self":[{"href":"https:\/\/www.safranbolutso.org.tr\/en\/wp-json\/wp\/v2\/pages\/3973","targetHints":{"allow":["GET"]}}],"collection":[{"href":"https:\/\/www.safranbolutso.org.tr\/en\/wp-json\/wp\/v2\/pages"}],"about":[{"href":"https:\/\/www.safranbolutso.org.tr\/en\/wp-json\/wp\/v2\/types\/page"}],"author":[{"embeddable":true,"href":"https:\/\/www.safranbolutso.org.tr\/en\/wp-json\/wp\/v2\/users\/1"}],"replies":[{"embeddable":true,"href":"https:\/\/www.safranbolutso.org.tr\/en\/wp-json\/wp\/v2\/comments?post=3973"}],"version-history":[{"count":0,"href":"https:\/\/www.safranbolutso.org.tr\/en\/wp-json\/wp\/v2\/pages\/3973\/revisions"}],"up":[{"embeddable":true,"href":"https:\/\/www.safranbolutso.org.tr\/en\/wp-json\/wp\/v2\/pages\/8373"}],"wp:attachment":[{"href":"https:\/\/www.safranbolutso.org.tr\/en\/wp-json\/wp\/v2\/media?parent=3973"}],"curies":[{"name":"wp","href":"https:\/\/api.w.org\/{rel}","templated":true}]}}