{"id":3983,"date":"2016-10-17T19:49:45","date_gmt":"2016-10-17T16:49:45","guid":{"rendered":"http:\/\/www.safranbolutso.org.tr\/?page_id=3983"},"modified":"2020-04-11T12:37:39","modified_gmt":"2020-04-11T09:37:39","slug":"mersis-nasil-kullanilir-vatandas-islemleri","status":"publish","type":"page","link":"https:\/\/www.safranbolutso.org.tr\/en\/mersis-egitim-dokumanlari\/mersis-nasil-kullanilir-vatandas-islemleri\/","title":{"rendered":"Mersis Nas\u0131l Kullan\u0131l\u0131r? Vatanda\u015f \u0130\u015flemleri"},"content":{"rendered":"","protected":false},"excerpt":{"rendered":"","protected":false},"author":1,"featured_media":0,"parent":8377,"menu_order":0,"comment_status":"closed","ping_status":"closed","template":"","meta":{"footnotes":""},"class_list":["post-3983","page","type-page","status-publish","hentry"],"_links":{"self":[{"href":"https:\/\/www.safranbolutso.org.tr\/en\/wp-json\/wp\/v2\/pages\/3983","targetHints":{"allow":["GET"]}}],"collection":[{"href":"https:\/\/www.safranbolutso.org.tr\/en\/wp-json\/wp\/v2\/pages"}],"about":[{"href":"https:\/\/www.safranbolutso.org.tr\/en\/wp-json\/wp\/v2\/types\/page"}],"author":[{"embeddable":true,"href":"https:\/\/www.safranbolutso.org.tr\/en\/wp-json\/wp\/v2\/users\/1"}],"replies":[{"embeddable":true,"href":"https:\/\/www.safranbolutso.org.tr\/en\/wp-json\/wp\/v2\/comments?post=3983"}],"version-history":[{"count":0,"href":"https:\/\/www.safranbolutso.org.tr\/en\/wp-json\/wp\/v2\/pages\/3983\/revisions"}],"up":[{"embeddable":true,"href":"https:\/\/www.safranbolutso.org.tr\/en\/wp-json\/wp\/v2\/pages\/8377"}],"wp:attachment":[{"href":"https:\/\/www.safranbolutso.org.tr\/en\/wp-json\/wp\/v2\/media?parent=3983"}],"curies":[{"name":"wp","href":"https:\/\/api.w.org\/{rel}","templated":true}]}}