{"id":3989,"date":"2016-10-17T19:50:10","date_gmt":"2016-10-17T16:50:10","guid":{"rendered":"http:\/\/www.safranbolutso.org.tr\/?page_id=3989"},"modified":"2020-04-11T12:38:52","modified_gmt":"2020-04-11T09:38:52","slug":"uye-olma-islemi","status":"publish","type":"page","link":"https:\/\/www.safranbolutso.org.tr\/en\/mersis-egitim-videolari\/uye-olma-islemi\/","title":{"rendered":"\u00dcye Olma \u0130\u015flemi"},"content":{"rendered":"<p><center><iframe loading=\"lazy\" width=\"700\" height=\"580\" src=\"https:\/\/www.youtube.com\/embed\/--2j5wutrRI\" frameborder=\"0\" allowfullscreen><\/iframe><\/center><\/p>","protected":false},"excerpt":{"rendered":"","protected":false},"author":1,"featured_media":0,"parent":8384,"menu_order":0,"comment_status":"closed","ping_status":"closed","template":"","meta":{"footnotes":""},"class_list":["post-3989","page","type-page","status-publish","hentry"],"_links":{"self":[{"href":"https:\/\/www.safranbolutso.org.tr\/en\/wp-json\/wp\/v2\/pages\/3989","targetHints":{"allow":["GET"]}}],"collection":[{"href":"https:\/\/www.safranbolutso.org.tr\/en\/wp-json\/wp\/v2\/pages"}],"about":[{"href":"https:\/\/www.safranbolutso.org.tr\/en\/wp-json\/wp\/v2\/types\/page"}],"author":[{"embeddable":true,"href":"https:\/\/www.safranbolutso.org.tr\/en\/wp-json\/wp\/v2\/users\/1"}],"replies":[{"embeddable":true,"href":"https:\/\/www.safranbolutso.org.tr\/en\/wp-json\/wp\/v2\/comments?post=3989"}],"version-history":[{"count":0,"href":"https:\/\/www.safranbolutso.org.tr\/en\/wp-json\/wp\/v2\/pages\/3989\/revisions"}],"up":[{"embeddable":true,"href":"https:\/\/www.safranbolutso.org.tr\/en\/wp-json\/wp\/v2\/pages\/8384"}],"wp:attachment":[{"href":"https:\/\/www.safranbolutso.org.tr\/en\/wp-json\/wp\/v2\/media?parent=3989"}],"curies":[{"name":"wp","href":"https:\/\/api.w.org\/{rel}","templated":true}]}}