{"id":4020,"date":"2016-10-17T20:04:24","date_gmt":"2016-10-17T17:04:24","guid":{"rendered":"http:\/\/www.safranbolutso.org.tr\/?page_id=4020"},"modified":"2020-03-12T22:34:21","modified_gmt":"2020-03-12T19:34:21","slug":"emlak-takdir-komisyonu-uyeleri-2","status":"publish","type":"page","link":"https:\/\/www.safranbolutso.org.tr\/en\/oda-organlari-ve-komisyonlar\/emlak-takdir-komisyonu-uyeleri-2\/","title":{"rendered":"Emlak Takdir Komisyonu \u00dcyeleri"},"content":{"rendered":"<p><span style=\"text-decoration: underline;\">EMLAK TAKD\u0130R KOM\u0130SYON \u00dcYELER\u0130,<\/span><\/p>\n<p>AHMER ARAL EMLAK TAKD\u0130R KOM\u0130SYON BA\u015eKANI<\/p>\n<p>M.OSMAN \u0130Y\u0130G\u00dcNG\u00d6R EMLAK TAKD\u0130R KOM\u0130SYON BA\u015eKAN YARDIMCISI<\/p>\n<p>EY\u00dcP \u00d6ZT\u00dcRK EMLAK TAKD\u0130R KOM\u0130SYON \u00dcYES\u0130<\/p>","protected":false},"excerpt":{"rendered":"<p>EMLAK TAKD\u0130R KOM\u0130SYON \u00dcYELER\u0130, AHMER ARAL EMLAK TAKD\u0130R KOM\u0130SYON BA\u015eKANI M.OSMAN \u0130Y\u0130G\u00dcNG\u00d6R EMLAK TAKD\u0130R KOM\u0130SYON BA\u015eKAN YARDIMCISI EY\u00dcP \u00d6ZT\u00dcRK EMLAK TAKD\u0130R KOM\u0130SYON \u00dcYES\u0130<\/p>\n","protected":false},"author":1,"featured_media":0,"parent":8171,"menu_order":0,"comment_status":"closed","ping_status":"closed","template":"","meta":{"footnotes":""},"class_list":["post-4020","page","type-page","status-publish","hentry"],"_links":{"self":[{"href":"https:\/\/www.safranbolutso.org.tr\/en\/wp-json\/wp\/v2\/pages\/4020","targetHints":{"allow":["GET"]}}],"collection":[{"href":"https:\/\/www.safranbolutso.org.tr\/en\/wp-json\/wp\/v2\/pages"}],"about":[{"href":"https:\/\/www.safranbolutso.org.tr\/en\/wp-json\/wp\/v2\/types\/page"}],"author":[{"embeddable":true,"href":"https:\/\/www.safranbolutso.org.tr\/en\/wp-json\/wp\/v2\/users\/1"}],"replies":[{"embeddable":true,"href":"https:\/\/www.safranbolutso.org.tr\/en\/wp-json\/wp\/v2\/comments?post=4020"}],"version-history":[{"count":0,"href":"https:\/\/www.safranbolutso.org.tr\/en\/wp-json\/wp\/v2\/pages\/4020\/revisions"}],"up":[{"embeddable":true,"href":"https:\/\/www.safranbolutso.org.tr\/en\/wp-json\/wp\/v2\/pages\/8171"}],"wp:attachment":[{"href":"https:\/\/www.safranbolutso.org.tr\/en\/wp-json\/wp\/v2\/media?parent=4020"}],"curies":[{"name":"wp","href":"https:\/\/api.w.org\/{rel}","templated":true}]}}