{"id":4040,"date":"2016-10-17T21:07:36","date_gmt":"2016-10-17T18:07:36","guid":{"rendered":"http:\/\/www.safranbolutso.org.tr\/?page_id=4040"},"modified":"2020-03-12T22:43:19","modified_gmt":"2020-03-12T19:43:19","slug":"limited-sirket","status":"publish","type":"page","link":"https:\/\/www.safranbolutso.org.tr\/en\/tescil-ve-kayit-2\/limited-sirket\/","title":{"rendered":"Limited \u015eirket"},"content":{"rendered":"<p class=\"qtranxs-available-languages-message qtranxs-available-languages-message-en\">Sorry, this entry is only available in <a href=\"https:\/\/www.safranbolutso.org.tr\/tr\/wp-json\/wp\/v2\/pages\/4040\" class=\"qtranxs-available-language-link qtranxs-available-language-link-tr\" title=\"Turkish\">Turkish<\/a>.<\/p><p><\/p>\n<ul>\n<li><a href=\"https:\/\/www.safranbolutso.org.tr\/wp-content\/uploads\/evraklar\/Limited \u015eirketi\/ADRES DE\u011e\u0130\u015e\u0130KL\u0130\u011e\u0130 TESC\u0130L\u0130NDE GEREKL\u0130 EVRAKLAR.docx\">ADRES DE\u011e\u0130\u015e\u0130KL\u0130\u011e\u0130 TESC\u0130L\u0130NDE GEREKL\u0130 EVRAKLAR<\/a><\/li>\n<li><a href=\"https:\/\/www.safranbolutso.org.tr\/wp-content\/uploads\/evraklar\/Limited \u015eirketi\/ANAS\u00d6ZLE\u015eME TAD\u0130L\u0130 TESC\u0130L\u0130NDE GEREKL\u0130 EVRAKLAR.docx\">ANAS\u00d6ZLE\u015eME TAD\u0130L\u0130 TESC\u0130L\u0130NDE GEREKL\u0130 EVRAKLAR<\/a><\/li>\n<li><a href=\"https:\/\/www.safranbolutso.org.tr\/wp-content\/uploads\/evraklar\/Limited \u015eirketi\/BELED\u0130YE ADRES DE\u011e\u0130\u015e\u0130KL\u0130\u011e\u0130 TESC\u0130L\u0130NDE GEREKL\u0130 EVRAKLAR.docx\">BELED\u0130YE ADRES DE\u011e\u0130\u015e\u0130KL\u0130\u011e\u0130 TESC\u0130L\u0130NDE GEREKL\u0130 EVRAKLAR<\/a><\/li>\n<li><a href=\"https:\/\/www.safranbolutso.org.tr\/wp-content\/uploads\/evraklar\/Limited \u015eirketi\/B\u0130RLE\u015eME TESC\u0130L\u0130NDE GEREKL\u0130 EVRAKLAR.docx\">B\u0130RLE\u015eME TESC\u0130L\u0130NDE GEREKL\u0130 EVRAKLAR<\/a><\/li>\n<li><a href=\"https:\/\/www.safranbolutso.org.tr\/wp-content\/uploads\/evraklar\/Limited \u015eirketi\/B\u00d6L\u00dcNME TESC\u0130L\u0130NDE GEREKL\u0130 EVRAKLAR.docx\">B\u00d6L\u00dcNME TESC\u0130L\u0130NDE GEREKL\u0130 EVRAKLAR<\/a><\/li>\n<li><a href=\"https:\/\/www.safranbolutso.org.tr\/wp-content\/uploads\/evraklar\/Limited \u015eirketi\/FES\u0130H TESC\u0130L\u0130NDE GEREKL\u0130 EVRAKLAR.docx\">FES\u0130H TESC\u0130L\u0130NDE GEREKL\u0130 EVRAKLAR<\/a><\/li>\n<li><a href=\"https:\/\/www.safranbolutso.org.tr\/wp-content\/uploads\/evraklar\/Limited \u015eirketi\/H\u0130SSE DEVR\u0130 (TEK ORTA\u011eA D\u00dc\u015e\u00dcRME) TESC\u0130L \u0130\u00c7\u0130N GEREKL\u0130 EVRAKLAR.docx\">H\u0130SSE DEVR\u0130 (TEK ORTA\u011eA D\u00dc\u015e\u00dcRME) TESC\u0130L \u0130\u00c7\u0130N GEREKL\u0130 EVRAKLAR<\/a><\/li>\n<li><a href=\"https:\/\/www.safranbolutso.org.tr\/wp-content\/uploads\/evraklar\/Limited \u015eirketi\/H\u0130SSE DEVR\u0130 (TEK ORTAKTAN BA\u015eKA B\u0130R TEK ORTA\u011eA DEV\u0130R) TESC\u0130L \u0130\u00c7\u0130N GEREKL\u0130 EVRAKLAR.docx\">H\u0130SSE DEVR\u0130 (TEK ORTAKTAN BA\u015eKA B\u0130R TEK ORTA\u011eA DEV\u0130R) TESC\u0130L \u0130\u00c7\u0130N GEREKL\u0130 EVRAKLAR<\/a><\/li>\n<li><a href=\"https:\/\/www.safranbolutso.org.tr\/wp-content\/uploads\/evraklar\/Limited \u015eirketi\/H\u0130SSE DEVR\u0130 (TEK ORTAKTAN \u00c7OK ORTA\u011eA \u00c7IKARMA) TESC\u0130L \u0130\u00c7\u0130N GEREKL\u0130 EVRAKLAR.docx\">H\u0130SSE DEVR\u0130 (TEK ORTAKTAN \u00c7OK ORTA\u011eA \u00c7IKARMA) TESC\u0130L \u0130\u00c7\u0130N GEREKL\u0130 EVRAKLAR<\/a><\/li>\n<li><a href=\"https:\/\/www.safranbolutso.org.tr\/wp-content\/uploads\/evraklar\/Limited \u015eirketi\/H\u0130SSE DEVR\u0130 (VEFAT NEDEN\u0130YLE) TESC\u0130L\u0130 \u0130\u00c7\u0130N GEREKL\u0130 EVRAKLAR.docx\">H\u0130SSE DEVR\u0130 (VEFAT NEDEN\u0130YLE) TESC\u0130L\u0130 \u0130\u00c7\u0130N GEREKL\u0130 EVRAKLAR<\/a><\/li>\n<li><a href=\"https:\/\/www.safranbolutso.org.tr\/wp-content\/uploads\/evraklar\/Limited \u015eirketi\/H\u0130SSE DEVR\u0130 TESC\u0130L\u0130NDE GEREKL\u0130 EVRAKLAR.docx\">H\u0130SSE DEVR\u0130 TESC\u0130L\u0130NDE GEREKL\u0130 EVRAKLAR<\/a><\/li>\n<li><a href=\"https:\/\/www.safranbolutso.org.tr\/wp-content\/uploads\/evraklar\/Limited \u015eirketi\/\u0130\u00c7 Y\u00d6NERGE TESC\u0130L\u0130NDE \u0130STENECEK EVRAKLAR.docx\">\u0130\u00c7 Y\u00d6NERGE TESC\u0130L\u0130NDE \u0130STENECEK EVRAKLAR<\/a><\/li>\n<li><a href=\"https:\/\/www.safranbolutso.org.tr\/wp-content\/uploads\/evraklar\/Limited \u015eirketi\/KURULU\u015e TESC\u0130L\u0130NDE GEREKL\u0130 EVRAKLAR.docx\">KURULU\u015e TESC\u0130L\u0130NDE GEREKL\u0130 EVRAKLAR<\/a><\/li>\n<li><a href=\"https:\/\/www.safranbolutso.org.tr\/wp-content\/uploads\/evraklar\/Limited \u015eirketi\/MERKEZ NAKL\u0130 TESC\u0130L\u0130NDE GEREKL\u0130 EVRAKLAR.docx\">MERKEZ NAKL\u0130 TESC\u0130L\u0130NDE GEREKL\u0130 EVRAKLAR<\/a><\/li>\n<li><a href=\"https:\/\/www.safranbolutso.org.tr\/wp-content\/uploads\/evraklar\/Limited \u015eirketi\/M\u00dcD\u00dcR ATAMASI TESC\u0130L\u0130NDE GEREKL\u0130 EVRAKLAR.docx\">M\u00dcD\u00dcR ATAMASI TESC\u0130L\u0130NDE GEREKL\u0130 EVRAKLAR<\/a><\/li>\n<li><a href=\"https:\/\/www.safranbolutso.org.tr\/wp-content\/uploads\/evraklar\/Limited \u015eirketi\/NEV\u2019\u0130 DE\u011e\u0130\u015e\u0130KL\u0130\u011e\u0130 (LTD.\u015eT\u0130. DEN A.\u015e. YE DE\u011e\u0130\u015e\u0130KL\u0130K).docx\">NEV\u2019\u0130 DE\u011e\u0130\u015e\u0130KL\u0130\u011e\u0130 (LTD.\u015eT\u0130. DEN A.\u015e. YE DE\u011e\u0130\u015e\u0130KL\u0130K)<\/a><\/li>\n<li><a href=\"https:\/\/www.safranbolutso.org.tr\/wp-content\/uploads\/evraklar\/Limited \u015eirketi\/SERMAYE ARTIRIMI TESC\u0130L\u0130NDE GEREKL\u0130 EVRAKLAR.docx\">SERMAYE ARTIRIMI TESC\u0130L\u0130NDE GEREKL\u0130 EVRAKLAR<\/a><\/li>\n<li><a href=\"https:\/\/www.safranbolutso.org.tr\/wp-content\/uploads\/evraklar\/Limited \u015eirketi\/SERMAYE AZALTIMI TESC\u0130L\u0130NDE GEREKL\u0130 EVRAKLAR.docx\">SERMAYE AZALTIMI TESC\u0130L\u0130NDE GEREKL\u0130 EVRAKLAR<\/a><\/li>\n<li><a href=\"https:\/\/www.safranbolutso.org.tr\/wp-content\/uploads\/evraklar\/Limited \u015eirketi\/S\u0130GORTA ACENTEL\u0130\u011e\u0130 FES\u0130H TESC\u0130L\u0130NDE GEREKL\u0130 EVRAKLAR.docx\">S\u0130GORTA ACENTEL\u0130\u011e\u0130 FES\u0130H TESC\u0130L\u0130NDE GEREKL\u0130 EVRAKLAR<\/a><\/li>\n<li><a href=\"https:\/\/www.safranbolutso.org.tr\/wp-content\/uploads\/evraklar\/Limited \u015eirketi\/S\u0130GORTA ACENTEL\u0130\u011e\u0130 TESC\u0130L\u0130NDE GEREKL\u0130 EVRAKLAR.docx\">S\u0130GORTA ACENTEL\u0130\u011e\u0130 TESC\u0130L\u0130NDE GEREKL\u0130 EVRAKLAR<\/a><\/li>\n<li><a href=\"https:\/\/www.safranbolutso.org.tr\/wp-content\/uploads\/evraklar\/Limited \u015eirketi\/\u015eUBE KAPANI\u015eI TESC\u0130L\u0130NDE GEREKL\u0130 EVRAKLAR.docx\">\u015eUBE KAPANI\u015eI TESC\u0130L\u0130NDE GEREKL\u0130 EVRAKLAR<\/a><\/li>\n<li><a href=\"https:\/\/www.safranbolutso.org.tr\/wp-content\/uploads\/evraklar\/Limited \u015eirketi\/\u015eUBE TESC\u0130L\u0130NDE GEREKL\u0130 EVRAKLAR.docx\">\u015eUBE TESC\u0130L\u0130NDE GEREKL\u0130 EVRAKLAR<\/a><\/li>\n<li><a href=\"https:\/\/www.safranbolutso.org.tr\/wp-content\/uploads\/evraklar\/Limited \u015eirketi\/TASF\u0130YEDEN D\u00d6N\u00dc\u015e TESC\u0130L\u0130NDE GEREKL\u0130 EVRAKLAR.docx\">TASF\u0130YEDEN D\u00d6N\u00dc\u015e TESC\u0130L\u0130NDE GEREKL\u0130 EVRAKLAR<\/a><\/li>\n<li><a href=\"https:\/\/www.safranbolutso.org.tr\/wp-content\/uploads\/evraklar\/Limited \u015eirketi\/TASF\u0130YEYE G\u0130R\u0130\u015e TESC\u0130L\u0130NDE GEREKL\u0130 EVRAKLAR.docx\">TASF\u0130YEYE G\u0130R\u0130\u015e TESC\u0130L\u0130NDE GEREKL\u0130 EVRAKLAR<\/a><\/li>\n<li><a href=\"https:\/\/www.safranbolutso.org.tr\/wp-content\/uploads\/evraklar\/Limited \u015eirketi\/T\u0130CAR\u0130 \u0130\u015eLETME REHN\u0130 TESC\u0130L\u0130NDE GEREKL\u0130 EVRAKLAR.docx\">T\u0130CAR\u0130 \u0130\u015eLETME REHN\u0130 TESC\u0130L\u0130NDE GEREKL\u0130 EVRAKLAR<\/a><\/li>\n<li><a href=\"https:\/\/www.safranbolutso.org.tr\/wp-content\/uploads\/evraklar\/Limited \u015eirketi\/T\u00dcR DE\u011e\u0130\u015e\u0130KL\u0130\u011e\u0130 ( L\u0130M\u0130TED \u015e\u0130RKET\u0130N \u015eAHIS F\u0130RMASINA D\u00d6N\u00dc\u015eMES\u0130).docx\">T\u00dcR DE\u011e\u0130\u015e\u0130KL\u0130\u011e\u0130 ( L\u0130M\u0130TED \u015e\u0130RKET\u0130N \u015eAHIS F\u0130RMASINA D\u00d6N\u00dc\u015eMES\u0130)<\/a><\/li>\n<li><a href=\"https:\/\/www.safranbolutso.org.tr\/wp-content\/uploads\/evraklar\/Limited \u015eirketi\/UNVAN DE\u011e\u0130\u015e\u0130KL\u0130\u011e\u0130 TESC\u0130L\u0130NDE GEREKL\u0130 EVRAKLAR.docx\">UNVAN DE\u011e\u0130\u015e\u0130KL\u0130\u011e\u0130 TESC\u0130L\u0130NDE GEREKL\u0130 EVRAKLAR<\/a><\/li>\n<li><a href=\"https:\/\/www.safranbolutso.org.tr\/wp-content\/uploads\/evraklar\/Limited \u015eirketi\/YABANCI ORTA\u011eIN T\u00dcRK VATANDA\u015eI OLMASI.docx\">YABANCI ORTA\u011eIN T\u00dcRK VATANDA\u015eI OLMASI<\/a><\/li>\n<\/ul>\n<p><\/p>","protected":false},"excerpt":{"rendered":"<p>Sorry, this entry is only available in Turkish. ADRES DE\u011e\u0130\u015e\u0130KL\u0130\u011e\u0130 TESC\u0130L\u0130NDE GEREKL\u0130 EVRAKLAR ANAS\u00d6ZLE\u015eME TAD\u0130L\u0130 TESC\u0130L\u0130NDE GEREKL\u0130 EVRAKLAR BELED\u0130YE ADRES DE\u011e\u0130\u015e\u0130KL\u0130\u011e\u0130 TESC\u0130L\u0130NDE GEREKL\u0130 EVRAKLAR B\u0130RLE\u015eME TESC\u0130L\u0130NDE GEREKL\u0130 EVRAKLAR B\u00d6L\u00dcNME TESC\u0130L\u0130NDE GEREKL\u0130 EVRAKLAR FES\u0130H TESC\u0130L\u0130NDE GEREKL\u0130 EVRAKLAR H\u0130SSE DEVR\u0130 (TEK ORTA\u011eA D\u00dc\u015e\u00dcRME) TESC\u0130L \u0130\u00c7\u0130N GEREKL\u0130 EVRAKLAR H\u0130SSE DEVR\u0130 (TEK ORTAKTAN BA\u015eKA B\u0130R TEK ORTA\u011eA DEV\u0130R) TESC\u0130L [&hellip;]<\/p>\n","protected":false},"author":1,"featured_media":0,"parent":8192,"menu_order":0,"comment_status":"closed","ping_status":"closed","template":"","meta":{"footnotes":""},"class_list":["post-4040","page","type-page","status-publish","hentry"],"_links":{"self":[{"href":"https:\/\/www.safranbolutso.org.tr\/en\/wp-json\/wp\/v2\/pages\/4040","targetHints":{"allow":["GET"]}}],"collection":[{"href":"https:\/\/www.safranbolutso.org.tr\/en\/wp-json\/wp\/v2\/pages"}],"about":[{"href":"https:\/\/www.safranbolutso.org.tr\/en\/wp-json\/wp\/v2\/types\/page"}],"author":[{"embeddable":true,"href":"https:\/\/www.safranbolutso.org.tr\/en\/wp-json\/wp\/v2\/users\/1"}],"replies":[{"embeddable":true,"href":"https:\/\/www.safranbolutso.org.tr\/en\/wp-json\/wp\/v2\/comments?post=4040"}],"version-history":[{"count":0,"href":"https:\/\/www.safranbolutso.org.tr\/en\/wp-json\/wp\/v2\/pages\/4040\/revisions"}],"up":[{"embeddable":true,"href":"https:\/\/www.safranbolutso.org.tr\/en\/wp-json\/wp\/v2\/pages\/8192"}],"wp:attachment":[{"href":"https:\/\/www.safranbolutso.org.tr\/en\/wp-json\/wp\/v2\/media?parent=4040"}],"curies":[{"name":"wp","href":"https:\/\/api.w.org\/{rel}","templated":true}]}}