{"id":4430,"date":"2016-10-22T10:50:27","date_gmt":"2016-10-22T07:50:27","guid":{"rendered":"http:\/\/www.safranbolutso.org.tr\/?page_id=4430"},"modified":"2020-03-12T21:34:59","modified_gmt":"2020-03-12T18:34:59","slug":"misyon-ve-vizyon","status":"publish","type":"page","link":"https:\/\/www.safranbolutso.org.tr\/en\/hakkimizda\/misyon-ve-vizyon\/","title":{"rendered":"Misyon ve Vizyon"},"content":{"rendered":"<p><strong>M\u0130SYON<\/strong><\/p>\n<p>\u00dcyelerinin hakk\u0131n\u0131 ve menfaatini kanunlar \u00e7er\u00e7evesinde koruyarak, Ticari faaliyetlerini geli\u015ftirmek ve kolayla\u015ft\u0131rmakt\u0131r.<\/p>\n<p><strong>V\u0130ZYON<\/strong><\/p>\n<p>Safranbolu\u2019nun y\u00f6resel ve k\u00fclt\u00fcrel de\u011ferlerini gelece\u011fe ta\u015f\u0131yan, Kurumun ve \u00fcyelerinin kazanc\u0131n\u0131 istikrarl\u0131 olarak artt\u0131ran ve devaml\u0131l\u0131\u011f\u0131n\u0131 sa\u011flayan bir oda olmakt\u0131r.<\/p>\n","protected":false},"excerpt":{"rendered":"<p>M\u0130SYON \u00dcyelerinin hakk\u0131n\u0131 ve menfaatini kanunlar \u00e7er\u00e7evesinde koruyarak, Ticari faaliyetlerini geli\u015ftirmek ve kolayla\u015ft\u0131rmakt\u0131r. V\u0130ZYON Safranbolu\u2019nun y\u00f6resel ve k\u00fclt\u00fcrel de\u011ferlerini gelece\u011fe ta\u015f\u0131yan, Kurumun ve \u00fcyelerinin kazanc\u0131n\u0131 istikrarl\u0131 olarak artt\u0131ran ve devaml\u0131l\u0131\u011f\u0131n\u0131 sa\u011flayan bir oda olmakt\u0131r.<\/p>\n","protected":false},"author":3,"featured_media":0,"parent":8163,"menu_order":0,"comment_status":"closed","ping_status":"closed","template":"","meta":{"footnotes":""},"class_list":["post-4430","page","type-page","status-publish","hentry"],"_links":{"self":[{"href":"https:\/\/www.safranbolutso.org.tr\/en\/wp-json\/wp\/v2\/pages\/4430","targetHints":{"allow":["GET"]}}],"collection":[{"href":"https:\/\/www.safranbolutso.org.tr\/en\/wp-json\/wp\/v2\/pages"}],"about":[{"href":"https:\/\/www.safranbolutso.org.tr\/en\/wp-json\/wp\/v2\/types\/page"}],"author":[{"embeddable":true,"href":"https:\/\/www.safranbolutso.org.tr\/en\/wp-json\/wp\/v2\/users\/3"}],"replies":[{"embeddable":true,"href":"https:\/\/www.safranbolutso.org.tr\/en\/wp-json\/wp\/v2\/comments?post=4430"}],"version-history":[{"count":0,"href":"https:\/\/www.safranbolutso.org.tr\/en\/wp-json\/wp\/v2\/pages\/4430\/revisions"}],"up":[{"embeddable":true,"href":"https:\/\/www.safranbolutso.org.tr\/en\/wp-json\/wp\/v2\/pages\/8163"}],"wp:attachment":[{"href":"https:\/\/www.safranbolutso.org.tr\/en\/wp-json\/wp\/v2\/media?parent=4430"}],"curies":[{"name":"wp","href":"https:\/\/api.w.org\/{rel}","templated":true}]}}