{"id":4436,"date":"2016-10-22T10:52:46","date_gmt":"2016-10-22T07:52:46","guid":{"rendered":"http:\/\/www.safranbolutso.org.tr\/?page_id=4436"},"modified":"2020-03-12T21:46:11","modified_gmt":"2020-03-12T18:46:11","slug":"temel-degerler","status":"publish","type":"page","link":"https:\/\/www.safranbolutso.org.tr\/en\/hakkimizda\/temel-degerler\/","title":{"rendered":"Temel De\u011ferler"},"content":{"rendered":"<p><img loading=\"lazy\" decoding=\"async\" class=\"wp-image-4698 aligncenter\" src=\"http:\/\/www.safranbolutso.org.tr\/wp-content\/uploads\/2016\/10\/TEMEL-DE\u011eERLER.jpg\" alt=\"temel-degerler\" width=\"696\" height=\"606\" srcset=\"https:\/\/www.safranbolutso.org.tr\/wp-content\/uploads\/2016\/10\/TEMEL-DE\u011eERLER.jpg 655w, https:\/\/www.safranbolutso.org.tr\/wp-content\/uploads\/2016\/10\/TEMEL-DE\u011eERLER-413x360.jpg 413w\" sizes=\"auto, (max-width: 696px) 100vw, 696px\" \/><\/p>\n<p>&nbsp;<\/p>\n<p>&nbsp;<\/p>\n<p><strong>TEMEL DE\u011eERLER<\/strong><\/p>\n<p><strong>\u00a0<\/strong><\/p>\n<p>Ortak Temel De\u011ferlerimiz, farkl\u0131 k\u00fclt\u00fcrler ve kurumlar genelinde davran\u0131\u015flar\u0131m\u0131za tutarl\u0131 bir \u015fekilde y\u00f6n vermemize yard\u0131mc\u0131 olur.Temel de\u011ferlerimiz kurum k\u00fclt\u00fcr\u00fcm\u00fcz\u00fcn \u00f6z\u00fcn\u00fc olu\u015fturur ve \u015fekillendirir. Hepimizi bir ekip olarak bir arada tutmaya hizmet eder.<\/p>\n<p>Safranbolu TSO olarak Vizyonumuza ula\u015fma yolunda ve Misyonumuzu s\u00fcrd\u00fcrme u\u011fra\u015f\u0131s\u0131 i\u00e7erisinde a\u015fa\u011f\u0131da s\u0131ralanan De\u011fer ve \u0130lkeler Kurumumuz taraf\u0131ndan benimsenmi\u015ftir.<\/p>\n<p>&nbsp;<\/p>\n<ul>\n<li><strong>G\u00fcvenilirlik;<\/strong> D\u00fcr\u00fcstl\u00fck ilkeleri \u00fczerine kurulu kurumsal y\u00f6netim anlay\u0131\u015f\u0131na sahip olmak.<\/li>\n<li><strong>\u00dcye Memnuniyeti;<\/strong> Y\u00fcksek \u00fcye memnuniyeti odakl\u0131 hizmet anlay\u0131\u015f\u0131n\u0131n benimsemek.<\/li>\n<li><strong>Sosyal sorumluluk;<\/strong> Sosyal Sorumluluk anlay\u0131\u015f\u0131 ile kamu yarar\u0131n\u0131 \u00f6n planda tutmak.<\/li>\n<li><strong>Sayg\u0131nl\u0131k;<\/strong> Politikalar \u00fcreterek, stratejiler geli\u015ftirerek b\u00f6lgesel kalk\u0131nmaya katk\u0131 sa\u011flayacak lider bir kurum haline gelmek.<\/li>\n<li><strong>\u0130yi Y\u00f6neti\u015fim;<\/strong> \u00dcyelerin kritik ihtiya\u00e7lar\u0131n\u0131n giderilmesi bak\u0131m\u0131ndan Oda kaynaklar\u0131n\u0131n etkin ve verimli y\u00f6netimini sa\u011flamak.<\/li>\n<li><strong>Ekip \u00c7al\u0131\u015fmas\u0131;<\/strong> Oda organlar\u0131 ve Personeli ile birlikte haz\u0131rlanan planlar ve belrlenen hedefler do\u011frultusunda koordine bi\u00e7imde \u00e7al\u0131\u015fmak.<\/li>\n<li><strong>Verimlilik;<\/strong> Kat\u0131l\u0131mc\u0131 bir anlay\u0131\u015fla \u00fcyeler aras\u0131nda ileti\u015fimi sa\u011flayarak etkin bi\u00e7imde \u00fcye yarar\u0131na kullanmak.<\/li>\n<li><strong>S\u00fcre\u00e7 Odakl\u0131l\u0131k;<\/strong> Stratejik ama\u00e7 ve hedefleri planlayarak, belirlenen \u0130\u015f plan\u0131 do\u011frultusunda \u00e7al\u0131\u015fmalar\u0131\u00a0 y\u00fcr\u00fctmek.<\/li>\n<li><strong>Yenilik\u00e7ilik;<\/strong> Yenilik\u00e7i bir politika belirleyerek s\u00fcrekli geli\u015ftirme prensibini ilke edinmi\u015f olmak.<\/li>\n<\/ul>\n","protected":false},"excerpt":{"rendered":"<p>&nbsp; &nbsp; TEMEL DE\u011eERLER \u00a0 Ortak Temel De\u011ferlerimiz, farkl\u0131 k\u00fclt\u00fcrler ve kurumlar genelinde davran\u0131\u015flar\u0131m\u0131za tutarl\u0131 bir \u015fekilde y\u00f6n vermemize yard\u0131mc\u0131 olur.Temel de\u011ferlerimiz kurum k\u00fclt\u00fcr\u00fcm\u00fcz\u00fcn \u00f6z\u00fcn\u00fc olu\u015fturur ve \u015fekillendirir. Hepimizi bir ekip olarak bir arada tutmaya hizmet eder. Safranbolu TSO olarak Vizyonumuza ula\u015fma yolunda ve Misyonumuzu s\u00fcrd\u00fcrme u\u011fra\u015f\u0131s\u0131 i\u00e7erisinde a\u015fa\u011f\u0131da s\u0131ralanan De\u011fer ve \u0130lkeler Kurumumuz taraf\u0131ndan [&hellip;]<\/p>\n","protected":false},"author":3,"featured_media":0,"parent":8163,"menu_order":0,"comment_status":"closed","ping_status":"closed","template":"","meta":{"footnotes":""},"class_list":["post-4436","page","type-page","status-publish","hentry"],"_links":{"self":[{"href":"https:\/\/www.safranbolutso.org.tr\/en\/wp-json\/wp\/v2\/pages\/4436","targetHints":{"allow":["GET"]}}],"collection":[{"href":"https:\/\/www.safranbolutso.org.tr\/en\/wp-json\/wp\/v2\/pages"}],"about":[{"href":"https:\/\/www.safranbolutso.org.tr\/en\/wp-json\/wp\/v2\/types\/page"}],"author":[{"embeddable":true,"href":"https:\/\/www.safranbolutso.org.tr\/en\/wp-json\/wp\/v2\/users\/3"}],"replies":[{"embeddable":true,"href":"https:\/\/www.safranbolutso.org.tr\/en\/wp-json\/wp\/v2\/comments?post=4436"}],"version-history":[{"count":0,"href":"https:\/\/www.safranbolutso.org.tr\/en\/wp-json\/wp\/v2\/pages\/4436\/revisions"}],"up":[{"embeddable":true,"href":"https:\/\/www.safranbolutso.org.tr\/en\/wp-json\/wp\/v2\/pages\/8163"}],"wp:attachment":[{"href":"https:\/\/www.safranbolutso.org.tr\/en\/wp-json\/wp\/v2\/media?parent=4436"}],"curies":[{"name":"wp","href":"https:\/\/api.w.org\/{rel}","templated":true}]}}