{"id":4443,"date":"2016-10-22T10:53:53","date_gmt":"2016-10-22T07:53:53","guid":{"rendered":"http:\/\/www.safranbolutso.org.tr\/?page_id=4443"},"modified":"2020-10-17T13:46:53","modified_gmt":"2020-10-17T10:46:53","slug":"gecmis-donem-baskanlarimiz","status":"publish","type":"page","link":"https:\/\/www.safranbolutso.org.tr\/en\/hakkimizda\/gecmis-donem-baskanlarimiz\/","title":{"rendered":"Eski Ba\u015fkanlar"},"content":{"rendered":"<p><\/p>\n<h2><\/h2>\n<h2><span style=\"text-decoration: underline; color: #000000;\">MECL\u0130S BA\u015eKANLARI<\/span><\/h2>\n<p>&nbsp;<\/p>\n<p><img loading=\"lazy\" decoding=\"async\" class=\"alignnone size-medium wp-image-4266\" src=\"http:\/\/www.safranbolutso.org.tr\/wp-content\/uploads\/2016\/09\/mehmet-\u00e7ak\u0131r-1-200x300.jpg\" alt=\"mehmet-cakir-\" width=\"200\" height=\"300\" \/>\u00a0\u00a0<img loading=\"lazy\" decoding=\"async\" class=\"alignnone size-medium wp-image-4267\" src=\"http:\/\/www.safranbolutso.org.tr\/wp-content\/uploads\/2016\/09\/\u00f6mer-an2-200x300.jpg\" alt=\"omer-an2\" width=\"200\" height=\"300\" \/>\u00a0<img loading=\"lazy\" decoding=\"async\" class=\"alignnone size-medium wp-image-4269\" src=\"http:\/\/www.safranbolutso.org.tr\/wp-content\/uploads\/2016\/09\/AHMET-\u00c7AKIR3-200x300.jpg\" alt=\"ahmet-cakir\" width=\"200\" height=\"300\" \/>\u00a0<img loading=\"lazy\" decoding=\"async\" class=\"alignnone size-medium wp-image-4270\" src=\"http:\/\/www.safranbolutso.org.tr\/wp-content\/uploads\/2016\/09\/M-ERHAN-\u0130NEG\u00d6L-5-7-200x300.jpg\" alt=\"m-erhan-inegoll\u00fc\" width=\"200\" height=\"300\" \/>\u00a0\u00a0<img loading=\"lazy\" decoding=\"async\" class=\"alignnone size-medium wp-image-4271\" src=\"http:\/\/www.safranbolutso.org.tr\/wp-content\/uploads\/2016\/09\/necati-terzio\u011flu6-200x300.jpg\" alt=\"necati-terzioglu6\" width=\"200\" height=\"300\" \/>\u00a0<img loading=\"lazy\" decoding=\"async\" class=\"alignnone size-medium wp-image-4272\" src=\"http:\/\/www.safranbolutso.org.tr\/wp-content\/uploads\/2016\/09\/saadettin-cebeci8-200x300.jpg\" alt=\"saadettin-cebeci\" width=\"200\" height=\"300\" \/>\u00a0\u00a0<img loading=\"lazy\" decoding=\"async\" class=\"alignnone size-medium wp-image-4273\" src=\"http:\/\/www.safranbolutso.org.tr\/wp-content\/uploads\/2016\/09\/ahmet-b\u00fcy\u00fckdo\u011fan9-200x300.jpg\" alt=\"ahmet-buyukdogan\" width=\"200\" height=\"300\" \/>\u00a0<img loading=\"lazy\" decoding=\"async\" class=\"alignnone size-medium wp-image-4274\" src=\"http:\/\/www.safranbolutso.org.tr\/wp-content\/uploads\/2016\/09\/t\u00fcrker-ayy\u0131ld\u0131z9-200x300.jpg\" alt=\"turker-ayyildiz\" width=\"200\" height=\"300\" \/>\u00a0 \u00a0<img loading=\"lazy\" decoding=\"async\" class=\"alignnone size-medium wp-image-4275\" src=\"http:\/\/www.safranbolutso.org.tr\/wp-content\/uploads\/2016\/09\/izzet-h\u0131n\u0131k10-200x300.jpg\" alt=\"izzet-hinik\" width=\"200\" height=\"300\" \/>\u00a0<img loading=\"lazy\" decoding=\"async\" class=\"alignnone wp-image-4277\" src=\"http:\/\/www.safranbolutso.org.tr\/wp-content\/uploads\/2016\/09\/ahmet-t\u00fcfek\u00e7i-11-214x300.jpg\" alt=\"ahmet-tufekci\" width=\"210\" height=\"295\" \/>\u00a0\u00a0<img loading=\"lazy\" decoding=\"async\" class=\"alignnone size-medium wp-image-4278\" src=\"http:\/\/www.safranbolutso.org.tr\/wp-content\/uploads\/2016\/09\/ya\u015far-tiryaki12-200x300.jpg\" alt=\"yasar-tiryaki\" width=\"200\" height=\"300\" \/>\u00a0<img loading=\"lazy\" decoding=\"async\" class=\"alignnone size-medium wp-image-4279\" src=\"http:\/\/www.safranbolutso.org.tr\/wp-content\/uploads\/2016\/09\/tahir-demir13-200x300.jpg\" alt=\"tahir-demir\" width=\"200\" height=\"300\" \/><\/p>\n<h2><\/h2>\n<h2><span style=\"text-decoration: underline; color: #000000;\">Y\u00d6NET\u0130M KURULU BA\u015eKANLARI<\/span><\/h2>\n<p>&nbsp;<\/p>\n<p>&nbsp;<\/p>\n<p><img loading=\"lazy\" decoding=\"async\" class=\"alignnone size-medium wp-image-4282\" src=\"http:\/\/www.safranbolutso.org.tr\/wp-content\/uploads\/2016\/09\/m-erhan-ineg\u00f6ll\u00fc-1-200x300.jpg\" alt=\"m-erhan-inegollu\" width=\"200\" height=\"300\" \/>\u00a0<img loading=\"lazy\" decoding=\"async\" class=\"alignnone size-medium wp-image-4283\" src=\"http:\/\/www.safranbolutso.org.tr\/wp-content\/uploads\/2016\/09\/\u0130HSAN-YEN\u0130G\u00dcN2-200x300.jpg\" alt=\"ihsan-yenigun\" width=\"200\" height=\"300\" \/>\u00a0<img loading=\"lazy\" decoding=\"async\" class=\"alignnone size-medium wp-image-4284\" src=\"http:\/\/www.safranbolutso.org.tr\/wp-content\/uploads\/2016\/09\/AHMET-\u00c7AKIR4-200x300.jpg\" alt=\"ahmet-cakir\" width=\"200\" height=\"300\" \/>\u00a0<img loading=\"lazy\" decoding=\"async\" class=\"alignnone size-medium wp-image-4285\" src=\"http:\/\/www.safranbolutso.org.tr\/wp-content\/uploads\/2016\/09\/mehmet-torun5-200x300.jpg\" alt=\"mehmet-torun\" width=\"200\" height=\"300\" \/>\u00a0\u00a0<img loading=\"lazy\" decoding=\"async\" class=\"alignnone size-medium wp-image-4286\" src=\"http:\/\/www.safranbolutso.org.tr\/wp-content\/uploads\/2016\/09\/mahmut-yenig\u00fcn6-200x300.jpg\" alt=\"mahmut-yenigun\" width=\"200\" height=\"300\" \/>\u00a0<img loading=\"lazy\" decoding=\"async\" class=\"alignnone size-medium wp-image-4287\" src=\"http:\/\/www.safranbolutso.org.tr\/wp-content\/uploads\/2016\/09\/mehmet-ali-\u00f6zer8-200x300.jpg\" alt=\"mehmet-ali-ozer\" width=\"200\" height=\"300\" \/>\u00a0<img loading=\"lazy\" decoding=\"async\" class=\"alignnone size-medium wp-image-4288\" src=\"http:\/\/www.safranbolutso.org.tr\/wp-content\/uploads\/2016\/09\/m-haluk-turgaY8-200x300.jpg\" alt=\"m-haluk-turgay\" width=\"200\" height=\"300\" \/>\u00a0<img loading=\"lazy\" decoding=\"async\" class=\"alignnone size-medium wp-image-4289\" src=\"http:\/\/www.safranbolutso.org.tr\/wp-content\/uploads\/2016\/09\/bahattin-erer-9-200x300.jpg\" alt=\"bahattin-erer\" width=\"200\" height=\"300\" \/><\/p>","protected":false},"excerpt":{"rendered":"<p>MECL\u0130S BA\u015eKANLARI &nbsp; \u00a0\u00a0\u00a0\u00a0\u00a0\u00a0\u00a0\u00a0\u00a0\u00a0\u00a0 \u00a0\u00a0\u00a0\u00a0\u00a0 Y\u00d6NET\u0130M KURULU BA\u015eKANLARI &nbsp; &nbsp; \u00a0\u00a0\u00a0\u00a0\u00a0\u00a0\u00a0\u00a0<\/p>\n","protected":false},"author":3,"featured_media":0,"parent":8163,"menu_order":0,"comment_status":"closed","ping_status":"closed","template":"","meta":{"footnotes":""},"class_list":["post-4443","page","type-page","status-publish","hentry"],"_links":{"self":[{"href":"https:\/\/www.safranbolutso.org.tr\/en\/wp-json\/wp\/v2\/pages\/4443","targetHints":{"allow":["GET"]}}],"collection":[{"href":"https:\/\/www.safranbolutso.org.tr\/en\/wp-json\/wp\/v2\/pages"}],"about":[{"href":"https:\/\/www.safranbolutso.org.tr\/en\/wp-json\/wp\/v2\/types\/page"}],"author":[{"embeddable":true,"href":"https:\/\/www.safranbolutso.org.tr\/en\/wp-json\/wp\/v2\/users\/3"}],"replies":[{"embeddable":true,"href":"https:\/\/www.safranbolutso.org.tr\/en\/wp-json\/wp\/v2\/comments?post=4443"}],"version-history":[{"count":0,"href":"https:\/\/www.safranbolutso.org.tr\/en\/wp-json\/wp\/v2\/pages\/4443\/revisions"}],"up":[{"embeddable":true,"href":"https:\/\/www.safranbolutso.org.tr\/en\/wp-json\/wp\/v2\/pages\/8163"}],"wp:attachment":[{"href":"https:\/\/www.safranbolutso.org.tr\/en\/wp-json\/wp\/v2\/media?parent=4443"}],"curies":[{"name":"wp","href":"https:\/\/api.w.org\/{rel}","templated":true}]}}