{"id":5692,"date":"2017-11-01T08:38:09","date_gmt":"2017-11-01T06:38:09","guid":{"rendered":"http:\/\/www.safranbolutso.org.tr\/?page_id=5692"},"modified":"2020-10-17T13:54:37","modified_gmt":"2020-10-17T10:54:37","slug":"basvuru-dilekceleri","status":"publish","type":"page","link":"https:\/\/www.safranbolutso.org.tr\/en\/basvuru-dilekceleri-2\/basvuru-dilekceleri\/","title":{"rendered":"Ba\u015fvuru Dilek\u00e7eleri"},"content":{"rendered":"<p class=\"qtranxs-available-languages-message qtranxs-available-languages-message-en\">Sorry, this entry is only available in <a href=\"https:\/\/www.safranbolutso.org.tr\/tr\/wp-json\/wp\/v2\/pages\/5692\" class=\"qtranxs-available-language-link qtranxs-available-language-link-tr\" title=\"Turkish\">Turkish<\/a>.<\/p><p><a href=\"https:\/\/www.safranbolutso.org.tr\/wp-content\/uploads\/2020\/10\/FRM.27-KAPAS\u0130TE-RAPORU-M\u00dcRACAAT-FORMU.doc\">FRM.27 KAPAS\u0130TE RAPORU M\u00dcRACAAT FORMU<\/a><\/p>\n<p><a href=\"https:\/\/www.safranbolutso.org.tr\/wp-content\/uploads\/2020\/10\/FRM.26-AZAM\u0130-F\u0130YAT-TAR\u0130FES\u0130-TALEP-FORMU.xls\">FRM.26 AZAM\u0130 F\u0130YAT TAR\u0130FES\u0130 TALEP FORMU<\/a><\/p>","protected":false},"excerpt":{"rendered":"<p>Sorry, this entry is only available in Turkish.FRM.27 KAPAS\u0130TE RAPORU M\u00dcRACAAT FORMU FRM.26 AZAM\u0130 F\u0130YAT TAR\u0130FES\u0130 TALEP FORMU<\/p>\n","protected":false},"author":3,"featured_media":0,"parent":8357,"menu_order":0,"comment_status":"closed","ping_status":"closed","template":"","meta":{"footnotes":""},"class_list":["post-5692","page","type-page","status-publish","hentry"],"_links":{"self":[{"href":"https:\/\/www.safranbolutso.org.tr\/en\/wp-json\/wp\/v2\/pages\/5692","targetHints":{"allow":["GET"]}}],"collection":[{"href":"https:\/\/www.safranbolutso.org.tr\/en\/wp-json\/wp\/v2\/pages"}],"about":[{"href":"https:\/\/www.safranbolutso.org.tr\/en\/wp-json\/wp\/v2\/types\/page"}],"author":[{"embeddable":true,"href":"https:\/\/www.safranbolutso.org.tr\/en\/wp-json\/wp\/v2\/users\/3"}],"replies":[{"embeddable":true,"href":"https:\/\/www.safranbolutso.org.tr\/en\/wp-json\/wp\/v2\/comments?post=5692"}],"version-history":[{"count":0,"href":"https:\/\/www.safranbolutso.org.tr\/en\/wp-json\/wp\/v2\/pages\/5692\/revisions"}],"up":[{"embeddable":true,"href":"https:\/\/www.safranbolutso.org.tr\/en\/wp-json\/wp\/v2\/pages\/8357"}],"wp:attachment":[{"href":"https:\/\/www.safranbolutso.org.tr\/en\/wp-json\/wp\/v2\/media?parent=5692"}],"curies":[{"name":"wp","href":"https:\/\/api.w.org\/{rel}","templated":true}]}}