{"id":6565,"date":"2019-04-10T20:02:07","date_gmt":"2019-04-10T17:02:07","guid":{"rendered":"http:\/\/www.safranbolutso.org.tr\/?page_id=6565"},"modified":"2020-04-11T12:14:47","modified_gmt":"2020-04-11T09:14:47","slug":"ulkelere-gore-ihracat-belgeleri","status":"publish","type":"page","link":"https:\/\/www.safranbolutso.org.tr\/en\/dis-ticaret\/ulkelere-gore-ihracat-belgeleri\/","title":{"rendered":"\u00dclkelere G\u00f6re \u0130hracat Belgeleri"},"content":{"rendered":"<p class=\"qtranxs-available-languages-message qtranxs-available-languages-message-en\">Sorry, this entry is only available in <a href=\"https:\/\/www.safranbolutso.org.tr\/tr\/wp-json\/wp\/v2\/pages\/6565\" class=\"qtranxs-available-language-link qtranxs-available-language-link-tr\" title=\"Turkish\">Turkish<\/a>.<\/p><p><\/p>\n<h2><a href=\"http:\/\/www.safranbolutso.org.tr\/a-tr-dolasim-belgesi\/\"><img loading=\"lazy\" decoding=\"async\" class=\"alignleft size-full wp-image-6583\" src=\"http:\/\/www.safranbolutso.org.tr\/wp-content\/uploads\/2019\/04\/a1-1.jpg\" alt=\"\" width=\"200\" height=\"55\" \/><\/a> <a href=\"http:\/\/www.safranbolutso.org.tr\/eur-1-dolasim-belgesi\/\"><img loading=\"lazy\" decoding=\"async\" class=\"alignleft size-full wp-image-6584\" src=\"http:\/\/www.safranbolutso.org.tr\/wp-content\/uploads\/2019\/04\/eu1.jpg\" alt=\"\" width=\"200\" height=\"55\" \/><\/a> <a href=\"http:\/\/www.safranbolutso.org.tr\/eur-med-dolasim-belgesi\/\"><img loading=\"lazy\" decoding=\"async\" class=\"alignleft size-full wp-image-6585\" src=\"http:\/\/www.safranbolutso.org.tr\/wp-content\/uploads\/2019\/04\/eur1.jpg\" alt=\"\" width=\"220\" height=\"55\" \/><\/a> <a href=\"http:\/\/www.safranbolutso.org.tr\/mense-sahadetnamesi\/\"><img loading=\"lazy\" decoding=\"async\" class=\"alignleft size-full wp-image-6586\" src=\"http:\/\/www.safranbolutso.org.tr\/wp-content\/uploads\/2019\/04\/mense.jpg\" alt=\"\" width=\"200\" height=\"55\" \/><br \/>\n<\/a><\/h2>\n<table border=\"1\" cellspacing=\"0\" cellpadding=\"0\">\n<tbody>\n<tr>\n<td colspan=\"3\">\n<p align=\"center\"><strong>A.TR DOLA\u015eIM BELGES\u0130 D\u00dcZENLENEN AVRUPA B\u0130RL\u0130\u011e\u0130 \u00dcLKELER\u0130<\/strong><\/p>\n<\/td>\n<\/tr>\n<tr>\n<td>ALMANYA (GERMANY)<\/td>\n<td>HOLLANDA (NETHERLANDS)<\/td>\n<td>MACAR\u0130STAN (HUNGARY)<\/td>\n<\/tr>\n<tr>\n<td>AVUSTURYA (AUSTRIA)<\/td>\n<td>\u0130NG\u0130LTERE (UNITED KINGDOM)<\/td>\n<td>MALTA (MALTA)<\/td>\n<\/tr>\n<tr>\n<td>BEL\u00c7\u0130KA (BELGIUM)<\/td>\n<td>\u0130RLANDA (IRELAND)<\/td>\n<td>POLONYA (POLAND)<\/td>\n<\/tr>\n<tr>\n<td>BULGAR\u0130STAN (BULGARIA)<\/td>\n<td>\u0130SPANYA (SPAIN)<\/td>\n<td>PORTEK\u0130Z (PORTUGAL)<\/td>\n<\/tr>\n<tr>\n<td>\u00c7EK CUMHUR\u0130YET\u0130 (CZECH REPUBLIC)<\/td>\n<td>\u0130SVE\u00c7 (SWEDEN)<\/td>\n<td>ROMANYA (ROMANIA)<\/td>\n<\/tr>\n<tr>\n<td>DAN\u0130MARKA (DENMARK)<\/td>\n<td>\u0130TALYA (ITALY)<\/td>\n<td>SLOVAKYA (SLOVAKIA)<\/td>\n<\/tr>\n<tr>\n<td>ESTONYA (ESTONIA)<\/td>\n<td>KIBRIS (CYPRUS)<\/td>\n<td>SLOVENYA (SLOVENIA)<\/td>\n<\/tr>\n<tr>\n<td>F\u0130NLAND\u0130YA (FINLAND)<\/td>\n<td>LETONYA (LATVIA)<\/td>\n<td>YUNAN\u0130STAN (GREECE)<\/td>\n<\/tr>\n<tr>\n<td>FRANSA (FRANCE)<\/td>\n<td>L\u0130TVANYA (LITHUANIA)<\/td>\n<td><\/td>\n<\/tr>\n<tr>\n<td>HIRVAT\u0130STAN (CROATIA)<\/td>\n<td>L\u00dcKSEMBURG (LUXEMBOURG)<\/td>\n<td><\/td>\n<\/tr>\n<\/tbody>\n<\/table>\n<p>&nbsp;<\/p>\n<table border=\"1\" cellspacing=\"0\" cellpadding=\"0\">\n<tbody>\n<tr>\n<td colspan=\"2\">\n<p align=\"center\"><strong>EUR.1 DOLA\u015eIM BELGES\u0130 D\u00dcZENLENEN EFTA \u00dcLKELER\u0130<\/strong><\/p>\n<\/td>\n<\/tr>\n<tr>\n<td>\u0130SV\u0130\u00c7RE (SWITZERLAND)<\/td>\n<td>LIECHTENSTEIN<\/td>\n<\/tr>\n<tr>\n<td>\u0130ZLANDA (ICELAND)<\/td>\n<td>NORVE\u00c7 (NORWAY)<\/td>\n<\/tr>\n<\/tbody>\n<\/table>\n<p>&nbsp;<\/p>\n<table border=\"1\" cellspacing=\"0\" cellpadding=\"0\">\n<tbody>\n<tr>\n<td colspan=\"2\">\n<p align=\"center\"><strong>BATI BALKAN MEN\u015eE K\u00dcM\u00dcLASYON S\u0130STEM\u0130 KAPSAMINDA<\/strong><\/p>\n<p align=\"center\"><strong>EUR.1 VEYA EUR.MED DOLA\u015eIM BELGES\u0130 D\u00dcZENLENEN \u00dcLKELER<\/strong><\/p>\n<\/td>\n<\/tr>\n<tr>\n<td>ARNAVUTLUK (ALBANIA)<\/td>\n<td>KARADA\u011e (MONTENEGRO)<\/td>\n<\/tr>\n<tr>\n<td>BOSNA \u2013 HERSEK (BOSNIA AND HERZEGOVINA)<\/td>\n<td>SIRB\u0130STAN (SERBIA)<\/td>\n<\/tr>\n<tr>\n<td>MAKEDONYA (MACEDONIA)<\/td>\n<td><\/td>\n<\/tr>\n<\/tbody>\n<\/table>\n<p>&nbsp;<\/p>\n<table border=\"1\" cellspacing=\"0\" cellpadding=\"0\">\n<tbody>\n<tr>\n<td colspan=\"3\">\n<p align=\"center\"><strong>PAN AKDEN\u0130Z AVRUPA MEN\u015eE K\u00dcM\u00dcLASYON S\u0130STEM\u0130 KAPSAMINDA<\/strong><\/p>\n<p align=\"center\"><strong>EUR.1 VEYA EUR.MED DOLA\u015eIM BELGES\u0130 D\u00dcZENLENEN \u00dcLKELER<\/strong><\/p>\n<\/td>\n<\/tr>\n<tr>\n<td>FAS (MOROCCO)<\/td>\n<td>MISIR (EGYPT)<\/td>\n<td>TUNUS (TUNISIA)<\/td>\n<\/tr>\n<tr>\n<td>\u0130SRA\u0130L (ISRAEL)<\/td>\n<td>SUR\u0130YE (SYRIA)\u00a0(1)<\/td>\n<td><\/td>\n<\/tr>\n<\/tbody>\n<\/table>\n<p>&nbsp;<\/p>\n<table border=\"1\" cellspacing=\"0\" cellpadding=\"0\">\n<tbody>\n<tr>\n<td colspan=\"2\">\n<p align=\"center\"><strong>\u00dcLKELERE \u00d6ZEL MEN\u015eE BELGELER\u0130<\/strong><\/p>\n<\/td>\n<\/tr>\n<tr>\n<td>MALEZYA (MALAYSIA) \u2013 Men\u015fe Belgesi<\/td>\n<td>\u0130RAN (IRAN) \u2013 Men\u015fe \u0130spat Belgesi<\/td>\n<\/tr>\n<\/tbody>\n<\/table>\n<p>&nbsp;<\/p>\n<table border=\"1\" cellspacing=\"0\" cellpadding=\"0\">\n<tbody>\n<tr>\n<td colspan=\"2\">\n<p align=\"center\"><strong>SERBEST T\u0130CARET ANLA\u015eMASI GERE\u011e\u0130 EUR.1 DOLA\u015eIM BELGES\u0130 D\u00dcZENLENEN \u00dcLKELER<\/strong><\/p>\n<\/td>\n<\/tr>\n<tr>\n<td>G\u00dcRC\u0130STAN (GEORGIA)<\/td>\n<td>\u015e\u0130L\u0130 (CHILE)<\/td>\n<\/tr>\n<tr>\n<td>F\u0130L\u0130ST\u0130N (PALESTINE)<\/td>\n<td>MOR\u0130TYUS (MAURITIUS)<\/td>\n<\/tr>\n<tr>\n<td>MOLDOVA<\/td>\n<td><\/td>\n<\/tr>\n<\/tbody>\n<\/table>\n<p>&nbsp;<\/p>\n<table border=\"1\" cellspacing=\"0\" cellpadding=\"0\">\n<tbody>\n<tr>\n<td colspan=\"2\">\n<p align=\"center\"><strong>SERBEST T\u0130CARET ANLA\u015eMASI GERE\u011e\u0130 MEN\u015eE BEYANI D\u00dcZENLENEN \u00dcLKELER\u00a0(2)<\/strong><\/p>\n<\/td>\n<\/tr>\n<tr>\n<td>G\u00dcNEY KORE (SOUTH KOREA)<\/td>\n<td>S\u0130NGAPUR (SINGAPORE)<\/td>\n<\/tr>\n<\/tbody>\n<\/table>\n<p>&nbsp;<\/p>\n<table border=\"1\" cellspacing=\"0\" cellpadding=\"0\">\n<tbody>\n<tr>\n<td colspan=\"2\">\n<p align=\"center\"><b>D-8 MEN\u015eE \u0130SPAT BELGES\u0130 D\u00dcZENLENEN \u00dcLKELER<\/b><\/p>\n<\/td>\n<\/tr>\n<tr>\n<td>ENDONEZYA (INDONESIA)<\/td>\n<td>\u0130RAN (IRAN)<\/td>\n<\/tr>\n<tr>\n<td>PAK\u0130STAN (PAKISTAN)<\/td>\n<td>MALEZYA (MALAYSIA)<\/td>\n<\/tr>\n<tr>\n<td>N\u0130JERYA (NIGERIA)<\/td>\n<td><\/td>\n<\/tr>\n<\/tbody>\n<\/table>\n<p>&nbsp;<\/p>\n<table border=\"1\" cellspacing=\"0\" cellpadding=\"0\">\n<tbody>\n<tr>\n<td colspan=\"2\">\n<p align=\"center\"><strong>\u00d6ZEL MEN\u015eE BELGES\u0130 (FORM.A) BELGES\u0130 D\u00dcZENLENEN \u00dcLKELER<\/strong><\/p>\n<\/td>\n<\/tr>\n<tr>\n<td>JAPONYA (JAPAN)<\/td>\n<td>AMER\u0130KA (U.S.A.)<\/td>\n<\/tr>\n<tr>\n<td>BEYAZ RUSYA (BELARUS)<\/td>\n<td>AVUSTURALYA (AUSTRALIA)<\/td>\n<\/tr>\n<tr>\n<td>RUSYA FEDERASYONU (RUSSIAN FEDERATION)<\/td>\n<td>KANADA (CANADA)<\/td>\n<\/tr>\n<tr>\n<td>UKRAYNA (UKRAINE)<\/td>\n<td>YEN\u0130 ZELANDA (NEW ZEALAND)<\/td>\n<\/tr>\n<tr>\n<td>KAZAK\u0130STAN (KAZAKHISTAN)<\/td>\n<td><\/td>\n<\/tr>\n<\/tbody>\n<\/table>\n<p>&nbsp;<\/p>\n<p><strong>Not:<\/strong><\/p>\n<p><strong>1.\u00a0\u00a0\u00a0\u00a0\u00a0\u00a0\u00a0\u00a0<\/strong><strong>T\u00fcrkiye ile Suriye Aras\u0131nda Serbest Ticaret Alan\u0131 Tesis Eden Ortakl\u0131k Anla\u015fmas\u0131 6 Aral\u0131k 2011 tarihinde ask\u0131ya al\u0131nm\u0131\u015ft\u0131r.<\/strong><\/p>\n<p><strong>2.\u00a0 \u00a0 \u00a0 \u00a0 \u00a0G\u00fcney Kore ve Singapur ile \u00fclkemiz aras\u0131nda d\u00fczenlenen serbest ticaret anla\u015fmas\u0131 gere\u011fi ihracat i\u015flemlerinde ihracat\u00e7\u0131 firmalar\u0131n tercihli ticaretten faydalanabilmesi i\u00e7in\u00a0<u>ihracat\u00e7\u0131 firmalar taraf\u0131ndan<\/u>\u00a0s\u00f6z konusu serbest ticaret anla\u015fmalar\u0131n\u0131n ekinde yer alan\u00a0<u>men\u015fe beyan\u0131<\/u>\u00a0d\u00fczenlenir.\u00a0<\/strong><\/p>\n<p><strong>3.\u00a0 \u00a0 \u00a0 \u00a0 \u00a0<\/strong><strong>A.TR Dola\u015f\u0131m Belgesi d\u00fczenlenen \u00fclkeler i\u00e7in ihra\u00e7 konusu e\u015fya i\u015flenmemi\u015f tar\u0131m \u00fcr\u00fcn\u00fc veya Avrupa K\u00f6m\u00fcr \u00c7elik Toplulu\u011fu (AK\u00c7T) listesinde yer alan bir e\u015fya olmas\u0131 halinde bu \u00fclkelere A.TR Dola\u015f\u0131m Belgesi yerine EUR.1 Dola\u015f\u0131m Belgesi d\u00fczenlenir.<\/strong><\/p>\n<p><strong>4.\u00a0\u00a0\u00a0\u00a0\u00a0\u00a0\u00a0\u00a0\u00a0<\/strong><strong>Yukar\u0131daki listede yer almayan b\u00fct\u00fcn \u00fclkeler i\u00e7in men\u015fe \u015fahadetnamesi d\u00fczenlenmektedir.<\/strong><\/p>\n<p>&nbsp;<\/p>","protected":false},"excerpt":{"rendered":"<p>Sorry, this entry is only available in Turkish. A.TR DOLA\u015eIM BELGES\u0130 D\u00dcZENLENEN AVRUPA B\u0130RL\u0130\u011e\u0130 \u00dcLKELER\u0130 ALMANYA (GERMANY) HOLLANDA (NETHERLANDS) MACAR\u0130STAN (HUNGARY) AVUSTURYA (AUSTRIA) \u0130NG\u0130LTERE (UNITED KINGDOM) MALTA (MALTA) BEL\u00c7\u0130KA (BELGIUM) \u0130RLANDA (IRELAND) POLONYA (POLAND) BULGAR\u0130STAN (BULGARIA) \u0130SPANYA (SPAIN) PORTEK\u0130Z (PORTUGAL) \u00c7EK CUMHUR\u0130YET\u0130 (CZECH REPUBLIC) \u0130SVE\u00c7 (SWEDEN) ROMANYA (ROMANIA) DAN\u0130MARKA (DENMARK) \u0130TALYA (ITALY) SLOVAKYA (SLOVAKIA) ESTONYA [&hellip;]<\/p>\n","protected":false},"author":3,"featured_media":0,"parent":8348,"menu_order":0,"comment_status":"closed","ping_status":"closed","template":"","meta":{"footnotes":""},"class_list":["post-6565","page","type-page","status-publish","hentry"],"_links":{"self":[{"href":"https:\/\/www.safranbolutso.org.tr\/en\/wp-json\/wp\/v2\/pages\/6565","targetHints":{"allow":["GET"]}}],"collection":[{"href":"https:\/\/www.safranbolutso.org.tr\/en\/wp-json\/wp\/v2\/pages"}],"about":[{"href":"https:\/\/www.safranbolutso.org.tr\/en\/wp-json\/wp\/v2\/types\/page"}],"author":[{"embeddable":true,"href":"https:\/\/www.safranbolutso.org.tr\/en\/wp-json\/wp\/v2\/users\/3"}],"replies":[{"embeddable":true,"href":"https:\/\/www.safranbolutso.org.tr\/en\/wp-json\/wp\/v2\/comments?post=6565"}],"version-history":[{"count":0,"href":"https:\/\/www.safranbolutso.org.tr\/en\/wp-json\/wp\/v2\/pages\/6565\/revisions"}],"up":[{"embeddable":true,"href":"https:\/\/www.safranbolutso.org.tr\/en\/wp-json\/wp\/v2\/pages\/8348"}],"wp:attachment":[{"href":"https:\/\/www.safranbolutso.org.tr\/en\/wp-json\/wp\/v2\/media?parent=6565"}],"curies":[{"name":"wp","href":"https:\/\/api.w.org\/{rel}","templated":true}]}}