{"id":7489,"date":"2019-12-20T16:52:59","date_gmt":"2019-12-20T13:52:59","guid":{"rendered":"https:\/\/www.safranbolutso.org.tr\/?page_id=7489"},"modified":"2020-03-12T22:42:07","modified_gmt":"2020-03-12T19:42:07","slug":"iktisadi-isletme","status":"publish","type":"page","link":"https:\/\/www.safranbolutso.org.tr\/en\/tescil-ve-kayit-2\/iktisadi-isletme\/","title":{"rendered":"\u0130ktisadi \u0130\u015fletme"},"content":{"rendered":"<p class=\"qtranxs-available-languages-message qtranxs-available-languages-message-en\">Sorry, this entry is only available in <a href=\"https:\/\/www.safranbolutso.org.tr\/tr\/wp-json\/wp\/v2\/pages\/7489\" class=\"qtranxs-available-language-link qtranxs-available-language-link-tr\" title=\"Turkish\">Turkish<\/a>.<\/p><p><\/p>\n<ul>\n<li><a href=\"https:\/\/www.safranbolutso.org.tr\/wp-content\/uploads\/evraklar\/\u0130ktisadi \u0130\u015fletme\/DERNEK VAKIF \u0130KT\u0130SAD\u0130 \u0130\u015eLETME KURULU\u015e TESC\u0130L\u0130NDE \u0130STENECEK EVRAKLAR.docx\">DERNEK VAKIF \u0130KT\u0130SAD\u0130 \u0130\u015eLETME KURULU\u015e TESC\u0130L\u0130NDE \u0130STENECEK EVRAKLAR<\/a><\/li>\n<li><a href=\"https:\/\/www.safranbolutso.org.tr\/wp-content\/uploads\/evraklar\/\u0130ktisadi \u0130\u015fletme\/DERNEK-VAKIF \u0130KT\u0130SAD\u0130 \u0130\u015eLETME TERK\u0130NTESC\u0130L\u0130NDE \u0130STENECEK EVRAKLAR.docx\">DERNEK-VAKIF \u0130KT\u0130SAD\u0130 \u0130\u015eLETME TERK\u0130NTESC\u0130L\u0130NDE \u0130STENECEK EVRAKLAR<\/a><\/li>\n<\/ul>\n<p><\/p>","protected":false},"excerpt":{"rendered":"<p>Sorry, this entry is only available in Turkish. DERNEK VAKIF \u0130KT\u0130SAD\u0130 \u0130\u015eLETME KURULU\u015e TESC\u0130L\u0130NDE \u0130STENECEK EVRAKLAR DERNEK-VAKIF \u0130KT\u0130SAD\u0130 \u0130\u015eLETME TERK\u0130NTESC\u0130L\u0130NDE \u0130STENECEK EVRAKLAR<\/p>\n","protected":false},"author":3,"featured_media":0,"parent":8192,"menu_order":0,"comment_status":"closed","ping_status":"closed","template":"","meta":{"footnotes":""},"class_list":["post-7489","page","type-page","status-publish","hentry"],"_links":{"self":[{"href":"https:\/\/www.safranbolutso.org.tr\/en\/wp-json\/wp\/v2\/pages\/7489","targetHints":{"allow":["GET"]}}],"collection":[{"href":"https:\/\/www.safranbolutso.org.tr\/en\/wp-json\/wp\/v2\/pages"}],"about":[{"href":"https:\/\/www.safranbolutso.org.tr\/en\/wp-json\/wp\/v2\/types\/page"}],"author":[{"embeddable":true,"href":"https:\/\/www.safranbolutso.org.tr\/en\/wp-json\/wp\/v2\/users\/3"}],"replies":[{"embeddable":true,"href":"https:\/\/www.safranbolutso.org.tr\/en\/wp-json\/wp\/v2\/comments?post=7489"}],"version-history":[{"count":0,"href":"https:\/\/www.safranbolutso.org.tr\/en\/wp-json\/wp\/v2\/pages\/7489\/revisions"}],"up":[{"embeddable":true,"href":"https:\/\/www.safranbolutso.org.tr\/en\/wp-json\/wp\/v2\/pages\/8192"}],"wp:attachment":[{"href":"https:\/\/www.safranbolutso.org.tr\/en\/wp-json\/wp\/v2\/media?parent=7489"}],"curies":[{"name":"wp","href":"https:\/\/api.w.org\/{rel}","templated":true}]}}