{"id":8121,"date":"2020-03-03T13:23:50","date_gmt":"2020-03-03T10:23:50","guid":{"rendered":"https:\/\/www.safranbolutso.org.tr\/?page_id=8121"},"modified":"2020-03-03T13:31:38","modified_gmt":"2020-03-03T10:31:38","slug":"acil-durum-toplanma-alanlari","status":"publish","type":"page","link":"https:\/\/www.safranbolutso.org.tr\/en\/acil-durum-toplanma-alanlari\/","title":{"rendered":"Acil Durum Toplanma Alanlar\u0131"},"content":{"rendered":"\t\t<div data-elementor-type=\"wp-page\" data-elementor-id=\"8121\" class=\"elementor elementor-8121\" data-elementor-settings=\"[]\">\n\t\t\t<div class=\"elementor-inner\">\n\t\t\t\t<div class=\"elementor-section-wrap\">\n\t\t\t\t\t\t\t<section class=\"elementor-element elementor-element-5b34c04b elementor-section-boxed elementor-section-height-default elementor-section-height-default elementor-section elementor-top-section\" data-id=\"5b34c04b\" data-element_type=\"section\">\n\t\t\t\t\t\t<div class=\"elementor-container elementor-column-gap-default\">\n\t\t\t\t<div class=\"elementor-row\">\n\t\t\t\t<div class=\"elementor-element elementor-element-3f9389b8 elementor-column elementor-col-100 elementor-top-column\" data-id=\"3f9389b8\" data-element_type=\"column\">\n\t\t\t<div class=\"elementor-column-wrap  elementor-element-populated\">\n\t\t\t\t\t<div class=\"elementor-widget-wrap\">\n\t\t\t\t<div class=\"elementor-element elementor-element-bf9488a elementor-widget elementor-widget-heading\" data-id=\"bf9488a\" data-element_type=\"widget\" data-settings=\"{&quot;ekit_we_effect_on&quot;:&quot;none&quot;}\" data-widget_type=\"heading.default\">\n\t\t\t\t<div class=\"elementor-widget-container\">\n\t\t\t<h2 class=\"elementor-heading-title elementor-size-default\">Acil Durum Toplanma Alanlar\u0131<\/h2>\t\t<\/div>\n\t\t\t\t<\/div>\n\t\t\t\t<div class=\"elementor-element elementor-element-815c411 elementor-widget elementor-widget-heading\" data-id=\"815c411\" data-element_type=\"widget\" data-settings=\"{&quot;ekit_we_effect_on&quot;:&quot;none&quot;}\" data-widget_type=\"heading.default\">\n\t\t\t\t<div class=\"elementor-widget-container\">\n\t\t\t<h2 class=\"elementor-heading-title elementor-size-default\">SAFRANBOLU AC\u0130L DURUM TOPLANMA ALANLARI<\/h2>\t\t<\/div>\n\t\t\t\t<\/div>\n\t\t\t\t\t\t<\/div>\n\t\t\t<\/div>\n\t\t<\/div>\n\t\t\t\t\t\t<\/div>\n\t\t\t<\/div>\n\t\t<\/section>\n\t\t\t\t<section class=\"elementor-element elementor-element-785cb43 elementor-section-boxed elementor-section-height-default elementor-section-height-default elementor-section elementor-top-section\" data-id=\"785cb43\" data-element_type=\"section\">\n\t\t\t\t\t\t<div class=\"elementor-container elementor-column-gap-default\">\n\t\t\t\t<div class=\"elementor-row\">\n\t\t\t\t<div class=\"elementor-element elementor-element-f8cd35f elementor-column elementor-col-100 elementor-top-column\" data-id=\"f8cd35f\" data-element_type=\"column\">\n\t\t\t<div class=\"elementor-column-wrap  elementor-element-populated\">\n\t\t\t\t\t<div class=\"elementor-widget-wrap\">\n\t\t\t\t<div class=\"elementor-element elementor-element-be6e65f ee-grid-columns-2 ee-grid-columns-tablet-6 ee-grid-columns-mobile-4 ee-gallery-slider--left ee-gallery-slider--stack-tablet elementor-widget elementor-widget-gallery-slider\" data-id=\"be6e65f\" data-element_type=\"widget\" data-settings=\"{&quot;columns&quot;:&quot;2&quot;,&quot;show_thumbnails&quot;:&quot;yes&quot;,&quot;columns_tablet&quot;:&quot;6&quot;,&quot;columns_mobile&quot;:&quot;4&quot;,&quot;autoplay&quot;:&quot;yes&quot;,&quot;autoplay_speed&quot;:5000,&quot;pause_on_hover&quot;:&quot;yes&quot;,&quot;infinite&quot;:&quot;yes&quot;,&quot;adaptive_height&quot;:&quot;yes&quot;,&quot;effect&quot;:&quot;slide&quot;,&quot;speed&quot;:500,&quot;direction&quot;:&quot;ltr&quot;,&quot;ekit_we_effect_on&quot;:&quot;none&quot;}\" data-widget_type=\"gallery-slider.default\">\n\t\t\t\t<div class=\"elementor-widget-container\">\n\t\t\t\t\t<div class=\"ee-gallery-slider\">\n\t\t\t<div class=\"ee-gallery-slider__preview elementor-slick-slider\" dir=\"ltr\">\n\t\t\t\t<div class=\"elementor-image-carousel ee-carousel ee-gallery-slider__carousel ee-media-align--bottom ee-media-align--justify ee-media-effect__content-- slick-image-stretch\">\n\t\t\t\t\t<div class=\"slick-slide\"><figure class=\"slick-slide-inner ee-media ee-carousel__media\"><div class=\"ee-media__thumbnail ee-carousel__media__thumbnail\"><img decoding=\"async\" class=\"slick-slide-image\" src=\"https:\/\/www.safranbolutso.org.tr\/wp-content\/uploads\/2020\/03\/11-1.jpg\" alt=\"11\" \/><\/div><\/figure><\/div><div class=\"slick-slide\"><figure class=\"slick-slide-inner ee-media ee-carousel__media\"><div class=\"ee-media__thumbnail ee-carousel__media__thumbnail\"><img decoding=\"async\" class=\"slick-slide-image\" src=\"https:\/\/www.safranbolutso.org.tr\/wp-content\/uploads\/2020\/03\/10-1.jpg\" alt=\"10\" \/><\/div><\/figure><\/div><div class=\"slick-slide\"><figure class=\"slick-slide-inner ee-media ee-carousel__media\"><div class=\"ee-media__thumbnail ee-carousel__media__thumbnail\"><img decoding=\"async\" class=\"slick-slide-image\" src=\"https:\/\/www.safranbolutso.org.tr\/wp-content\/uploads\/2020\/03\/9-1.jpg\" alt=\"9\" \/><\/div><\/figure><\/div><div class=\"slick-slide\"><figure class=\"slick-slide-inner ee-media ee-carousel__media\"><div class=\"ee-media__thumbnail ee-carousel__media__thumbnail\"><img decoding=\"async\" class=\"slick-slide-image\" src=\"https:\/\/www.safranbolutso.org.tr\/wp-content\/uploads\/2020\/03\/8.jpg\" alt=\"8\" \/><\/div><\/figure><\/div><div class=\"slick-slide\"><figure class=\"slick-slide-inner ee-media ee-carousel__media\"><div class=\"ee-media__thumbnail ee-carousel__media__thumbnail\"><img decoding=\"async\" class=\"slick-slide-image\" src=\"https:\/\/www.safranbolutso.org.tr\/wp-content\/uploads\/2020\/03\/6.jpg\" alt=\"6\" \/><\/div><\/figure><\/div><div class=\"slick-slide\"><figure class=\"slick-slide-inner ee-media ee-carousel__media\"><div class=\"ee-media__thumbnail ee-carousel__media__thumbnail\"><img decoding=\"async\" class=\"slick-slide-image\" src=\"https:\/\/www.safranbolutso.org.tr\/wp-content\/uploads\/2020\/03\/5.jpg\" alt=\"5\" \/><\/div><\/figure><\/div><div class=\"slick-slide\"><figure class=\"slick-slide-inner ee-media ee-carousel__media\"><div class=\"ee-media__thumbnail ee-carousel__media__thumbnail\"><img decoding=\"async\" class=\"slick-slide-image\" src=\"https:\/\/www.safranbolutso.org.tr\/wp-content\/uploads\/2020\/03\/4.jpg\" alt=\"4\" \/><\/div><\/figure><\/div><div class=\"slick-slide\"><figure class=\"slick-slide-inner ee-media ee-carousel__media\"><div class=\"ee-media__thumbnail ee-carousel__media__thumbnail\"><img decoding=\"async\" class=\"slick-slide-image\" src=\"https:\/\/www.safranbolutso.org.tr\/wp-content\/uploads\/2020\/03\/3.jpg\" alt=\"3\" \/><\/div><\/figure><\/div><div class=\"slick-slide\"><figure class=\"slick-slide-inner ee-media ee-carousel__media\"><div class=\"ee-media__thumbnail ee-carousel__media__thumbnail\"><img decoding=\"async\" class=\"slick-slide-image\" src=\"https:\/\/www.safranbolutso.org.tr\/wp-content\/uploads\/2020\/03\/2.jpg\" alt=\"2\" \/><\/div><\/figure><\/div><div class=\"slick-slide\"><figure class=\"slick-slide-inner ee-media ee-carousel__media\"><div class=\"ee-media__thumbnail ee-carousel__media__thumbnail\"><img decoding=\"async\" class=\"slick-slide-image\" src=\"https:\/\/www.safranbolutso.org.tr\/wp-content\/uploads\/2020\/03\/1.jpg\" alt=\"1\" \/><\/div><\/figure><\/div>\t\t\t\t<\/div>\n\t\t\t<\/div>\n\n\t\t\t\t\t\t<div class=\"ee-gallery-slider__gallery\">\n\t\t\t\t<div class=\"ee-gallery ee-grid ee-grid--gallery ee-gallery__gallery ee-media-align-- ee-media-align-- ee-media-effect__content--\">\n\t\t\t\t\t\n\t\t\t<div class=\"ee-gallery__item ee-grid__item\">\n\n\t\t\t\t<figure class=\"ee-media ee-gallery__media\">\n\t\t\t\t\t<div class=\"ee-media__wrapper ee-gallery__media-wrapper\">\n\t\t\t\t\t\t<div class=\"ee-media__thumbnail ee-gallery__media__thumbnail\">\n\t\t\t<img loading=\"lazy\" decoding=\"async\" width=\"320\" height=\"180\" src=\"https:\/\/www.safranbolutso.org.tr\/wp-content\/uploads\/2020\/03\/11-1-320x180.jpg\" class=\"attachment-thumbnail size-thumbnail\" alt=\"\" \/>\t\t<\/div>\t\t\t\t\t\t<div class=\"ee-media__overlay ee-gallery__media__overlay\"><\/div>\t\t\t\t\t\t<figcaption class=\"ee-media__content ee-gallery__media__content\">\n\t\t\t<div class=\"wp-caption-text ee-media__content__caption ee-gallery__media__caption\">\n\t\t\t\t\t\t\t<\/div>\n\t\t<\/figcaption>\t\t\t\t\t<\/div>\n\t\t\t\t<\/figure>\n\t\t\t\t\n\t\t\t<\/div>\n\n\t\t\n\t\t\t<div class=\"ee-gallery__item ee-grid__item\">\n\n\t\t\t\t<figure class=\"ee-media ee-gallery__media\">\n\t\t\t\t\t<div class=\"ee-media__wrapper ee-gallery__media-wrapper\">\n\t\t\t\t\t\t<div class=\"ee-media__thumbnail ee-gallery__media__thumbnail\">\n\t\t\t<img loading=\"lazy\" decoding=\"async\" width=\"320\" height=\"180\" src=\"https:\/\/www.safranbolutso.org.tr\/wp-content\/uploads\/2020\/03\/10-1-320x180.jpg\" class=\"attachment-thumbnail size-thumbnail\" alt=\"\" \/>\t\t<\/div>\t\t\t\t\t\t<div class=\"ee-media__overlay ee-gallery__media__overlay\"><\/div>\t\t\t\t\t\t<figcaption class=\"ee-media__content ee-gallery__media__content\">\n\t\t\t<div class=\"wp-caption-text ee-media__content__caption ee-gallery__media__caption\">\n\t\t\t\t\t\t\t<\/div>\n\t\t<\/figcaption>\t\t\t\t\t<\/div>\n\t\t\t\t<\/figure>\n\t\t\t\t\n\t\t\t<\/div>\n\n\t\t\n\t\t\t<div class=\"ee-gallery__item ee-grid__item\">\n\n\t\t\t\t<figure class=\"ee-media ee-gallery__media\">\n\t\t\t\t\t<div class=\"ee-media__wrapper ee-gallery__media-wrapper\">\n\t\t\t\t\t\t<div class=\"ee-media__thumbnail ee-gallery__media__thumbnail\">\n\t\t\t<img loading=\"lazy\" decoding=\"async\" width=\"320\" height=\"180\" src=\"https:\/\/www.safranbolutso.org.tr\/wp-content\/uploads\/2020\/03\/9-1-320x180.jpg\" class=\"attachment-thumbnail size-thumbnail\" alt=\"\" \/>\t\t<\/div>\t\t\t\t\t\t<div class=\"ee-media__overlay ee-gallery__media__overlay\"><\/div>\t\t\t\t\t\t<figcaption class=\"ee-media__content ee-gallery__media__content\">\n\t\t\t<div class=\"wp-caption-text ee-media__content__caption ee-gallery__media__caption\">\n\t\t\t\t\t\t\t<\/div>\n\t\t<\/figcaption>\t\t\t\t\t<\/div>\n\t\t\t\t<\/figure>\n\t\t\t\t\n\t\t\t<\/div>\n\n\t\t\n\t\t\t<div class=\"ee-gallery__item ee-grid__item\">\n\n\t\t\t\t<figure class=\"ee-media ee-gallery__media\">\n\t\t\t\t\t<div class=\"ee-media__wrapper ee-gallery__media-wrapper\">\n\t\t\t\t\t\t<div class=\"ee-media__thumbnail ee-gallery__media__thumbnail\">\n\t\t\t<img loading=\"lazy\" decoding=\"async\" width=\"320\" height=\"180\" src=\"https:\/\/www.safranbolutso.org.tr\/wp-content\/uploads\/2020\/03\/8-320x180.jpg\" class=\"attachment-thumbnail size-thumbnail\" alt=\"\" \/>\t\t<\/div>\t\t\t\t\t\t<div class=\"ee-media__overlay ee-gallery__media__overlay\"><\/div>\t\t\t\t\t\t<figcaption class=\"ee-media__content ee-gallery__media__content\">\n\t\t\t<div class=\"wp-caption-text ee-media__content__caption ee-gallery__media__caption\">\n\t\t\t\t\t\t\t<\/div>\n\t\t<\/figcaption>\t\t\t\t\t<\/div>\n\t\t\t\t<\/figure>\n\t\t\t\t\n\t\t\t<\/div>\n\n\t\t\n\t\t\t<div class=\"ee-gallery__item ee-grid__item\">\n\n\t\t\t\t<figure class=\"ee-media ee-gallery__media\">\n\t\t\t\t\t<div class=\"ee-media__wrapper ee-gallery__media-wrapper\">\n\t\t\t\t\t\t<div class=\"ee-media__thumbnail ee-gallery__media__thumbnail\">\n\t\t\t<img loading=\"lazy\" decoding=\"async\" width=\"320\" height=\"180\" src=\"https:\/\/www.safranbolutso.org.tr\/wp-content\/uploads\/2020\/03\/6-320x180.jpg\" class=\"attachment-thumbnail size-thumbnail\" alt=\"\" \/>\t\t<\/div>\t\t\t\t\t\t<div class=\"ee-media__overlay ee-gallery__media__overlay\"><\/div>\t\t\t\t\t\t<figcaption class=\"ee-media__content ee-gallery__media__content\">\n\t\t\t<div class=\"wp-caption-text ee-media__content__caption ee-gallery__media__caption\">\n\t\t\t\t\t\t\t<\/div>\n\t\t<\/figcaption>\t\t\t\t\t<\/div>\n\t\t\t\t<\/figure>\n\t\t\t\t\n\t\t\t<\/div>\n\n\t\t\n\t\t\t<div class=\"ee-gallery__item ee-grid__item\">\n\n\t\t\t\t<figure class=\"ee-media ee-gallery__media\">\n\t\t\t\t\t<div class=\"ee-media__wrapper ee-gallery__media-wrapper\">\n\t\t\t\t\t\t<div class=\"ee-media__thumbnail ee-gallery__media__thumbnail\">\n\t\t\t<img loading=\"lazy\" decoding=\"async\" width=\"320\" height=\"180\" src=\"https:\/\/www.safranbolutso.org.tr\/wp-content\/uploads\/2020\/03\/5-320x180.jpg\" class=\"attachment-thumbnail size-thumbnail\" alt=\"\" \/>\t\t<\/div>\t\t\t\t\t\t<div class=\"ee-media__overlay ee-gallery__media__overlay\"><\/div>\t\t\t\t\t\t<figcaption class=\"ee-media__content ee-gallery__media__content\">\n\t\t\t<div class=\"wp-caption-text ee-media__content__caption ee-gallery__media__caption\">\n\t\t\t\t\t\t\t<\/div>\n\t\t<\/figcaption>\t\t\t\t\t<\/div>\n\t\t\t\t<\/figure>\n\t\t\t\t\n\t\t\t<\/div>\n\n\t\t\n\t\t\t<div class=\"ee-gallery__item ee-grid__item\">\n\n\t\t\t\t<figure class=\"ee-media ee-gallery__media\">\n\t\t\t\t\t<div class=\"ee-media__wrapper ee-gallery__media-wrapper\">\n\t\t\t\t\t\t<div class=\"ee-media__thumbnail ee-gallery__media__thumbnail\">\n\t\t\t<img loading=\"lazy\" decoding=\"async\" width=\"320\" height=\"180\" src=\"https:\/\/www.safranbolutso.org.tr\/wp-content\/uploads\/2020\/03\/4-320x180.jpg\" class=\"attachment-thumbnail size-thumbnail\" alt=\"\" \/>\t\t<\/div>\t\t\t\t\t\t<div class=\"ee-media__overlay ee-gallery__media__overlay\"><\/div>\t\t\t\t\t\t<figcaption class=\"ee-media__content ee-gallery__media__content\">\n\t\t\t<div class=\"wp-caption-text ee-media__content__caption ee-gallery__media__caption\">\n\t\t\t\t\t\t\t<\/div>\n\t\t<\/figcaption>\t\t\t\t\t<\/div>\n\t\t\t\t<\/figure>\n\t\t\t\t\n\t\t\t<\/div>\n\n\t\t\n\t\t\t<div class=\"ee-gallery__item ee-grid__item\">\n\n\t\t\t\t<figure class=\"ee-media ee-gallery__media\">\n\t\t\t\t\t<div class=\"ee-media__wrapper ee-gallery__media-wrapper\">\n\t\t\t\t\t\t<div class=\"ee-media__thumbnail ee-gallery__media__thumbnail\">\n\t\t\t<img loading=\"lazy\" decoding=\"async\" width=\"320\" height=\"180\" src=\"https:\/\/www.safranbolutso.org.tr\/wp-content\/uploads\/2020\/03\/3-320x180.jpg\" class=\"attachment-thumbnail size-thumbnail\" alt=\"\" \/>\t\t<\/div>\t\t\t\t\t\t<div class=\"ee-media__overlay ee-gallery__media__overlay\"><\/div>\t\t\t\t\t\t<figcaption class=\"ee-media__content ee-gallery__media__content\">\n\t\t\t<div class=\"wp-caption-text ee-media__content__caption ee-gallery__media__caption\">\n\t\t\t\t\t\t\t<\/div>\n\t\t<\/figcaption>\t\t\t\t\t<\/div>\n\t\t\t\t<\/figure>\n\t\t\t\t\n\t\t\t<\/div>\n\n\t\t\n\t\t\t<div class=\"ee-gallery__item ee-grid__item\">\n\n\t\t\t\t<figure class=\"ee-media ee-gallery__media\">\n\t\t\t\t\t<div class=\"ee-media__wrapper ee-gallery__media-wrapper\">\n\t\t\t\t\t\t<div class=\"ee-media__thumbnail ee-gallery__media__thumbnail\">\n\t\t\t<img loading=\"lazy\" decoding=\"async\" width=\"320\" height=\"180\" src=\"https:\/\/www.safranbolutso.org.tr\/wp-content\/uploads\/2020\/03\/2-320x180.jpg\" class=\"attachment-thumbnail size-thumbnail\" alt=\"\" \/>\t\t<\/div>\t\t\t\t\t\t<div class=\"ee-media__overlay ee-gallery__media__overlay\"><\/div>\t\t\t\t\t\t<figcaption class=\"ee-media__content ee-gallery__media__content\">\n\t\t\t<div class=\"wp-caption-text ee-media__content__caption ee-gallery__media__caption\">\n\t\t\t\t\t\t\t<\/div>\n\t\t<\/figcaption>\t\t\t\t\t<\/div>\n\t\t\t\t<\/figure>\n\t\t\t\t\n\t\t\t<\/div>\n\n\t\t\n\t\t\t<div class=\"ee-gallery__item ee-grid__item\">\n\n\t\t\t\t<figure class=\"ee-media ee-gallery__media\">\n\t\t\t\t\t<div class=\"ee-media__wrapper ee-gallery__media-wrapper\">\n\t\t\t\t\t\t<div class=\"ee-media__thumbnail ee-gallery__media__thumbnail\">\n\t\t\t<img loading=\"lazy\" decoding=\"async\" width=\"320\" height=\"180\" src=\"https:\/\/www.safranbolutso.org.tr\/wp-content\/uploads\/2020\/03\/1-320x180.jpg\" class=\"attachment-thumbnail size-thumbnail\" alt=\"\" \/>\t\t<\/div>\t\t\t\t\t\t<div class=\"ee-media__overlay ee-gallery__media__overlay\"><\/div>\t\t\t\t\t\t<figcaption class=\"ee-media__content ee-gallery__media__content\">\n\t\t\t<div class=\"wp-caption-text ee-media__content__caption ee-gallery__media__caption\">\n\t\t\t\t\t\t\t<\/div>\n\t\t<\/figcaption>\t\t\t\t\t<\/div>\n\t\t\t\t<\/figure>\n\t\t\t\t\n\t\t\t<\/div>\n\n\t\t\t\t\t\t<\/div>\n\t\t\t<\/div>\n\t\t\t\t\t<\/div>\n\t\t\t\t<\/div>\n\t\t\t\t<\/div>\n\t\t\t\t\t\t<\/div>\n\t\t\t<\/div>\n\t\t<\/div>\n\t\t\t\t\t\t<\/div>\n\t\t\t<\/div>\n\t\t<\/section>\n\t\t\t\t<section class=\"elementor-element elementor-element-73e6742 elementor-section-boxed elementor-section-height-default elementor-section-height-default elementor-section elementor-top-section\" data-id=\"73e6742\" data-element_type=\"section\">\n\t\t\t\t\t\t<div class=\"elementor-container elementor-column-gap-default\">\n\t\t\t\t<div class=\"elementor-row\">\n\t\t\t\t<div class=\"elementor-element elementor-element-50cb2c3 elementor-column elementor-col-100 elementor-top-column\" data-id=\"50cb2c3\" data-element_type=\"column\">\n\t\t\t<div class=\"elementor-column-wrap  elementor-element-populated\">\n\t\t\t\t\t<div class=\"elementor-widget-wrap\">\n\t\t\t\t<div class=\"elementor-element elementor-element-3bde538 elementor-widget elementor-widget-heading\" data-id=\"3bde538\" data-element_type=\"widget\" data-settings=\"{&quot;ekit_we_effect_on&quot;:&quot;none&quot;}\" data-widget_type=\"heading.default\">\n\t\t\t\t<div class=\"elementor-widget-container\">\n\t\t\t<h2 class=\"elementor-heading-title elementor-size-default\">EFLAN\u0130 AC\u0130L DURUM TOPLANMA ALANLARI<\/h2>\t\t<\/div>\n\t\t\t\t<\/div>\n\t\t\t\t\t\t<\/div>\n\t\t\t<\/div>\n\t\t<\/div>\n\t\t\t\t\t\t<\/div>\n\t\t\t<\/div>\n\t\t<\/section>\n\t\t\t\t<section class=\"elementor-element elementor-element-b21f650 elementor-section-boxed elementor-section-height-default elementor-section-height-default elementor-section elementor-top-section\" data-id=\"b21f650\" data-element_type=\"section\">\n\t\t\t\t\t\t<div class=\"elementor-container elementor-column-gap-default\">\n\t\t\t\t<div class=\"elementor-row\">\n\t\t\t\t<div class=\"elementor-element elementor-element-8883e54 elementor-column elementor-col-100 elementor-top-column\" data-id=\"8883e54\" data-element_type=\"column\">\n\t\t\t<div class=\"elementor-column-wrap  elementor-element-populated\">\n\t\t\t\t\t<div class=\"elementor-widget-wrap\">\n\t\t\t\t<div class=\"elementor-element elementor-element-a7d0d3c ee-grid-columns-2 ee-grid-columns-tablet-6 ee-grid-columns-mobile-4 ee-gallery-slider--left ee-gallery-slider--stack-tablet elementor-widget elementor-widget-gallery-slider\" data-id=\"a7d0d3c\" data-element_type=\"widget\" data-settings=\"{&quot;columns&quot;:&quot;2&quot;,&quot;show_thumbnails&quot;:&quot;yes&quot;,&quot;columns_tablet&quot;:&quot;6&quot;,&quot;columns_mobile&quot;:&quot;4&quot;,&quot;autoplay&quot;:&quot;yes&quot;,&quot;autoplay_speed&quot;:5000,&quot;pause_on_hover&quot;:&quot;yes&quot;,&quot;infinite&quot;:&quot;yes&quot;,&quot;adaptive_height&quot;:&quot;yes&quot;,&quot;effect&quot;:&quot;slide&quot;,&quot;speed&quot;:500,&quot;direction&quot;:&quot;ltr&quot;,&quot;ekit_we_effect_on&quot;:&quot;none&quot;}\" data-widget_type=\"gallery-slider.default\">\n\t\t\t\t<div class=\"elementor-widget-container\">\n\t\t\t\t\t<div class=\"ee-gallery-slider\">\n\t\t\t<div class=\"ee-gallery-slider__preview elementor-slick-slider\" dir=\"ltr\">\n\t\t\t\t<div class=\"elementor-image-carousel ee-carousel ee-gallery-slider__carousel ee-media-align--bottom ee-media-align--justify ee-media-effect__content-- slick-image-stretch\">\n\t\t\t\t\t<div class=\"slick-slide\"><figure class=\"slick-slide-inner ee-media ee-carousel__media\"><div class=\"ee-media__thumbnail ee-carousel__media__thumbnail\"><img decoding=\"async\" class=\"slick-slide-image\" src=\"https:\/\/www.safranbolutso.org.tr\/wp-content\/uploads\/2020\/03\/12.jpg\" alt=\"12\" \/><\/div><\/figure><\/div>\t\t\t\t<\/div>\n\t\t\t<\/div>\n\n\t\t\t\t\t\t<div class=\"ee-gallery-slider__gallery\">\n\t\t\t\t<div class=\"ee-gallery ee-grid ee-grid--gallery ee-gallery__gallery ee-media-align-- ee-media-align-- ee-media-effect__content--\">\n\t\t\t\t\t\n\t\t\t<div class=\"ee-gallery__item ee-grid__item\">\n\n\t\t\t\t<figure class=\"ee-media ee-gallery__media\">\n\t\t\t\t\t<div class=\"ee-media__wrapper ee-gallery__media-wrapper\">\n\t\t\t\t\t\t<div class=\"ee-media__thumbnail ee-gallery__media__thumbnail\">\n\t\t\t<img loading=\"lazy\" decoding=\"async\" width=\"320\" height=\"180\" src=\"https:\/\/www.safranbolutso.org.tr\/wp-content\/uploads\/2020\/03\/12-320x180.jpg\" class=\"attachment-thumbnail size-thumbnail\" alt=\"\" \/>\t\t<\/div>\t\t\t\t\t\t<div class=\"ee-media__overlay ee-gallery__media__overlay\"><\/div>\t\t\t\t\t\t<figcaption class=\"ee-media__content ee-gallery__media__content\">\n\t\t\t<div class=\"wp-caption-text ee-media__content__caption ee-gallery__media__caption\">\n\t\t\t\t\t\t\t<\/div>\n\t\t<\/figcaption>\t\t\t\t\t<\/div>\n\t\t\t\t<\/figure>\n\t\t\t\t\n\t\t\t<\/div>\n\n\t\t\t\t\t\t<\/div>\n\t\t\t<\/div>\n\t\t\t\t\t<\/div>\n\t\t\t\t<\/div>\n\t\t\t\t<\/div>\n\t\t\t\t\t\t<\/div>\n\t\t\t<\/div>\n\t\t<\/div>\n\t\t\t\t\t\t<\/div>\n\t\t\t<\/div>\n\t\t<\/section>\n\t\t\t\t\t\t<\/div>\n\t\t\t<\/div>\n\t\t<\/div>\n\t\t","protected":false},"excerpt":{"rendered":"<p>Acil Durum Toplanma Alanlar\u0131 SAFRANBOLU AC\u0130L DURUM TOPLANMA ALANLARI EFLAN\u0130 AC\u0130L DURUM TOPLANMA ALANLARI<\/p>\n","protected":false},"author":3,"featured_media":0,"parent":0,"menu_order":0,"comment_status":"closed","ping_status":"closed","template":"elementor_header_footer","meta":{"footnotes":""},"class_list":["post-8121","page","type-page","status-publish","hentry"],"_links":{"self":[{"href":"https:\/\/www.safranbolutso.org.tr\/en\/wp-json\/wp\/v2\/pages\/8121","targetHints":{"allow":["GET"]}}],"collection":[{"href":"https:\/\/www.safranbolutso.org.tr\/en\/wp-json\/wp\/v2\/pages"}],"about":[{"href":"https:\/\/www.safranbolutso.org.tr\/en\/wp-json\/wp\/v2\/types\/page"}],"author":[{"embeddable":true,"href":"https:\/\/www.safranbolutso.org.tr\/en\/wp-json\/wp\/v2\/users\/3"}],"replies":[{"embeddable":true,"href":"https:\/\/www.safranbolutso.org.tr\/en\/wp-json\/wp\/v2\/comments?post=8121"}],"version-history":[{"count":0,"href":"https:\/\/www.safranbolutso.org.tr\/en\/wp-json\/wp\/v2\/pages\/8121\/revisions"}],"wp:attachment":[{"href":"https:\/\/www.safranbolutso.org.tr\/en\/wp-json\/wp\/v2\/media?parent=8121"}],"curies":[{"name":"wp","href":"https:\/\/api.w.org\/{rel}","templated":true}]}}